{"id":2113,"date":"2018-12-09T17:21:52","date_gmt":"2018-12-09T16:21:52","guid":{"rendered":"https:\/\/a-corros.fr\/comprendre-le-processus-de-corrosion-lexplication-de-nos-experts\/"},"modified":"2019-03-14T14:37:19","modified_gmt":"2019-03-14T13:37:19","slug":"traitement-corrosion","status":"publish","type":"page","link":"https:\/\/a-corros.fr\/en\/traitement-corrosion\/","title":{"rendered":"Le bon traitement de la corrosion apr\u00e8s son diagnostic"},"content":{"rendered":"\n<p class=\"chapo\">Ph\u00e9nom\u00e8ne physique naturel, la corrosion peut provoquer la d\u00e9gradation pr\u00e9matur\u00e9e d\u2019\u00e9quipements m\u00e9talliques ou constitu\u00e9s de composants m\u00e9talliques. La protection par des traitement anti-corrosion est par cons\u00e9quent la cl\u00e9 de la durabilit\u00e9 de ces \u00e9quipements et de leur fiabilit\u00e9. En tant qu\u2019experts en corrosion, nos \u00e9quipes sont aptes \u00e0 vous orienter vers un traitement de la corrosion optimal quel que soit le type d\u2019\u00e9quipement m\u00e9tallique concern\u00e9 apr\u00e8s avoir proc\u00e9d\u00e9 \u00e0 un <a href=\"http:\/\/www.a-corros.fr\/moyen_materiels_corrosion.php\">diagnostic corrosion<\/a> complet. D\u00e9couvrez notre point complet sur les principaux traitements de la corrosion existants, leur efficacit\u00e9 et la norme europ\u00e9enne qui s\u2019y rattache.<\/p>\n\n\n\n<h2 class=\"wp-block-heading\">La peinture anti-corrosion <\/h2>\n\n\n\n<p>Moyen simple et efficace d\u2019assurer une protection contre la corrosion, la peinture anti-corrosion a pour but de prot\u00e9ger le m\u00e9tal de l\u2019oxydation ainsi que des agressions chimiques. En effet, les diff\u00e9rentes r\u00e9sines employ\u00e9es permettent d\u2019apporter une r\u00e9ponse cibl\u00e9e aux diff\u00e9rentes agressions. Les syst\u00e8mes de peinture peuvent se composer&nbsp;:<\/p>\n\n\n\n<ul class=\"wp-block-list\"><li>D\u2019une couche primaire (\u00e0 base de particules de zinc ou d\u2019oxydes de fer) servant de base d\u2019accrochage au rev\u00eatement organique<\/li><li>D\u2019une couche interm\u00e9diaire destin\u00e9e \u00e0 bloquer toute infiltration d\u2019eau<\/li><li>D\u2019une couche de finition pour offrir une protection \u00e0 la couche interm\u00e9diaire et soigner l\u2019aspect<\/li><\/ul>\n\n\n\n<p>Expertes dans l\u2019application de rev\u00eatements techniques anti-corrosion, nos \u00e9quipes peuvent intervenir efficacement sur les chantiers les plus exigeants pour \u0153uvrer \u00e0 la pr\u00e9servation de vos \u00e9quipements m\u00e9talliques.<\/p>\n\n\n\n<h2 class=\"wp-block-heading\">Le traitement de surface de la corrosion <\/h2>\n\n\n\n<p>Un traitement de surface de haute qualit\u00e9 se r\u00e9v\u00e8le essentiel pour prot\u00e9ger les composants en m\u00e9tal de la corrosion et assurer la durabilit\u00e9 des \u00e9quipements. Ce traitement varie en fonction du degr\u00e9 d\u2019agressivit\u00e9 de l\u2019environnement en pr\u00e9sence (marin, industriel, urbain, \u2026). D\u2019autres param\u00e8tres peuvent \u00e9galement entrer en jeu lors du choix du traitement de surface optimal de la corrosion : \u00e9tat du b\u00e2timent, type de bardage, conditions d\u2019exposition\u2026 S\u2019il existe diff\u00e9rents proc\u00e9d\u00e9s de traitement anti-corrosion, certains sont particuli\u00e8rement connus :<\/p>\n\n\n\n<ul class=\"wp-block-list\"><li>La galvanisation \u00e0 chaud : cette m\u00e9thode permet de prot\u00e9ger l\u2019acier et le zinc en effectuant un rev\u00eatement via une r\u00e9action m\u00e9tallique de fusion entre le zinc et le fer. Sans \u00eatre recouvert de peinture, un ouvrage trait\u00e9 par galvanisation \u00e0 chaud peut \u00eatre directement expos\u00e9 \u00e0 tous les types de climat. Cette technique offre en effet une protection absolue de l\u2019ensemble des surfaces incluant \u00e9galement les corps creux.<\/li><li>Le thermolaquage : apr\u00e8s pr\u00e9paration de la surface \u00e0 traiter, application par pulv\u00e9risation \u00e9lectrostatique d\u2019une peinture poudre thermodurcissable. Les poudres utilis\u00e9es peuvent \u00eatre fabriqu\u00e9es \u00e0 base de r\u00e9sine \u00e9poxy (r\u00e9sistante \u00e0 certains agents chimiques), de r\u00e9sine polyester (r\u00e9sistante aux rayons UV) ou d\u2019un m\u00e9lange des deux.<\/li><li>La m\u00e9tallisation : syst\u00e8me de protection anti-corrosion consistant \u00e0 d\u00e9poser des \u00e9paisseurs de zinc sur l\u2019\u00e9quipement m\u00e9tallique en utilisant un pistolet \u00e0 flamme. En entrant en contact avec le support, les particules de m\u00e9tal fondu se lient les unes aux autres et forment une pellicule protectrice. Cette solution est id\u00e9ale pour les pi\u00e8ces grands formats inadapt\u00e9es au processus de galvanisation \u00e0 chaud.<\/li><\/ul>\n\n\n\n<p>L\u2019anodisation : ce traitement permet de prot\u00e9ger une pi\u00e8ce en aluminium via une technique d\u2019oxydation anodique. Apr\u00e8s nettoyage et d\u00e9capage, on plonge la pi\u00e8ce m\u00e9tallique dans un bain d\u2019anodisation et une couche d\u2019oxyde d\u2019aluminium peut se former par \u00e9lectrolyse. Les couches form\u00e9es en anodisation dure pr\u00e9sentent une meilleure r\u00e9sistance \u00e0 l\u2019abrasion et sont caract\u00e9ris\u00e9es par une augmentation de la duret\u00e9, de l\u2019isolement thermique et \u00e9lectrique<\/p>\n\n\n\n<h2 class=\"wp-block-heading\">La cataphor\u00e8se : le traitement par excellence de la corrosion <\/h2>\n\n\n\n<p>Technique particuli\u00e8rement efficace pour lutter contre la corrosion, la cataphor\u00e8se consiste \u00e0 proc\u00e9der \u00e0 l\u2019immersion de la pi\u00e8ce m\u00e9tallique dans un bain de peinture hydrosoluble parcourue par un courant \u00e9lectrique. Les particules de peinture peuvent ainsi se d\u00e9poser uniform\u00e9ment sur l\u2019ensemble de la surface de la pi\u00e8ce m\u00e9tallique immerg\u00e9e. Traitement anti-corrosion de haute qualit\u00e9, la cataphor\u00e8se pr\u00e9sente sept avantages principaux :<\/p>\n\n\n\n<ul class=\"wp-block-list\"><li>Forte \u00e9paisseur du film<\/li><li>Protection id\u00e9ale des ar\u00eates<\/li><li>Corps creux prot\u00e9g\u00e9s partiellement<\/li><li>Tenue excellente au brouillard salin (plus de 600 heures)<\/li><li>Application possible sur tout type de mat\u00e9riaux m\u00e9talliques<\/li><li>Filetages et taraudages prot\u00e9g\u00e9s sans sur\u00e9paisseur<\/li><\/ul>\n\n\n\n<h3 class=\"wp-block-heading\">La norme ISO 9227 : un test efficace pour \u00e9valuer la r\u00e9sistance \u00e0 la corrosion des \u00e9quipements m\u00e9talliques <\/h3>\n\n\n\n<p>Tous les produits m\u00e9talliques ou incluant des composants m\u00e9talliques sont par d\u00e9finition soumis au ph\u00e9nom\u00e8ne de corrosion. Ils doivent donc avoir une protection de surface efficace. Le test au brouillard salin permet de v\u00e9rifier la tenue \u00e0 la corrosion de tout type de pi\u00e8ces m\u00e9talliques.<\/p>\n\n\n\n<p>La norme europ\u00e9enne ISO 9227 d\u00e9crit les conditions op\u00e9ratoires dans lesquelles les essais de corrosion en vieillissement acc\u00e9l\u00e9r\u00e9 doivent \u00eatre men\u00e9s. Ces derniers simulent l\u2019exposition d\u2019un mat\u00e9riau m\u00e9tallique \u00e0 une atmosph\u00e8re agressive (milieu marin, industriel ou pollu\u00e9). On cr\u00e9e cette atmosph\u00e8re en fixant diff\u00e9rents param\u00e8tres de PH, de temp\u00e9rature, de concentration en sel et de pression. Evaluation standardis\u00e9e, le test au brouillard salin en continu permet donc d\u2019\u00e9valuer de mani\u00e8re r\u00e9aliste la r\u00e9sistance \u00e0 la corrosion d\u2019\u00e9quipements m\u00e9talliques avec ou sans rev\u00eatement de protection anticorrosion.<\/p>\n","protected":false},"excerpt":{"rendered":"<p>Ph\u00e9nom\u00e8ne physique naturel, la corrosion peut provoquer la d\u00e9gradation pr\u00e9matur\u00e9e d\u2019\u00e9quipements m\u00e9talliques ou constitu\u00e9s de composants m\u00e9talliques. La protection par des traitement anti-corrosion est par cons\u00e9quent la cl\u00e9 de la durabilit\u00e9 de ces \u00e9quipements et de leur fiabilit\u00e9. En tant qu\u2019experts en corrosion, nos \u00e9quipes sont aptes \u00e0 vous orienter vers un traitement de la&hellip;<\/p>\n","protected":false},"author":1,"featured_media":2049,"parent":0,"menu_order":0,"comment_status":"closed","ping_status":"closed","template":"","meta":{"_acf_changed":false,"footnotes":""},"class_list":["post-2113","page","type-page","status-publish","has-post-thumbnail","hentry"],"acf":[],"yoast_head":"<!-- This site is optimized with the Yoast SEO plugin v25.2 - https:\/\/yoast.com\/wordpress\/plugins\/seo\/ -->\n<title>Le traitement de la corrosion par nos experts A-Corros<\/title>\n<meta name=\"robots\" content=\"index, follow, max-snippet:-1, max-image-preview:large, max-video-preview:-1\" \/>\n<link rel=\"canonical\" href=\"https:\/\/a-corros.fr\/traitement-corrosion\/\" \/>\n<meta property=\"og:locale\" content=\"en_US\" \/>\n<meta property=\"og:type\" content=\"article\" \/>\n<meta property=\"og:title\" content=\"Le traitement de la corrosion par nos experts A-Corros\" \/>\n<meta property=\"og:description\" content=\"Ph\u00e9nom\u00e8ne physique naturel, la corrosion peut provoquer la d\u00e9gradation pr\u00e9matur\u00e9e d\u2019\u00e9quipements m\u00e9talliques ou constitu\u00e9s de composants m\u00e9talliques. La protection par des traitement anti-corrosion est par cons\u00e9quent la cl\u00e9 de la durabilit\u00e9 de ces \u00e9quipements et de leur fiabilit\u00e9. En tant qu\u2019experts en corrosion, nos \u00e9quipes sont aptes \u00e0 vous orienter vers un traitement de la&hellip;\" \/>\n<meta property=\"og:url\" content=\"https:\/\/a-corros.fr\/traitement-corrosion\/\" \/>\n<meta property=\"og:site_name\" content=\"A-Corros : diagnostic et expertise en corrosion et conservation des patrimoines\" \/>\n<meta property=\"article:modified_time\" content=\"2019-03-14T13:37:19+00:00\" \/>\n<meta property=\"og:image\" content=\"https:\/\/a-corros.fr\/wp-content\/uploads\/2018\/07\/a-corros-img3-16.jpg\" \/>\n\t<meta property=\"og:image:width\" content=\"1920\" \/>\n\t<meta property=\"og:image:height\" content=\"1440\" \/>\n\t<meta property=\"og:image:type\" content=\"image\/jpeg\" \/>\n<meta name=\"twitter:card\" content=\"summary_large_image\" \/>\n<meta name=\"twitter:label1\" content=\"Est. reading time\" \/>\n\t<meta name=\"twitter:data1\" content=\"5 minutes\" \/>\n<script type=\"application\/ld+json\" class=\"yoast-schema-graph\">{\"@context\":\"https:\/\/schema.org\",\"@graph\":[{\"@type\":\"WebPage\",\"@id\":\"https:\/\/a-corros.fr\/traitement-corrosion\/\",\"url\":\"https:\/\/a-corros.fr\/traitement-corrosion\/\",\"name\":\"Le traitement de la corrosion par nos experts A-Corros\",\"isPartOf\":{\"@id\":\"https:\/\/a-corros.fr\/#website\"},\"primaryImageOfPage\":{\"@id\":\"https:\/\/a-corros.fr\/traitement-corrosion\/#primaryimage\"},\"image\":{\"@id\":\"https:\/\/a-corros.fr\/traitement-corrosion\/#primaryimage\"},\"thumbnailUrl\":\"https:\/\/a-corros.fr\/wp-content\/uploads\/2018\/07\/a-corros-img3-16.jpg\",\"datePublished\":\"2018-12-09T16:21:52+00:00\",\"dateModified\":\"2019-03-14T13:37:19+00:00\",\"breadcrumb\":{\"@id\":\"https:\/\/a-corros.fr\/traitement-corrosion\/#breadcrumb\"},\"inLanguage\":\"en-US\",\"potentialAction\":[{\"@type\":\"ReadAction\",\"target\":[\"https:\/\/a-corros.fr\/traitement-corrosion\/\"]}]},{\"@type\":\"ImageObject\",\"inLanguage\":\"en-US\",\"@id\":\"https:\/\/a-corros.fr\/traitement-corrosion\/#primaryimage\",\"url\":\"https:\/\/a-corros.fr\/wp-content\/uploads\/2018\/07\/a-corros-img3-16.jpg\",\"contentUrl\":\"https:\/\/a-corros.fr\/wp-content\/uploads\/2018\/07\/a-corros-img3-16.jpg\",\"width\":1920,\"height\":1440},{\"@type\":\"BreadcrumbList\",\"@id\":\"https:\/\/a-corros.fr\/traitement-corrosion\/#breadcrumb\",\"itemListElement\":[{\"@type\":\"ListItem\",\"position\":1,\"name\":\"Home\",\"item\":\"https:\/\/a-corros.fr\/en\/\"},{\"@type\":\"ListItem\",\"position\":2,\"name\":\"Le bon traitement de la corrosion apr\u00e8s son diagnostic\"}]},{\"@type\":\"WebSite\",\"@id\":\"https:\/\/a-corros.fr\/#website\",\"url\":\"https:\/\/a-corros.fr\/\",\"name\":\"A-Corros : diagnostic et expertise en corrosion et conservation des patrimoines\",\"description\":\"Diagnostic et expertise en corrosion et conservation des patrimoines\",\"publisher\":{\"@id\":\"https:\/\/a-corros.fr\/#organization\"},\"potentialAction\":[{\"@type\":\"SearchAction\",\"target\":{\"@type\":\"EntryPoint\",\"urlTemplate\":\"https:\/\/a-corros.fr\/?s={search_term_string}\"},\"query-input\":{\"@type\":\"PropertyValueSpecification\",\"valueRequired\":true,\"valueName\":\"search_term_string\"}}],\"inLanguage\":\"en-US\"},{\"@type\":\"Organization\",\"@id\":\"https:\/\/a-corros.fr\/#organization\",\"name\":\"A-corros\",\"url\":\"https:\/\/a-corros.fr\/\",\"logo\":{\"@type\":\"ImageObject\",\"inLanguage\":\"en-US\",\"@id\":\"https:\/\/a-corros.fr\/#\/schema\/logo\/image\/\",\"url\":\"https:\/\/a-corros.fr\/wp-content\/uploads\/2019\/04\/A-CORROS-.jpg\",\"contentUrl\":\"https:\/\/a-corros.fr\/wp-content\/uploads\/2019\/04\/A-CORROS-.jpg\",\"width\":650,\"height\":129,\"caption\":\"A-corros\"},\"image\":{\"@id\":\"https:\/\/a-corros.fr\/#\/schema\/logo\/image\/\"}}]}<\/script>\n<!-- \/ Yoast SEO plugin. -->","yoast_head_json":{"title":"Le traitement de la corrosion par nos experts A-Corros","robots":{"index":"index","follow":"follow","max-snippet":"max-snippet:-1","max-image-preview":"max-image-preview:large","max-video-preview":"max-video-preview:-1"},"canonical":"https:\/\/a-corros.fr\/traitement-corrosion\/","og_locale":"en_US","og_type":"article","og_title":"Le traitement de la corrosion par nos experts A-Corros","og_description":"Ph\u00e9nom\u00e8ne physique naturel, la corrosion peut provoquer la d\u00e9gradation pr\u00e9matur\u00e9e d\u2019\u00e9quipements m\u00e9talliques ou constitu\u00e9s de composants m\u00e9talliques. La protection par des traitement anti-corrosion est par cons\u00e9quent la cl\u00e9 de la durabilit\u00e9 de ces \u00e9quipements et de leur fiabilit\u00e9. En tant qu\u2019experts en corrosion, nos \u00e9quipes sont aptes \u00e0 vous orienter vers un traitement de la&hellip;","og_url":"https:\/\/a-corros.fr\/traitement-corrosion\/","og_site_name":"A-Corros : diagnostic et expertise en corrosion et conservation des patrimoines","article_modified_time":"2019-03-14T13:37:19+00:00","og_image":[{"width":1920,"height":1440,"url":"https:\/\/a-corros.fr\/wp-content\/uploads\/2018\/07\/a-corros-img3-16.jpg","type":"image\/jpeg"}],"twitter_card":"summary_large_image","twitter_misc":{"Est. reading time":"5 minutes"},"schema":{"@context":"https:\/\/schema.org","@graph":[{"@type":"WebPage","@id":"https:\/\/a-corros.fr\/traitement-corrosion\/","url":"https:\/\/a-corros.fr\/traitement-corrosion\/","name":"Le traitement de la corrosion par nos experts A-Corros","isPartOf":{"@id":"https:\/\/a-corros.fr\/#website"},"primaryImageOfPage":{"@id":"https:\/\/a-corros.fr\/traitement-corrosion\/#primaryimage"},"image":{"@id":"https:\/\/a-corros.fr\/traitement-corrosion\/#primaryimage"},"thumbnailUrl":"https:\/\/a-corros.fr\/wp-content\/uploads\/2018\/07\/a-corros-img3-16.jpg","datePublished":"2018-12-09T16:21:52+00:00","dateModified":"2019-03-14T13:37:19+00:00","breadcrumb":{"@id":"https:\/\/a-corros.fr\/traitement-corrosion\/#breadcrumb"},"inLanguage":"en-US","potentialAction":[{"@type":"ReadAction","target":["https:\/\/a-corros.fr\/traitement-corrosion\/"]}]},{"@type":"ImageObject","inLanguage":"en-US","@id":"https:\/\/a-corros.fr\/traitement-corrosion\/#primaryimage","url":"https:\/\/a-corros.fr\/wp-content\/uploads\/2018\/07\/a-corros-img3-16.jpg","contentUrl":"https:\/\/a-corros.fr\/wp-content\/uploads\/2018\/07\/a-corros-img3-16.jpg","width":1920,"height":1440},{"@type":"BreadcrumbList","@id":"https:\/\/a-corros.fr\/traitement-corrosion\/#breadcrumb","itemListElement":[{"@type":"ListItem","position":1,"name":"Home","item":"https:\/\/a-corros.fr\/en\/"},{"@type":"ListItem","position":2,"name":"Le bon traitement de la corrosion apr\u00e8s son diagnostic"}]},{"@type":"WebSite","@id":"https:\/\/a-corros.fr\/#website","url":"https:\/\/a-corros.fr\/","name":"A-Corros : diagnostic et expertise en corrosion et conservation des patrimoines","description":"Diagnostic et expertise en corrosion et conservation des patrimoines","publisher":{"@id":"https:\/\/a-corros.fr\/#organization"},"potentialAction":[{"@type":"SearchAction","target":{"@type":"EntryPoint","urlTemplate":"https:\/\/a-corros.fr\/?s={search_term_string}"},"query-input":{"@type":"PropertyValueSpecification","valueRequired":true,"valueName":"search_term_string"}}],"inLanguage":"en-US"},{"@type":"Organization","@id":"https:\/\/a-corros.fr\/#organization","name":"A-corros","url":"https:\/\/a-corros.fr\/","logo":{"@type":"ImageObject","inLanguage":"en-US","@id":"https:\/\/a-corros.fr\/#\/schema\/logo\/image\/","url":"https:\/\/a-corros.fr\/wp-content\/uploads\/2019\/04\/A-CORROS-.jpg","contentUrl":"https:\/\/a-corros.fr\/wp-content\/uploads\/2019\/04\/A-CORROS-.jpg","width":650,"height":129,"caption":"A-corros"},"image":{"@id":"https:\/\/a-corros.fr\/#\/schema\/logo\/image\/"}}]}},"_links":{"self":[{"href":"https:\/\/a-corros.fr\/en\/wp-json\/wp\/v2\/pages\/2113","targetHints":{"allow":["GET"]}}],"collection":[{"href":"https:\/\/a-corros.fr\/en\/wp-json\/wp\/v2\/pages"}],"about":[{"href":"https:\/\/a-corros.fr\/en\/wp-json\/wp\/v2\/types\/page"}],"author":[{"embeddable":true,"href":"https:\/\/a-corros.fr\/en\/wp-json\/wp\/v2\/users\/1"}],"replies":[{"embeddable":true,"href":"https:\/\/a-corros.fr\/en\/wp-json\/wp\/v2\/comments?post=2113"}],"version-history":[{"count":4,"href":"https:\/\/a-corros.fr\/en\/wp-json\/wp\/v2\/pages\/2113\/revisions"}],"predecessor-version":[{"id":2295,"href":"https:\/\/a-corros.fr\/en\/wp-json\/wp\/v2\/pages\/2113\/revisions\/2295"}],"wp:featuredmedia":[{"embeddable":true,"href":"https:\/\/a-corros.fr\/en\/wp-json\/wp\/v2\/media\/2049"}],"wp:attachment":[{"href":"https:\/\/a-corros.fr\/en\/wp-json\/wp\/v2\/media?parent=2113"}],"curies":[{"name":"wp","href":"https:\/\/api.w.org\/{rel}","templated":true}]}}