{"id":2117,"date":"2018-12-09T17:21:52","date_gmt":"2018-12-09T16:21:52","guid":{"rendered":"https:\/\/a-corros.fr\/le-traitement-de-la-corrosion-par-nos-experts-a-corros\/"},"modified":"2019-03-14T14:37:00","modified_gmt":"2019-03-14T13:37:00","slug":"prevention-corrosion","status":"publish","type":"page","link":"https:\/\/a-corros.fr\/en\/prevention-corrosion\/","title":{"rendered":"Les strat\u00e9gies de pr\u00e9vention de la corrosion"},"content":{"rendered":"\n<p class=\"chapo\">Probl\u00e8me particuli\u00e8rement on\u00e9reux, la corrosion conduit progressivement \u00e0 la d\u00e9gradation de mat\u00e9riaux m\u00e9talliques par r\u00e9action chimique avec le milieu qui les environne. Pourtant, les d\u00e9g\u00e2ts dus au ph\u00e9nom\u00e8ne de corrosion peuvent g\u00e9n\u00e9ralement \u00eatre \u00e9vit\u00e9s en mettant en place quelques mesures simples de pr\u00e9vention anti-corrosion. En effet, diff\u00e9rentes strat\u00e9gies peuvent \u00eatre utilis\u00e9es pour limiter la corrosion en intervenant sur le mat\u00e9riel m\u00e9tallique concern\u00e9. D\u00e9couvrez le point complet de nos experts sur les principales strat\u00e9gies de pr\u00e9vention de la corrosion qui peuvent \u00eatre mises en place pour am\u00e9liorer la fiabilit\u00e9 et la durabilit\u00e9 des \u00e9quipements m\u00e9talliques.<\/p>\n\n\n\n<h2 class=\"wp-block-heading\">Protection par rev\u00eatement : de multiples strat\u00e9gies anti-corrosion <\/h2>\n\n\n\n<p>Dans le cas de la protection par rev\u00eatement, il s\u2019agit de cr\u00e9er une couche protectrice imperm\u00e9able et inalt\u00e9rable sur la surface de la pi\u00e8ce m\u00e9tallique \u00e0 prot\u00e9ger afin d\u2019isoler efficacement le m\u00e9tal de son milieu ambiant. Une \u00e9tape de pr\u00e9paration de surface est un pr\u00e9alable indispensable \u00e0 la mise en place de ces moyens de protection contre la corrosion : d\u00e9graissage, d\u00e9capage et, \u00e9ventuellement, polissage. En plus des rev\u00eatements courants comme les peintures et vernis, d\u2019autres types de rev\u00eatements ou protections anti-corrosion existent.<\/p>\n\n\n\n<h2 class=\"wp-block-heading\">Rev\u00eatements chimiques <\/h2>\n\n\n\n<p>Gr\u00e2ce \u00e0 une r\u00e9action chimique, une couche de sel neutre parfaitement adh\u00e9rente et imperm\u00e9able se cr\u00e9e \u00e0 la surface de la pi\u00e8ce. Selon le m\u00e9tal, diff\u00e9rents rev\u00eatements chimiques peuvent \u00eatre employ\u00e9s :<\/p>\n\n\n\n<ul class=\"wp-block-list\"><li>Phosphatation (pour les m\u00e9taux ferreux) : immersion des pi\u00e8ces m\u00e9talliques dans un bain de bioxyde de mangan\u00e8se et d\u2019acide phosphorique afin d\u2019obtenir une couche protectrice.<\/li><li>Alodisation (pour les alliages l\u00e9gers) : immersion dans un bain d\u2019alodine pour obtenir une couche protectrice.<\/li><li>Mordan\u00e7age (pour les alliages ultra l\u00e9gers) : immersion dans un bain de bichromate de potassium<\/li><\/ul>\n\n\n\n<h2 class=\"wp-block-heading\">Rev\u00eatements par voie thermique <\/h2>\n\n\n\n<p>Ce moyen de pr\u00e9vention contre la corrosion permet de r\u00e9aliser un d\u00e9p\u00f4t via des m\u00e9taux protecteurs : \u00e9tamage (immersion dans un bain d\u2019\u00e9tain), galvanisation (immersion dans un bain de zinc), aluminage (obtention d\u2019une fine couche d\u2019aluminium)\u2026<\/p>\n\n\n\n<h2 class=\"wp-block-heading\">Rev\u00eatements par d\u00e9p\u00f4t \u00e9lectrolytique <\/h2>\n\n\n\n<p>On place \u00e0 l\u2019anode le m\u00e9tal de protection \u00e0 d\u00e9poser (chrome, cuivre, zinc, nickel, \u2026) et \u00e0 la cathode la pi\u00e8ce m\u00e9tallique \u00e0 prot\u00e9ger. Sous l\u2019effet du passage du courant, on observe une dissolution de l\u2019anode qui vient recouvrir de m\u00e9tal protecteur la pi\u00e8ce m\u00e9tallique \u00e0 prot\u00e9ger.<\/p>\n\n\n\n<h3 class=\"wp-block-heading\">Protection anodique <\/h3>\n\n\n\n<p>En pla\u00e7ant la pi\u00e8ce m\u00e9tallique \u00e0 prot\u00e9ger \u00e0 l\u2019anode, en utilisant une cathode en plomb et en plongeant l\u2019ensemble dans un \u00e9lectrolyte, un d\u00e9gagement d\u2019oxyg\u00e8ne se produit \u00e0 l\u2019anode et une couche protectrice d\u2019oxyde se cr\u00e9e.<\/p>\n\n\n\n<h3 class=\"wp-block-heading\">Protection cathodique <\/h3>\n\n\n\n<p>Utilis\u00e9e comme pr\u00e9vention d\u2019une corrosion \u00e9lectrochimique, la protection cathodique consiste \u00e0 \u00e9viter la destruction de pi\u00e8ces \u00e9lectron\u00e9gatives en utilisant des pi\u00e8ces encore plus \u00e9lectron\u00e9gatives. La cathode pr\u00e9sente pourra ainsi se d\u00e9t\u00e9riorer \u00e0 la place des pi\u00e8ces m\u00e9talliques \u00e0 prot\u00e9ger.<\/p>\n\n\n\n<h2 class=\"wp-block-heading\">Les t\u00f4les galvanis\u00e9es <\/h2>\n\n\n\n<p>La galvanisation \u00e0 chaud en continu est une op\u00e9ration de rev\u00eatement anti-corrosion traditionnelle qui concerne les t\u00f4les et les fils rev\u00eatus. Ce type de recouvrement est r\u00e9alis\u00e9 par immersion au sein d\u2019un bain de zinc (ou d\u2019alliage de zinc) en fusion. En effet, un des atouts majeurs du zinc est sa forte \u00e9lectron\u00e9gativit\u00e9 compar\u00e9 \u00e0 celle de l\u2019acier. Le zinc sert donc de protection \u00e9lectrochimique particuli\u00e8rement efficace contre la corrosion.<\/p>\n\n\n\n<h2 class=\"wp-block-heading\">Les vis en inox <\/h2>\n\n\n\n<p>Connu particuli\u00e8rement pour ses propri\u00e9t\u00e9s anti-corrosion, l\u2019inox peut \u00e9carter efficacement toute substance corrosive gr\u00e2ce \u00e0 une simple r\u00e9action chimique : une couche passive extr\u00eamement fine est form\u00e9e \u00e0 la surface par contact entre la composante en chrome de l\u2019inox et l\u2019oxyg\u00e8ne contenu dans l\u2019air ou dans l\u2019eau. Les vis en inox sont par cons\u00e9quent des fixations particuli\u00e8rement r\u00e9sistantes \u00e0 la corrosion.<\/p>\n\n\n\n<h2 class=\"wp-block-heading\">L\u2019anodisation de l\u2019aluminium : une pr\u00e9vention de la corrosion pour l&#8217;aluminium <\/h2>\n\n\n\n<p>M\u00eame s\u2019il est prot\u00e9g\u00e9 en partie par son oxydation naturelle, l\u2019aluminium soumis \u00e0 un environnement ext\u00e9rieur peut voir sa surface se ternir progressivement et \u00e9galement se couvrir au fil du temps de piq\u00fbres de corrosion. Pour \u00e9viter ce ph\u00e9nom\u00e8ne de corrosion atmosph\u00e9rique, le proc\u00e9d\u00e9 d\u2019anodisation de l\u2019aluminium (\u00e9galement appel\u00e9 oxydation anodique) est couramment utilis\u00e9. Si de nombreuses techniques sont utilis\u00e9es (avec acide sulfurique, phosphorique, chromique, oxalique, \u2026), l\u2019anodisation sulfurique reste la plus courante. De fa\u00e7on concr\u00e8te, la couche d\u2019alumine prot\u00e9geant naturellement l\u2019aluminium de la corrosion \u00e9tant tr\u00e8s mince et fragile, on utilise ces proc\u00e9d\u00e9s pour augmenter l\u2019\u00e9paisseur de cette couche d\u2019oxyde ainsi que sa r\u00e9sistance.<\/p>\n\n\n\n<h2 class=\"wp-block-heading\">Le chromage dur : un rev\u00eatement anti-corrosion de haute qualit\u00e9 <\/h2>\n\n\n\n<p>\n\tEgalement efficace pour se pr\u00e9munir contre la corrosion, le recours au chromage permet d\u2019obtenir une couche superficielle de chrome dur qui se r\u00e9v\u00e8le r\u00e9sistant \u00e0 la majorit\u00e9 des corps chimiques qui attaquent les m\u00e9taux et surtout \u00e0 l\u2019oxydation sous l\u2019effet de l\u2019humidit\u00e9.<br>\nLe bain de chrome consiste \u00e0 tremper la pi\u00e8ce m\u00e9tallique dans un bain o\u00f9 acide chromique et acide sulfurique se trouvent associ\u00e9s. On utilise alors la technique de l\u2019\u00e9lectrod\u00e9position sous courants puls\u00e9s. Ce proc\u00e9d\u00e9 de traitement anti-corrosion permet de d\u00e9poser du chrome m\u00e9tallique sur la surface \u00e0 traiter afin de lui conf\u00e9rer les propri\u00e9t\u00e9s protectrices de ce m\u00e9tal.<\/p>\n","protected":false},"excerpt":{"rendered":"<p>Probl\u00e8me particuli\u00e8rement on\u00e9reux, la corrosion conduit progressivement \u00e0 la d\u00e9gradation de mat\u00e9riaux m\u00e9talliques par r\u00e9action chimique avec le milieu qui les environne. Pourtant, les d\u00e9g\u00e2ts dus au ph\u00e9nom\u00e8ne de corrosion peuvent g\u00e9n\u00e9ralement \u00eatre \u00e9vit\u00e9s en mettant en place quelques mesures simples de pr\u00e9vention anti-corrosion. En effet, diff\u00e9rentes strat\u00e9gies peuvent \u00eatre utilis\u00e9es pour limiter la corrosion&hellip;<\/p>\n","protected":false},"author":1,"featured_media":2049,"parent":0,"menu_order":0,"comment_status":"closed","ping_status":"closed","template":"","meta":{"_acf_changed":false,"footnotes":""},"class_list":["post-2117","page","type-page","status-publish","has-post-thumbnail","hentry"],"acf":[],"yoast_head":"<!-- This site is optimized with the Yoast SEO plugin v25.2 - https:\/\/yoast.com\/wordpress\/plugins\/seo\/ -->\n<title>La pr\u00e9vention de la corrosion par vos experts - A-Corros<\/title>\n<meta name=\"robots\" content=\"index, follow, max-snippet:-1, max-image-preview:large, max-video-preview:-1\" \/>\n<link rel=\"canonical\" href=\"https:\/\/a-corros.fr\/prevention-corrosion\/\" \/>\n<meta property=\"og:locale\" content=\"en_US\" \/>\n<meta property=\"og:type\" content=\"article\" \/>\n<meta property=\"og:title\" content=\"La pr\u00e9vention de la corrosion par vos experts - A-Corros\" \/>\n<meta property=\"og:description\" content=\"Probl\u00e8me particuli\u00e8rement on\u00e9reux, la corrosion conduit progressivement \u00e0 la d\u00e9gradation de mat\u00e9riaux m\u00e9talliques par r\u00e9action chimique avec le milieu qui les environne. Pourtant, les d\u00e9g\u00e2ts dus au ph\u00e9nom\u00e8ne de corrosion peuvent g\u00e9n\u00e9ralement \u00eatre \u00e9vit\u00e9s en mettant en place quelques mesures simples de pr\u00e9vention anti-corrosion. En effet, diff\u00e9rentes strat\u00e9gies peuvent \u00eatre utilis\u00e9es pour limiter la corrosion&hellip;\" \/>\n<meta property=\"og:url\" content=\"https:\/\/a-corros.fr\/prevention-corrosion\/\" \/>\n<meta property=\"og:site_name\" content=\"A-Corros : diagnostic et expertise en corrosion et conservation des patrimoines\" \/>\n<meta property=\"article:modified_time\" content=\"2019-03-14T13:37:00+00:00\" \/>\n<meta property=\"og:image\" content=\"https:\/\/a-corros.fr\/wp-content\/uploads\/2018\/07\/a-corros-img3-16.jpg\" \/>\n\t<meta property=\"og:image:width\" content=\"1920\" \/>\n\t<meta property=\"og:image:height\" content=\"1440\" \/>\n\t<meta property=\"og:image:type\" content=\"image\/jpeg\" \/>\n<meta name=\"twitter:card\" content=\"summary_large_image\" \/>\n<meta name=\"twitter:label1\" content=\"Est. reading time\" \/>\n\t<meta name=\"twitter:data1\" content=\"5 minutes\" \/>\n<script type=\"application\/ld+json\" class=\"yoast-schema-graph\">{\"@context\":\"https:\/\/schema.org\",\"@graph\":[{\"@type\":\"WebPage\",\"@id\":\"https:\/\/a-corros.fr\/prevention-corrosion\/\",\"url\":\"https:\/\/a-corros.fr\/prevention-corrosion\/\",\"name\":\"La pr\u00e9vention de la corrosion par vos experts - A-Corros\",\"isPartOf\":{\"@id\":\"https:\/\/a-corros.fr\/#website\"},\"primaryImageOfPage\":{\"@id\":\"https:\/\/a-corros.fr\/prevention-corrosion\/#primaryimage\"},\"image\":{\"@id\":\"https:\/\/a-corros.fr\/prevention-corrosion\/#primaryimage\"},\"thumbnailUrl\":\"https:\/\/a-corros.fr\/wp-content\/uploads\/2018\/07\/a-corros-img3-16.jpg\",\"datePublished\":\"2018-12-09T16:21:52+00:00\",\"dateModified\":\"2019-03-14T13:37:00+00:00\",\"breadcrumb\":{\"@id\":\"https:\/\/a-corros.fr\/prevention-corrosion\/#breadcrumb\"},\"inLanguage\":\"en-US\",\"potentialAction\":[{\"@type\":\"ReadAction\",\"target\":[\"https:\/\/a-corros.fr\/prevention-corrosion\/\"]}]},{\"@type\":\"ImageObject\",\"inLanguage\":\"en-US\",\"@id\":\"https:\/\/a-corros.fr\/prevention-corrosion\/#primaryimage\",\"url\":\"https:\/\/a-corros.fr\/wp-content\/uploads\/2018\/07\/a-corros-img3-16.jpg\",\"contentUrl\":\"https:\/\/a-corros.fr\/wp-content\/uploads\/2018\/07\/a-corros-img3-16.jpg\",\"width\":1920,\"height\":1440},{\"@type\":\"BreadcrumbList\",\"@id\":\"https:\/\/a-corros.fr\/prevention-corrosion\/#breadcrumb\",\"itemListElement\":[{\"@type\":\"ListItem\",\"position\":1,\"name\":\"Home\",\"item\":\"https:\/\/a-corros.fr\/en\/\"},{\"@type\":\"ListItem\",\"position\":2,\"name\":\"Les strat\u00e9gies de pr\u00e9vention de la corrosion\"}]},{\"@type\":\"WebSite\",\"@id\":\"https:\/\/a-corros.fr\/#website\",\"url\":\"https:\/\/a-corros.fr\/\",\"name\":\"A-Corros : diagnostic et expertise en corrosion et conservation des patrimoines\",\"description\":\"Diagnostic et expertise en corrosion et conservation des patrimoines\",\"publisher\":{\"@id\":\"https:\/\/a-corros.fr\/#organization\"},\"potentialAction\":[{\"@type\":\"SearchAction\",\"target\":{\"@type\":\"EntryPoint\",\"urlTemplate\":\"https:\/\/a-corros.fr\/?s={search_term_string}\"},\"query-input\":{\"@type\":\"PropertyValueSpecification\",\"valueRequired\":true,\"valueName\":\"search_term_string\"}}],\"inLanguage\":\"en-US\"},{\"@type\":\"Organization\",\"@id\":\"https:\/\/a-corros.fr\/#organization\",\"name\":\"A-corros\",\"url\":\"https:\/\/a-corros.fr\/\",\"logo\":{\"@type\":\"ImageObject\",\"inLanguage\":\"en-US\",\"@id\":\"https:\/\/a-corros.fr\/#\/schema\/logo\/image\/\",\"url\":\"https:\/\/a-corros.fr\/wp-content\/uploads\/2019\/04\/A-CORROS-.jpg\",\"contentUrl\":\"https:\/\/a-corros.fr\/wp-content\/uploads\/2019\/04\/A-CORROS-.jpg\",\"width\":650,\"height\":129,\"caption\":\"A-corros\"},\"image\":{\"@id\":\"https:\/\/a-corros.fr\/#\/schema\/logo\/image\/\"}}]}<\/script>\n<!-- \/ Yoast SEO plugin. -->","yoast_head_json":{"title":"La pr\u00e9vention de la corrosion par vos experts - A-Corros","robots":{"index":"index","follow":"follow","max-snippet":"max-snippet:-1","max-image-preview":"max-image-preview:large","max-video-preview":"max-video-preview:-1"},"canonical":"https:\/\/a-corros.fr\/prevention-corrosion\/","og_locale":"en_US","og_type":"article","og_title":"La pr\u00e9vention de la corrosion par vos experts - A-Corros","og_description":"Probl\u00e8me particuli\u00e8rement on\u00e9reux, la corrosion conduit progressivement \u00e0 la d\u00e9gradation de mat\u00e9riaux m\u00e9talliques par r\u00e9action chimique avec le milieu qui les environne. Pourtant, les d\u00e9g\u00e2ts dus au ph\u00e9nom\u00e8ne de corrosion peuvent g\u00e9n\u00e9ralement \u00eatre \u00e9vit\u00e9s en mettant en place quelques mesures simples de pr\u00e9vention anti-corrosion. En effet, diff\u00e9rentes strat\u00e9gies peuvent \u00eatre utilis\u00e9es pour limiter la corrosion&hellip;","og_url":"https:\/\/a-corros.fr\/prevention-corrosion\/","og_site_name":"A-Corros : diagnostic et expertise en corrosion et conservation des patrimoines","article_modified_time":"2019-03-14T13:37:00+00:00","og_image":[{"width":1920,"height":1440,"url":"https:\/\/a-corros.fr\/wp-content\/uploads\/2018\/07\/a-corros-img3-16.jpg","type":"image\/jpeg"}],"twitter_card":"summary_large_image","twitter_misc":{"Est. reading time":"5 minutes"},"schema":{"@context":"https:\/\/schema.org","@graph":[{"@type":"WebPage","@id":"https:\/\/a-corros.fr\/prevention-corrosion\/","url":"https:\/\/a-corros.fr\/prevention-corrosion\/","name":"La pr\u00e9vention de la corrosion par vos experts - A-Corros","isPartOf":{"@id":"https:\/\/a-corros.fr\/#website"},"primaryImageOfPage":{"@id":"https:\/\/a-corros.fr\/prevention-corrosion\/#primaryimage"},"image":{"@id":"https:\/\/a-corros.fr\/prevention-corrosion\/#primaryimage"},"thumbnailUrl":"https:\/\/a-corros.fr\/wp-content\/uploads\/2018\/07\/a-corros-img3-16.jpg","datePublished":"2018-12-09T16:21:52+00:00","dateModified":"2019-03-14T13:37:00+00:00","breadcrumb":{"@id":"https:\/\/a-corros.fr\/prevention-corrosion\/#breadcrumb"},"inLanguage":"en-US","potentialAction":[{"@type":"ReadAction","target":["https:\/\/a-corros.fr\/prevention-corrosion\/"]}]},{"@type":"ImageObject","inLanguage":"en-US","@id":"https:\/\/a-corros.fr\/prevention-corrosion\/#primaryimage","url":"https:\/\/a-corros.fr\/wp-content\/uploads\/2018\/07\/a-corros-img3-16.jpg","contentUrl":"https:\/\/a-corros.fr\/wp-content\/uploads\/2018\/07\/a-corros-img3-16.jpg","width":1920,"height":1440},{"@type":"BreadcrumbList","@id":"https:\/\/a-corros.fr\/prevention-corrosion\/#breadcrumb","itemListElement":[{"@type":"ListItem","position":1,"name":"Home","item":"https:\/\/a-corros.fr\/en\/"},{"@type":"ListItem","position":2,"name":"Les strat\u00e9gies de pr\u00e9vention de la corrosion"}]},{"@type":"WebSite","@id":"https:\/\/a-corros.fr\/#website","url":"https:\/\/a-corros.fr\/","name":"A-Corros : diagnostic et expertise en corrosion et conservation des patrimoines","description":"Diagnostic et expertise en corrosion et conservation des patrimoines","publisher":{"@id":"https:\/\/a-corros.fr\/#organization"},"potentialAction":[{"@type":"SearchAction","target":{"@type":"EntryPoint","urlTemplate":"https:\/\/a-corros.fr\/?s={search_term_string}"},"query-input":{"@type":"PropertyValueSpecification","valueRequired":true,"valueName":"search_term_string"}}],"inLanguage":"en-US"},{"@type":"Organization","@id":"https:\/\/a-corros.fr\/#organization","name":"A-corros","url":"https:\/\/a-corros.fr\/","logo":{"@type":"ImageObject","inLanguage":"en-US","@id":"https:\/\/a-corros.fr\/#\/schema\/logo\/image\/","url":"https:\/\/a-corros.fr\/wp-content\/uploads\/2019\/04\/A-CORROS-.jpg","contentUrl":"https:\/\/a-corros.fr\/wp-content\/uploads\/2019\/04\/A-CORROS-.jpg","width":650,"height":129,"caption":"A-corros"},"image":{"@id":"https:\/\/a-corros.fr\/#\/schema\/logo\/image\/"}}]}},"_links":{"self":[{"href":"https:\/\/a-corros.fr\/en\/wp-json\/wp\/v2\/pages\/2117","targetHints":{"allow":["GET"]}}],"collection":[{"href":"https:\/\/a-corros.fr\/en\/wp-json\/wp\/v2\/pages"}],"about":[{"href":"https:\/\/a-corros.fr\/en\/wp-json\/wp\/v2\/types\/page"}],"author":[{"embeddable":true,"href":"https:\/\/a-corros.fr\/en\/wp-json\/wp\/v2\/users\/1"}],"replies":[{"embeddable":true,"href":"https:\/\/a-corros.fr\/en\/wp-json\/wp\/v2\/comments?post=2117"}],"version-history":[{"count":4,"href":"https:\/\/a-corros.fr\/en\/wp-json\/wp\/v2\/pages\/2117\/revisions"}],"predecessor-version":[{"id":2296,"href":"https:\/\/a-corros.fr\/en\/wp-json\/wp\/v2\/pages\/2117\/revisions\/2296"}],"wp:featuredmedia":[{"embeddable":true,"href":"https:\/\/a-corros.fr\/en\/wp-json\/wp\/v2\/media\/2049"}],"wp:attachment":[{"href":"https:\/\/a-corros.fr\/en\/wp-json\/wp\/v2\/media?parent=2117"}],"curies":[{"name":"wp","href":"https:\/\/api.w.org\/{rel}","templated":true}]}}