{"id":2122,"date":"2018-12-09T17:21:52","date_gmt":"2018-12-09T16:21:52","guid":{"rendered":"https:\/\/a-corros.fr\/les-strategies-de-prevention-de-la-corrosion\/"},"modified":"2022-01-13T11:50:26","modified_gmt":"2022-01-13T10:50:26","slug":"diagnostic-corrosion","status":"publish","type":"page","link":"https:\/\/a-corros.fr\/en\/diagnostic-corrosion\/","title":{"rendered":"Le diagnostic corrosion, une \u00e9tape primordiale avant toute intervention"},"content":{"rendered":"\n<p>Avant d\u2019envisager le&nbsp;<a href=\"http:\/\/www.a-corros.fr\/index.php\">traitement de la corrosion<\/a>, nos experts r\u00e9alisent un diagnostic de corrosion afin de contr\u00f4ler la solidit\u00e9 et la fiabilit\u00e9 des \u00e9quipements et des installations. V\u00e9ritable enjeu environnemental et r\u00e9glementaire, le management du risque de corrosion n\u00e9cessite une grande expertise quel que soit le secteur concern\u00e9. En tant que sp\u00e9cialiste dans le diagnostic corrosion, A-Corros est apte \u00e0 offrir une expertise corrosion et des pr\u00e9conisations anticorrosion pour tout type d&#8217;infrastructures : ouvrage industriels, infrastructures portuaires et navales, habitat G\u00e9nie Civil, ouvrages d\u2019art, monuments historiques, &#8230; Le diagnostic corrosion peut s&#8217;effectuer sur site et en laboratoire gr\u00e2ce \u00e0 des analyses et des tests corrosion de pointe. Le point sur les analyses corrosion et les interventions diagnostiques r\u00e9alis\u00e9es par A-Corros en fonction des diff\u00e9rents mat\u00e9riaux et environnements en pr\u00e9sence.<\/p>\n\n\n\n<h2 class=\"wp-block-heading\">Analyses et tests corrosion <\/h2>\n\n\n\n<p>La corrosion pouvant \u00eatre caus\u00e9e par diff\u00e9rentes interactions physico-chimiques, une compr\u00e9hension fine de l\u2019origine d\u2019un ph\u00e9nom\u00e8ne de corrosion est indispensable. Cette derni\u00e8re permet de mettre en place des actions pr\u00e9ventives et correctives adapt\u00e9es. Diff\u00e9rents moyens techniques peuvent \u00eatre utilis\u00e9s pour r\u00e9aliser le diagnostic corrosion.<\/p>\n\n\n\n<h3 class=\"wp-block-heading\">Tenue au brouillard salin <\/h3>\n\n\n\n<p>Con\u00e7us pour v\u00e9rifier la durabilit\u00e9 et la fiabilit\u00e9 des mat\u00e9riaux en atmosph\u00e8re corrosive, les essais de tenue au brouillard salin r\u00e9pondent \u00e0 plusieurs objectifs :<\/p>\n\n\n\n<ul class=\"wp-block-list\"><li>Identifier les zones sensibles au processus de corrosion<\/li><li>V\u00e9rifier l\u2019efficacit\u00e9 des peintures de protection<\/li><li>Evaluer le choix d\u2019un traitement de surface<\/li><li>Comparer les performances concr\u00e8tes de pi\u00e8ces issues de diff\u00e9rents fournisseurs<\/li><li>Analyser l\u2019\u00e9volution de ph\u00e9nom\u00e8nes de corrosion<\/li><\/ul>\n\n\n\n<p>Afin de reproduire en acc\u00e9l\u00e9r\u00e9 une attaque corrosive, le vieillissement au brouillard salin pulv\u00e9rise une solution contenant 5% de chlorure de sodium au sein d\u2019une chambre climatique aux conditions sp\u00e9cifiques (pluviom\u00e9trie, temp\u00e9rature, \u2026). Gr\u00e2ce \u00e0 des \u00e9quipements de pointe, les laboratoires A-Corros peuvent simuler efficacement diverses expositions aux atmosph\u00e8res corrosives : corrosion au brouillard salin neutre, corrosion aux vapeurs acides, corrosion cyclique, \u2026<\/p>\n\n\n\n<h3 class=\"wp-block-heading\">Analyse XRF <\/h3>\n\n\n\n<p>En identifiant les alliages pr\u00e9sents, l\u2019analyse XRF permet de v\u00e9rifier la qualit\u00e9 des nuances utilis\u00e9es dans la fabrication des composants ou des mat\u00e9riaux d\u2019alliages. Gr\u00e2ce \u00e0 cette analyse, on acc\u00e8de \u00e0 une meilleure compr\u00e9hension du ph\u00e9nom\u00e8ne de corrosion et on peut la pr\u00e9venir en s\u00e9lectionnant le mat\u00e9riau appropri\u00e9. En fonction du type de corrosion en pr\u00e9sence, une solution adapt\u00e9e peut \u00eatre envisag\u00e9e :<\/p>\n\n\n\n<ul class=\"wp-block-list\"><li>Corrosion galvanique : identification d\u2019un mat\u00e9riau inadapt\u00e9 tel que la fonte ou le cuivre<\/li><li>Corrosion due \u00e0 l\u2019hydrog\u00e8ne sulfur\u00e9 : identification de l\u2019acier au carbone qui a de faibles concentrations de Si<\/li><li>CAE (corrosion acc\u00e9l\u00e9r\u00e9e par l\u2019\u00e9coulement) : identification de l\u2019acier inoxydable qui a de faibles concentrations de Cr afin d\u2019opter pour une formule plus riche en Cr<\/li><li>Corrosion des composants des unit\u00e9s d\u2019alkylation HF : identification des aciers qui ont de faibles concentrations de nickel, de chrome ou de cuivre.<\/li><\/ul>\n\n\n\n<h2 class=\"wp-block-heading\">Le diagnostic des structures m\u00e9talliques <\/h2>\n\n\n\n<p>De nombreuses d\u00e9faillances m\u00e9tallurgiques peuvent \u00eatre \u00e9tudi\u00e9es par les experts A-Corros au sein de notre laboratoire. Suite \u00e0 une enqu\u00eate pr\u00e9liminaire pouvant \u00eatre effectu\u00e9e sur site, des pr\u00e9l\u00e8vements sont analys\u00e9s<\/p>\n\n\n\n<h3 class=\"wp-block-heading\">Structures immerg\u00e9es m\u00e9talliques <\/h3>\n\n\n\n<p>La surveillance de la partie immerg\u00e9e d\u2019un ouvrage est aussi importante que celle des parties a\u00e9riennes. Particuli\u00e8rement agressif, le milieu marin cause de nombreux probl\u00e8mes de corrosion aux mat\u00e9riaux immerg\u00e9s. Il est donc n\u00e9cessaire de tester la r\u00e9sistance des structures m\u00e9talliques et de leur syst\u00e8me de protection face \u00e0 cet environnement agressif. Le domaine d\u2019intervention des experts A-Corros concerne tout type de structures m\u00e9talliques immerg\u00e9es : ponts, ouvrages portuaires, barrages, \u00e9cluses, &#8230; Il recouvre l\u2019auscultation et l\u2019inspection des structures en site maritime ou fluvial dans le but d\u2019\u00e9tablir un diagnostic corrosion complet et de d\u00e9terminer les actions \u00e0 entreprendre pour garantir le maintien de ces structures.<\/p>\n\n\n\n<h3 class=\"wp-block-heading\">Caract\u00e9risation de l\u2019acier <\/h3>\n\n\n\n<p>Le d\u00e9veloppement de la corrosion sur une armature en acier peut provoquer une alt\u00e9ration de l\u2019aspect ext\u00e9rieur d\u2019un ouvrage (fissures, \u00e9clatements, \u00e9paufrures, traces de rouille en surface, mises \u00e0 nu de l\u2019armature, \u2026) et entra\u00eener une r\u00e9duction de sa fiabilit\u00e9. D\u00e9fauts d\u2019enrobage, b\u00e9tons trop poreux ou milieux tr\u00e8s agressifs, \u2026 : diff\u00e9rents param\u00e8tres conduisent parfois \u00e0 une d\u00e9gradation pr\u00e9matur\u00e9e des armatures en acier. Avant d\u2019envisager la r\u00e9paration, une \u00e9tude pr\u00e9cise et d\u00e9taill\u00e9e de l\u2019\u00e9tat des armatures corrod\u00e9es est indispensable.<\/p>\n\n\n\n<h2 class=\"wp-block-heading\">Le diagnostic corrosion des monuments historiques <\/h2>\n\n\n\n<p>Vestiges de notre patrimoine, les monuments historiques traversent les si\u00e8cles et portent en eux les stigmates du pass\u00e9. L\u2019entretien et la maintenance de ce patrimoine passent en premier lieu par un diagnostic pr\u00e9cis de l\u2019\u00e9tat de corrosion permettant de d\u00e9celer et de comprendre les pathologies ou d\u00e9sordres \u00e9ventuels. Contrairement au diagnostic effectu\u00e9 sur un ouvrage classique, l\u2019intervention au sein d\u2019un monument historique n\u00e9cessite la mise en place de nombreuses pr\u00e9cautions. Analyse documentaire historique et technique, contraintes d\u2019intervention, pr\u00e9f\u00e9rence pour des essais non destructifs (par ultra-sons, par induction magn\u00e9tique et courant de Foucault, par \u00e9mission acoustique, \u2026), \u2026 Au fil des ann\u00e9es, A-Corros s&#8217;est positionn\u00e9 comme un expert corrosion incontournable dans le domaine des <a href=\"https:\/\/a-corros.fr\/pole\/monuments-historiques\/\">Monuments Historiques<\/a>.<\/p>\n","protected":false},"excerpt":{"rendered":"<p>Avant d\u2019envisager le&nbsp;traitement de la corrosion, nos experts r\u00e9alisent un diagnostic de corrosion afin de contr\u00f4ler la solidit\u00e9 et la fiabilit\u00e9 des \u00e9quipements et des installations. V\u00e9ritable enjeu environnemental et r\u00e9glementaire, le management du risque de corrosion n\u00e9cessite une grande expertise quel que soit le secteur concern\u00e9. En tant que sp\u00e9cialiste dans le diagnostic corrosion,&hellip;<\/p>\n","protected":false},"author":1,"featured_media":2049,"parent":0,"menu_order":0,"comment_status":"closed","ping_status":"closed","template":"","meta":{"_acf_changed":false,"footnotes":""},"class_list":["post-2122","page","type-page","status-publish","has-post-thumbnail","hentry"],"acf":[],"yoast_head":"<!-- This site is optimized with the Yoast SEO plugin v25.2 - https:\/\/yoast.com\/wordpress\/plugins\/seo\/ -->\n<title>Le diagnostic de la corrosion par nos experts A-Corros<\/title>\n<meta name=\"robots\" content=\"index, follow, max-snippet:-1, max-image-preview:large, max-video-preview:-1\" \/>\n<link rel=\"canonical\" href=\"https:\/\/a-corros.fr\/diagnostic-corrosion\/\" \/>\n<meta property=\"og:locale\" content=\"en_US\" \/>\n<meta property=\"og:type\" content=\"article\" \/>\n<meta property=\"og:title\" content=\"Le diagnostic de la corrosion par nos experts A-Corros\" \/>\n<meta property=\"og:description\" content=\"Avant d\u2019envisager le&nbsp;traitement de la corrosion, nos experts r\u00e9alisent un diagnostic de corrosion afin de contr\u00f4ler la solidit\u00e9 et la fiabilit\u00e9 des \u00e9quipements et des installations. V\u00e9ritable enjeu environnemental et r\u00e9glementaire, le management du risque de corrosion n\u00e9cessite une grande expertise quel que soit le secteur concern\u00e9. En tant que sp\u00e9cialiste dans le diagnostic corrosion,&hellip;\" \/>\n<meta property=\"og:url\" content=\"https:\/\/a-corros.fr\/diagnostic-corrosion\/\" \/>\n<meta property=\"og:site_name\" content=\"A-Corros : diagnostic et expertise en corrosion et conservation des patrimoines\" \/>\n<meta property=\"article:modified_time\" content=\"2022-01-13T10:50:26+00:00\" \/>\n<meta property=\"og:image\" content=\"https:\/\/a-corros.fr\/wp-content\/uploads\/2018\/07\/a-corros-img3-16.jpg\" \/>\n\t<meta property=\"og:image:width\" content=\"1920\" \/>\n\t<meta property=\"og:image:height\" content=\"1440\" \/>\n\t<meta property=\"og:image:type\" content=\"image\/jpeg\" \/>\n<meta name=\"twitter:card\" content=\"summary_large_image\" \/>\n<meta name=\"twitter:label1\" content=\"Est. reading time\" \/>\n\t<meta name=\"twitter:data1\" content=\"5 minutes\" \/>\n<script type=\"application\/ld+json\" class=\"yoast-schema-graph\">{\"@context\":\"https:\/\/schema.org\",\"@graph\":[{\"@type\":\"WebPage\",\"@id\":\"https:\/\/a-corros.fr\/diagnostic-corrosion\/\",\"url\":\"https:\/\/a-corros.fr\/diagnostic-corrosion\/\",\"name\":\"Le diagnostic de la corrosion par nos experts A-Corros\",\"isPartOf\":{\"@id\":\"https:\/\/a-corros.fr\/#website\"},\"primaryImageOfPage\":{\"@id\":\"https:\/\/a-corros.fr\/diagnostic-corrosion\/#primaryimage\"},\"image\":{\"@id\":\"https:\/\/a-corros.fr\/diagnostic-corrosion\/#primaryimage\"},\"thumbnailUrl\":\"https:\/\/a-corros.fr\/wp-content\/uploads\/2018\/07\/a-corros-img3-16.jpg\",\"datePublished\":\"2018-12-09T16:21:52+00:00\",\"dateModified\":\"2022-01-13T10:50:26+00:00\",\"breadcrumb\":{\"@id\":\"https:\/\/a-corros.fr\/diagnostic-corrosion\/#breadcrumb\"},\"inLanguage\":\"en-US\",\"potentialAction\":[{\"@type\":\"ReadAction\",\"target\":[\"https:\/\/a-corros.fr\/diagnostic-corrosion\/\"]}]},{\"@type\":\"ImageObject\",\"inLanguage\":\"en-US\",\"@id\":\"https:\/\/a-corros.fr\/diagnostic-corrosion\/#primaryimage\",\"url\":\"https:\/\/a-corros.fr\/wp-content\/uploads\/2018\/07\/a-corros-img3-16.jpg\",\"contentUrl\":\"https:\/\/a-corros.fr\/wp-content\/uploads\/2018\/07\/a-corros-img3-16.jpg\",\"width\":1920,\"height\":1440},{\"@type\":\"BreadcrumbList\",\"@id\":\"https:\/\/a-corros.fr\/diagnostic-corrosion\/#breadcrumb\",\"itemListElement\":[{\"@type\":\"ListItem\",\"position\":1,\"name\":\"Home\",\"item\":\"https:\/\/a-corros.fr\/en\/\"},{\"@type\":\"ListItem\",\"position\":2,\"name\":\"Le diagnostic corrosion, une \u00e9tape primordiale avant toute intervention\"}]},{\"@type\":\"WebSite\",\"@id\":\"https:\/\/a-corros.fr\/#website\",\"url\":\"https:\/\/a-corros.fr\/\",\"name\":\"A-Corros : diagnostic et expertise en corrosion et conservation des patrimoines\",\"description\":\"Diagnostic et expertise en corrosion et conservation des patrimoines\",\"publisher\":{\"@id\":\"https:\/\/a-corros.fr\/#organization\"},\"potentialAction\":[{\"@type\":\"SearchAction\",\"target\":{\"@type\":\"EntryPoint\",\"urlTemplate\":\"https:\/\/a-corros.fr\/?s={search_term_string}\"},\"query-input\":{\"@type\":\"PropertyValueSpecification\",\"valueRequired\":true,\"valueName\":\"search_term_string\"}}],\"inLanguage\":\"en-US\"},{\"@type\":\"Organization\",\"@id\":\"https:\/\/a-corros.fr\/#organization\",\"name\":\"A-corros\",\"url\":\"https:\/\/a-corros.fr\/\",\"logo\":{\"@type\":\"ImageObject\",\"inLanguage\":\"en-US\",\"@id\":\"https:\/\/a-corros.fr\/#\/schema\/logo\/image\/\",\"url\":\"https:\/\/a-corros.fr\/wp-content\/uploads\/2019\/04\/A-CORROS-.jpg\",\"contentUrl\":\"https:\/\/a-corros.fr\/wp-content\/uploads\/2019\/04\/A-CORROS-.jpg\",\"width\":650,\"height\":129,\"caption\":\"A-corros\"},\"image\":{\"@id\":\"https:\/\/a-corros.fr\/#\/schema\/logo\/image\/\"}}]}<\/script>\n<!-- \/ Yoast SEO plugin. -->","yoast_head_json":{"title":"Le diagnostic de la corrosion par nos experts A-Corros","robots":{"index":"index","follow":"follow","max-snippet":"max-snippet:-1","max-image-preview":"max-image-preview:large","max-video-preview":"max-video-preview:-1"},"canonical":"https:\/\/a-corros.fr\/diagnostic-corrosion\/","og_locale":"en_US","og_type":"article","og_title":"Le diagnostic de la corrosion par nos experts A-Corros","og_description":"Avant d\u2019envisager le&nbsp;traitement de la corrosion, nos experts r\u00e9alisent un diagnostic de corrosion afin de contr\u00f4ler la solidit\u00e9 et la fiabilit\u00e9 des \u00e9quipements et des installations. V\u00e9ritable enjeu environnemental et r\u00e9glementaire, le management du risque de corrosion n\u00e9cessite une grande expertise quel que soit le secteur concern\u00e9. En tant que sp\u00e9cialiste dans le diagnostic corrosion,&hellip;","og_url":"https:\/\/a-corros.fr\/diagnostic-corrosion\/","og_site_name":"A-Corros : diagnostic et expertise en corrosion et conservation des patrimoines","article_modified_time":"2022-01-13T10:50:26+00:00","og_image":[{"width":1920,"height":1440,"url":"https:\/\/a-corros.fr\/wp-content\/uploads\/2018\/07\/a-corros-img3-16.jpg","type":"image\/jpeg"}],"twitter_card":"summary_large_image","twitter_misc":{"Est. reading time":"5 minutes"},"schema":{"@context":"https:\/\/schema.org","@graph":[{"@type":"WebPage","@id":"https:\/\/a-corros.fr\/diagnostic-corrosion\/","url":"https:\/\/a-corros.fr\/diagnostic-corrosion\/","name":"Le diagnostic de la corrosion par nos experts A-Corros","isPartOf":{"@id":"https:\/\/a-corros.fr\/#website"},"primaryImageOfPage":{"@id":"https:\/\/a-corros.fr\/diagnostic-corrosion\/#primaryimage"},"image":{"@id":"https:\/\/a-corros.fr\/diagnostic-corrosion\/#primaryimage"},"thumbnailUrl":"https:\/\/a-corros.fr\/wp-content\/uploads\/2018\/07\/a-corros-img3-16.jpg","datePublished":"2018-12-09T16:21:52+00:00","dateModified":"2022-01-13T10:50:26+00:00","breadcrumb":{"@id":"https:\/\/a-corros.fr\/diagnostic-corrosion\/#breadcrumb"},"inLanguage":"en-US","potentialAction":[{"@type":"ReadAction","target":["https:\/\/a-corros.fr\/diagnostic-corrosion\/"]}]},{"@type":"ImageObject","inLanguage":"en-US","@id":"https:\/\/a-corros.fr\/diagnostic-corrosion\/#primaryimage","url":"https:\/\/a-corros.fr\/wp-content\/uploads\/2018\/07\/a-corros-img3-16.jpg","contentUrl":"https:\/\/a-corros.fr\/wp-content\/uploads\/2018\/07\/a-corros-img3-16.jpg","width":1920,"height":1440},{"@type":"BreadcrumbList","@id":"https:\/\/a-corros.fr\/diagnostic-corrosion\/#breadcrumb","itemListElement":[{"@type":"ListItem","position":1,"name":"Home","item":"https:\/\/a-corros.fr\/en\/"},{"@type":"ListItem","position":2,"name":"Le diagnostic corrosion, une \u00e9tape primordiale avant toute intervention"}]},{"@type":"WebSite","@id":"https:\/\/a-corros.fr\/#website","url":"https:\/\/a-corros.fr\/","name":"A-Corros : diagnostic et expertise en corrosion et conservation des patrimoines","description":"Diagnostic et expertise en corrosion et conservation des patrimoines","publisher":{"@id":"https:\/\/a-corros.fr\/#organization"},"potentialAction":[{"@type":"SearchAction","target":{"@type":"EntryPoint","urlTemplate":"https:\/\/a-corros.fr\/?s={search_term_string}"},"query-input":{"@type":"PropertyValueSpecification","valueRequired":true,"valueName":"search_term_string"}}],"inLanguage":"en-US"},{"@type":"Organization","@id":"https:\/\/a-corros.fr\/#organization","name":"A-corros","url":"https:\/\/a-corros.fr\/","logo":{"@type":"ImageObject","inLanguage":"en-US","@id":"https:\/\/a-corros.fr\/#\/schema\/logo\/image\/","url":"https:\/\/a-corros.fr\/wp-content\/uploads\/2019\/04\/A-CORROS-.jpg","contentUrl":"https:\/\/a-corros.fr\/wp-content\/uploads\/2019\/04\/A-CORROS-.jpg","width":650,"height":129,"caption":"A-corros"},"image":{"@id":"https:\/\/a-corros.fr\/#\/schema\/logo\/image\/"}}]}},"_links":{"self":[{"href":"https:\/\/a-corros.fr\/en\/wp-json\/wp\/v2\/pages\/2122","targetHints":{"allow":["GET"]}}],"collection":[{"href":"https:\/\/a-corros.fr\/en\/wp-json\/wp\/v2\/pages"}],"about":[{"href":"https:\/\/a-corros.fr\/en\/wp-json\/wp\/v2\/types\/page"}],"author":[{"embeddable":true,"href":"https:\/\/a-corros.fr\/en\/wp-json\/wp\/v2\/users\/1"}],"replies":[{"embeddable":true,"href":"https:\/\/a-corros.fr\/en\/wp-json\/wp\/v2\/comments?post=2122"}],"version-history":[{"count":5,"href":"https:\/\/a-corros.fr\/en\/wp-json\/wp\/v2\/pages\/2122\/revisions"}],"predecessor-version":[{"id":4852,"href":"https:\/\/a-corros.fr\/en\/wp-json\/wp\/v2\/pages\/2122\/revisions\/4852"}],"wp:featuredmedia":[{"embeddable":true,"href":"https:\/\/a-corros.fr\/en\/wp-json\/wp\/v2\/media\/2049"}],"wp:attachment":[{"href":"https:\/\/a-corros.fr\/en\/wp-json\/wp\/v2\/media?parent=2122"}],"curies":[{"name":"wp","href":"https:\/\/api.w.org\/{rel}","templated":true}]}}