{"id":2131,"date":"2018-12-09T17:21:52","date_gmt":"2018-12-09T16:21:52","guid":{"rendered":"https:\/\/a-corros.fr\/la-corrosion-et-la-restauration-des-biens-culturels-du-patrimoine\/"},"modified":"2019-03-14T15:28:47","modified_gmt":"2019-03-14T14:28:47","slug":"corrosion-objet-archeologique","status":"publish","type":"page","link":"https:\/\/a-corros.fr\/en\/corrosion-objet-archeologique\/","title":{"rendered":"La conservation et la restauration d\u2019objet arch\u00e9ologique m\u00e9tallique avec les experts A-CORROS"},"content":{"rendered":"\n<p class=\"chapo\">Apr\u00e8s la d\u00e9couverte de sites arch\u00e9ologiques, les professionnels doivent intervenir pour bien pr\u00e9parer la mise \u00e0 jour des objets trouv\u00e9s. Cette \u00e9tape est tr\u00e8s importante, car les pi\u00e8ces qui ont \u00e9t\u00e9 longtemps enfouies dans un environnement stable et qui ont subi une d\u00e9t\u00e9rioration lente vont \u00eatre expos\u00e9es \u00e0 des conditions environnementales diff\u00e9rentes qui peuvent les endommager s\u00e9v\u00e8rement. A-CORROS Expertise, conscient des besoins en mati\u00e8re <b>de conservation et de restauration d\u2019objets arch\u00e9ologiques m\u00e9talliques<\/b>, propose des solutions concr\u00e8tes et fiables \u00e0 toutes les \u00e9tapes de vos projets.<\/p>\n\n\n\n<h2 class=\"wp-block-heading\">Comprendre le ph\u00e9nom\u00e8ne de corrosion des objets arch\u00e9ologiques m\u00e9talliques <\/h2>\n\n\n\n<p>Les m\u00e9canismes de corrosion constat\u00e9s sur les objets arch\u00e9ologiques m\u00e9talliques d\u00e9pendent des caract\u00e9ristiques physico-chimiques de l\u2019environnement de conservation : la temp\u00e9rature ambiante, la teneur en oxyg\u00e8ne, les \u00e9l\u00e9ments chimiques pr\u00e9sents dans le milieu (chlore, carbonate), le pH et les diff\u00e9rents organismes vivants s\u2019il s\u2019agit de corrosion bact\u00e9rienne. Gr\u00e2ce \u00e0 des \u00e9tudes sp\u00e9cifiques portant sur l\u2019influence de l\u2019environnement sur le fer, les experts ont mis au point des proc\u00e9d\u00e9s particuliers pour <b>restaurer et pour conserver les objets arch\u00e9ologiques m\u00e9talliques<\/b> d\u00e8s le jour de leur mise \u00e0 d\u00e9couvert.<\/p>\n\n\n\n<p>Les d\u00e9marches \u00e0 entreprendre sont diff\u00e9rentes lorsque la pi\u00e8ce est trouv\u00e9e en milieu terrestre ou en milieu sous-marin. Les couches de corrosion constat\u00e9es sont en effet diff\u00e9rentes et les traitements \u00e0 appliquer doivent \u00eatre adapt\u00e9s afin de pr\u00e9server au mieux la structure de <b>l\u2019objet arch\u00e9ologique m\u00e9tallique<\/b>.<\/p>\n\n\n\n<p>A-CORROS intervient d\u00e8s la phase de pr\u00e9paration afin de bien d\u00e9finir les traitements \u00e0 effectuer d\u00e8s la mise \u00e0 jour des objets arch\u00e9ologiques m\u00e9talliques. Des traitements sp\u00e9ciaux sont appliqu\u00e9s pour \u00e9liminer les couches de corrosion, mais aussi pour restaurer chaque pi\u00e8ce en respectant leurs formes et propri\u00e9t\u00e9s originales. Des proc\u00e9d\u00e9s de conservation pr\u00e9ventive sont \u00e9galement appliqu\u00e9s pour assurer leur p\u00e9rennit\u00e9.<\/p>\n\n\n\n<h3 class=\"wp-block-heading\">La d\u00e9chloruration en conditions subcritiques, une solution anticorrosion efficace <\/h3>\n\n\n\n<p>La d\u00e9chloruration par fluides subcritiques est un proc\u00e9d\u00e9 de traitement qui joue sur les conditions de pression et de basses temp\u00e9ratures pour <b>restaurer et conserver les objets arch\u00e9ologiques m\u00e9talliques<\/b>. Ce proc\u00e9d\u00e9 apporte une certaine stabilit\u00e9 environnementale propice \u00e0 l\u2019acc\u00e9l\u00e9ration des traitements de d\u00e9chloruration des pi\u00e8ces m\u00e9talliques en provenance de sites arch\u00e9ologiques. Il faut noter que la d\u00e9chloruration acc\u00e9l\u00e8re aussi la stabilisation des \u00e9l\u00e9ments chimiques de la surface de l\u2019objet \u00e0 traiter.<\/p>\n\n\n\n<p>Les experts A-CORROS jouent \u00e9galement sur d\u2019autres param\u00e8tres tels que la temp\u00e9rature, la pression, le d\u00e9bit de solution pour enclencher des transformations physico-chimiques id\u00e9ales pour r\u00e9ussir la restauration et la conservation des objets issus des fouilles arch\u00e9ologiques en fonction des couches de produits de corrosion. Confiez <b>la restauration et la conservation de vos objets arch\u00e9ologiques m\u00e9talliques<\/b> \u00e0 des techniciens qualifi\u00e9s qui connaissent tous les proc\u00e9d\u00e9s de transformations se rapportant \u00e0 ce domaine d\u2019activit\u00e9 typique.<\/p>\n\n\n\n<p>Gr\u00e2ce \u00e0 une maitrise parfaite de la nature des transformations de phases de produits de corrosion, les experts A-CORROS sont en mesure de d\u00e9finir le mode stockage avant le traitement et le type de traitement le plus adapt\u00e9 en fonction du type d\u2019objet, du milieu arch\u00e9ologique et des r\u00e9sultats des analyses effectu\u00e9es. Une m\u00e9thodologie bien d\u00e9finie est appliqu\u00e9e dans le respect des diff\u00e9rentes \u00e9tapes \u00e0 suivre en fonction des conditions externes d\u2019enfouissement et des nouvelles conditions environnementales.<\/p>\n\n\n\n<h3 class=\"wp-block-heading\">Le protocole de traitement subcritique A-CORROS <\/h3>\n\n\n\n<p>Le prototype de traitement subcritique A-CORROS consiste principalement en la stabilisation des objets arch\u00e9ologiques. En partenariat avec A3i, la soci\u00e9t\u00e9 A-CORROS Expertise a d\u00e9velopp\u00e9 un \u00e9quipement efficace pour le traitement subcritique : les objets arch\u00e9ologiques m\u00e9talliques sont install\u00e9s dans un environnement favorable pour r\u00e9ussir toutes les \u00e9tapes du traitement.<\/p>\n\n\n\n<p>Le dispositif de traitement est essentiellement compos\u00e9 de pompe et de filtres. Pendant la phase de d\u00e9marrage, les objets \u00e0 traiter sont plac\u00e9s dans le r\u00e9acteur et la solution de traitement la plus adapt\u00e9e est vers\u00e9e dans l\u2019appareil. L\u2019air pi\u00e9g\u00e9 \u00e0 l\u2019int\u00e9rieur doit \u00eatre purg\u00e9 et il faut augmenter la pression, ainsi que la temp\u00e9rature de travail. Apr\u00e8s cette phase de pr\u00e9paration, le traitement subcritique en r\u00e9gime nominal peut \u00eatre lanc\u00e9. Pendant la phase d\u2019arr\u00eat, il faut r\u00e9duire la temp\u00e9rature et d\u00e9pressuriser l\u2019appareil. Ensuite, il faut ouvrir le r\u00e9acteur afin de conditionner les objets en les rin\u00e7ant et en les s\u00e9chant. Le prototype doit \u00eatre nettoy\u00e9 apr\u00e8s chaque utilisation<\/p>\n\n\n\n<h2 class=\"wp-block-heading\">Les experts A-CORROS pour vos missions de conservation-restauration d\u2019objets arch\u00e9ologiques m\u00e9talliques <\/h2>\n\n\n\n<p>Dans le cadre d\u2019une mission de conservation-restauration d\u2019objets arch\u00e9ologiques m\u00e9talliques, les experts A-CORROS effectuent toujours une \u00e9tude minutieuse des cas avant une mise \u00e0 d\u00e9couvert sur un site arch\u00e9ologique ou une exposition dans un mus\u00e9e. Ils peuvent aussi intervenir dans le cadre d\u2019une urgence pour sauver des \u00e9l\u00e9ments en danger \u00e0 cause de la vitesse de d\u00e9t\u00e9rioration en cas de changement brutal d\u2019environnement. Il est \u00e9galement possible de programmer la gestion des objets arch\u00e9ologiques m\u00e9talliques sortis d\u2019une fouille. Nous pouvons faire une \u00e9valuation sanitaire et d\u00e9finir des modes de conservation pr\u00e9ventive adapt\u00e9s.<\/p>\n\n\n\n<p>B\u00e9n\u00e9ficiez d\u2019un accompagnement personnalis\u00e9 en travaillant avec des professionnels exp\u00e9riment\u00e9s qui sont en mesure de r\u00e9aliser un diagnostic fiable et de proposer des solutions sur-mesure pour <strong>la conservation et la restauration de vos objets arch\u00e9ologiques m\u00e9talliques<\/strong>. Des prestations compl\u00e8tes sont prodigu\u00e9es pour faciliter la phase de restauration et de conservation des pi\u00e8ces trouv\u00e9es et pour vous permettre de vous concentrer sur vos sp\u00e9cialit\u00e9s.<\/p>\n","protected":false},"excerpt":{"rendered":"<p>Apr\u00e8s la d\u00e9couverte de sites arch\u00e9ologiques, les professionnels doivent intervenir pour bien pr\u00e9parer la mise \u00e0 jour des objets trouv\u00e9s. Cette \u00e9tape est tr\u00e8s importante, car les pi\u00e8ces qui ont \u00e9t\u00e9 longtemps enfouies dans un environnement stable et qui ont subi une d\u00e9t\u00e9rioration lente vont \u00eatre expos\u00e9es \u00e0 des conditions environnementales diff\u00e9rentes qui peuvent les&hellip;<\/p>\n","protected":false},"author":1,"featured_media":2049,"parent":0,"menu_order":0,"comment_status":"closed","ping_status":"closed","template":"","meta":{"_acf_changed":false,"footnotes":""},"class_list":["post-2131","page","type-page","status-publish","has-post-thumbnail","hentry"],"acf":[],"yoast_head":"<!-- This site is optimized with the Yoast SEO plugin v25.2 - https:\/\/yoast.com\/wordpress\/plugins\/seo\/ -->\n<title>la restauration des objets m\u00e9talliques arch\u00e9ologiques - A-Corros<\/title>\n<meta name=\"robots\" content=\"index, follow, max-snippet:-1, max-image-preview:large, max-video-preview:-1\" \/>\n<link rel=\"canonical\" href=\"https:\/\/a-corros.fr\/corrosion-objet-archeologique\/\" \/>\n<meta property=\"og:locale\" content=\"en_US\" \/>\n<meta property=\"og:type\" content=\"article\" \/>\n<meta property=\"og:title\" content=\"la restauration des objets m\u00e9talliques arch\u00e9ologiques - A-Corros\" \/>\n<meta property=\"og:description\" content=\"Apr\u00e8s la d\u00e9couverte de sites arch\u00e9ologiques, les professionnels doivent intervenir pour bien pr\u00e9parer la mise \u00e0 jour des objets trouv\u00e9s. Cette \u00e9tape est tr\u00e8s importante, car les pi\u00e8ces qui ont \u00e9t\u00e9 longtemps enfouies dans un environnement stable et qui ont subi une d\u00e9t\u00e9rioration lente vont \u00eatre expos\u00e9es \u00e0 des conditions environnementales diff\u00e9rentes qui peuvent les&hellip;\" \/>\n<meta property=\"og:url\" content=\"https:\/\/a-corros.fr\/corrosion-objet-archeologique\/\" \/>\n<meta property=\"og:site_name\" content=\"A-Corros : diagnostic et expertise en corrosion et conservation des patrimoines\" \/>\n<meta property=\"article:modified_time\" content=\"2019-03-14T14:28:47+00:00\" \/>\n<meta property=\"og:image\" content=\"https:\/\/a-corros.fr\/wp-content\/uploads\/2018\/07\/a-corros-img3-16.jpg\" \/>\n\t<meta property=\"og:image:width\" content=\"1920\" \/>\n\t<meta property=\"og:image:height\" content=\"1440\" \/>\n\t<meta property=\"og:image:type\" content=\"image\/jpeg\" \/>\n<meta name=\"twitter:card\" content=\"summary_large_image\" \/>\n<meta name=\"twitter:label1\" content=\"Est. reading time\" \/>\n\t<meta name=\"twitter:data1\" content=\"5 minutes\" \/>\n<script type=\"application\/ld+json\" class=\"yoast-schema-graph\">{\"@context\":\"https:\/\/schema.org\",\"@graph\":[{\"@type\":\"WebPage\",\"@id\":\"https:\/\/a-corros.fr\/corrosion-objet-archeologique\/\",\"url\":\"https:\/\/a-corros.fr\/corrosion-objet-archeologique\/\",\"name\":\"la restauration des objets m\u00e9talliques arch\u00e9ologiques - A-Corros\",\"isPartOf\":{\"@id\":\"https:\/\/a-corros.fr\/#website\"},\"primaryImageOfPage\":{\"@id\":\"https:\/\/a-corros.fr\/corrosion-objet-archeologique\/#primaryimage\"},\"image\":{\"@id\":\"https:\/\/a-corros.fr\/corrosion-objet-archeologique\/#primaryimage\"},\"thumbnailUrl\":\"https:\/\/a-corros.fr\/wp-content\/uploads\/2018\/07\/a-corros-img3-16.jpg\",\"datePublished\":\"2018-12-09T16:21:52+00:00\",\"dateModified\":\"2019-03-14T14:28:47+00:00\",\"breadcrumb\":{\"@id\":\"https:\/\/a-corros.fr\/corrosion-objet-archeologique\/#breadcrumb\"},\"inLanguage\":\"en-US\",\"potentialAction\":[{\"@type\":\"ReadAction\",\"target\":[\"https:\/\/a-corros.fr\/corrosion-objet-archeologique\/\"]}]},{\"@type\":\"ImageObject\",\"inLanguage\":\"en-US\",\"@id\":\"https:\/\/a-corros.fr\/corrosion-objet-archeologique\/#primaryimage\",\"url\":\"https:\/\/a-corros.fr\/wp-content\/uploads\/2018\/07\/a-corros-img3-16.jpg\",\"contentUrl\":\"https:\/\/a-corros.fr\/wp-content\/uploads\/2018\/07\/a-corros-img3-16.jpg\",\"width\":1920,\"height\":1440},{\"@type\":\"BreadcrumbList\",\"@id\":\"https:\/\/a-corros.fr\/corrosion-objet-archeologique\/#breadcrumb\",\"itemListElement\":[{\"@type\":\"ListItem\",\"position\":1,\"name\":\"Home\",\"item\":\"https:\/\/a-corros.fr\/en\/\"},{\"@type\":\"ListItem\",\"position\":2,\"name\":\"La conservation et la restauration d\u2019objet arch\u00e9ologique m\u00e9tallique avec les experts A-CORROS\"}]},{\"@type\":\"WebSite\",\"@id\":\"https:\/\/a-corros.fr\/#website\",\"url\":\"https:\/\/a-corros.fr\/\",\"name\":\"A-Corros : diagnostic et expertise en corrosion et conservation des patrimoines\",\"description\":\"Diagnostic et expertise en corrosion et conservation des patrimoines\",\"publisher\":{\"@id\":\"https:\/\/a-corros.fr\/#organization\"},\"potentialAction\":[{\"@type\":\"SearchAction\",\"target\":{\"@type\":\"EntryPoint\",\"urlTemplate\":\"https:\/\/a-corros.fr\/?s={search_term_string}\"},\"query-input\":{\"@type\":\"PropertyValueSpecification\",\"valueRequired\":true,\"valueName\":\"search_term_string\"}}],\"inLanguage\":\"en-US\"},{\"@type\":\"Organization\",\"@id\":\"https:\/\/a-corros.fr\/#organization\",\"name\":\"A-corros\",\"url\":\"https:\/\/a-corros.fr\/\",\"logo\":{\"@type\":\"ImageObject\",\"inLanguage\":\"en-US\",\"@id\":\"https:\/\/a-corros.fr\/#\/schema\/logo\/image\/\",\"url\":\"https:\/\/a-corros.fr\/wp-content\/uploads\/2019\/04\/A-CORROS-.jpg\",\"contentUrl\":\"https:\/\/a-corros.fr\/wp-content\/uploads\/2019\/04\/A-CORROS-.jpg\",\"width\":650,\"height\":129,\"caption\":\"A-corros\"},\"image\":{\"@id\":\"https:\/\/a-corros.fr\/#\/schema\/logo\/image\/\"}}]}<\/script>\n<!-- \/ Yoast SEO plugin. -->","yoast_head_json":{"title":"la restauration des objets m\u00e9talliques arch\u00e9ologiques - A-Corros","robots":{"index":"index","follow":"follow","max-snippet":"max-snippet:-1","max-image-preview":"max-image-preview:large","max-video-preview":"max-video-preview:-1"},"canonical":"https:\/\/a-corros.fr\/corrosion-objet-archeologique\/","og_locale":"en_US","og_type":"article","og_title":"la restauration des objets m\u00e9talliques arch\u00e9ologiques - A-Corros","og_description":"Apr\u00e8s la d\u00e9couverte de sites arch\u00e9ologiques, les professionnels doivent intervenir pour bien pr\u00e9parer la mise \u00e0 jour des objets trouv\u00e9s. Cette \u00e9tape est tr\u00e8s importante, car les pi\u00e8ces qui ont \u00e9t\u00e9 longtemps enfouies dans un environnement stable et qui ont subi une d\u00e9t\u00e9rioration lente vont \u00eatre expos\u00e9es \u00e0 des conditions environnementales diff\u00e9rentes qui peuvent les&hellip;","og_url":"https:\/\/a-corros.fr\/corrosion-objet-archeologique\/","og_site_name":"A-Corros : diagnostic et expertise en corrosion et conservation des patrimoines","article_modified_time":"2019-03-14T14:28:47+00:00","og_image":[{"width":1920,"height":1440,"url":"https:\/\/a-corros.fr\/wp-content\/uploads\/2018\/07\/a-corros-img3-16.jpg","type":"image\/jpeg"}],"twitter_card":"summary_large_image","twitter_misc":{"Est. reading time":"5 minutes"},"schema":{"@context":"https:\/\/schema.org","@graph":[{"@type":"WebPage","@id":"https:\/\/a-corros.fr\/corrosion-objet-archeologique\/","url":"https:\/\/a-corros.fr\/corrosion-objet-archeologique\/","name":"la restauration des objets m\u00e9talliques arch\u00e9ologiques - A-Corros","isPartOf":{"@id":"https:\/\/a-corros.fr\/#website"},"primaryImageOfPage":{"@id":"https:\/\/a-corros.fr\/corrosion-objet-archeologique\/#primaryimage"},"image":{"@id":"https:\/\/a-corros.fr\/corrosion-objet-archeologique\/#primaryimage"},"thumbnailUrl":"https:\/\/a-corros.fr\/wp-content\/uploads\/2018\/07\/a-corros-img3-16.jpg","datePublished":"2018-12-09T16:21:52+00:00","dateModified":"2019-03-14T14:28:47+00:00","breadcrumb":{"@id":"https:\/\/a-corros.fr\/corrosion-objet-archeologique\/#breadcrumb"},"inLanguage":"en-US","potentialAction":[{"@type":"ReadAction","target":["https:\/\/a-corros.fr\/corrosion-objet-archeologique\/"]}]},{"@type":"ImageObject","inLanguage":"en-US","@id":"https:\/\/a-corros.fr\/corrosion-objet-archeologique\/#primaryimage","url":"https:\/\/a-corros.fr\/wp-content\/uploads\/2018\/07\/a-corros-img3-16.jpg","contentUrl":"https:\/\/a-corros.fr\/wp-content\/uploads\/2018\/07\/a-corros-img3-16.jpg","width":1920,"height":1440},{"@type":"BreadcrumbList","@id":"https:\/\/a-corros.fr\/corrosion-objet-archeologique\/#breadcrumb","itemListElement":[{"@type":"ListItem","position":1,"name":"Home","item":"https:\/\/a-corros.fr\/en\/"},{"@type":"ListItem","position":2,"name":"La conservation et la restauration d\u2019objet arch\u00e9ologique m\u00e9tallique avec les experts A-CORROS"}]},{"@type":"WebSite","@id":"https:\/\/a-corros.fr\/#website","url":"https:\/\/a-corros.fr\/","name":"A-Corros : diagnostic et expertise en corrosion et conservation des patrimoines","description":"Diagnostic et expertise en corrosion et conservation des patrimoines","publisher":{"@id":"https:\/\/a-corros.fr\/#organization"},"potentialAction":[{"@type":"SearchAction","target":{"@type":"EntryPoint","urlTemplate":"https:\/\/a-corros.fr\/?s={search_term_string}"},"query-input":{"@type":"PropertyValueSpecification","valueRequired":true,"valueName":"search_term_string"}}],"inLanguage":"en-US"},{"@type":"Organization","@id":"https:\/\/a-corros.fr\/#organization","name":"A-corros","url":"https:\/\/a-corros.fr\/","logo":{"@type":"ImageObject","inLanguage":"en-US","@id":"https:\/\/a-corros.fr\/#\/schema\/logo\/image\/","url":"https:\/\/a-corros.fr\/wp-content\/uploads\/2019\/04\/A-CORROS-.jpg","contentUrl":"https:\/\/a-corros.fr\/wp-content\/uploads\/2019\/04\/A-CORROS-.jpg","width":650,"height":129,"caption":"A-corros"},"image":{"@id":"https:\/\/a-corros.fr\/#\/schema\/logo\/image\/"}}]}},"_links":{"self":[{"href":"https:\/\/a-corros.fr\/en\/wp-json\/wp\/v2\/pages\/2131","targetHints":{"allow":["GET"]}}],"collection":[{"href":"https:\/\/a-corros.fr\/en\/wp-json\/wp\/v2\/pages"}],"about":[{"href":"https:\/\/a-corros.fr\/en\/wp-json\/wp\/v2\/types\/page"}],"author":[{"embeddable":true,"href":"https:\/\/a-corros.fr\/en\/wp-json\/wp\/v2\/users\/1"}],"replies":[{"embeddable":true,"href":"https:\/\/a-corros.fr\/en\/wp-json\/wp\/v2\/comments?post=2131"}],"version-history":[{"count":5,"href":"https:\/\/a-corros.fr\/en\/wp-json\/wp\/v2\/pages\/2131\/revisions"}],"predecessor-version":[{"id":2311,"href":"https:\/\/a-corros.fr\/en\/wp-json\/wp\/v2\/pages\/2131\/revisions\/2311"}],"wp:featuredmedia":[{"embeddable":true,"href":"https:\/\/a-corros.fr\/en\/wp-json\/wp\/v2\/media\/2049"}],"wp:attachment":[{"href":"https:\/\/a-corros.fr\/en\/wp-json\/wp\/v2\/media?parent=2131"}],"curies":[{"name":"wp","href":"https:\/\/api.w.org\/{rel}","templated":true}]}}