{"id":2953,"date":"2019-05-20T15:00:50","date_gmt":"2019-05-20T13:00:50","guid":{"rendered":"https:\/\/a-corros.fr\/?page_id=2953"},"modified":"2026-01-06T15:45:48","modified_gmt":"2026-01-06T14:45:48","slug":"the-team","status":"publish","type":"page","link":"https:\/\/a-corros.fr\/en\/the-team\/","title":{"rendered":"Our Team"},"content":{"rendered":"\n<h4 class=\"wp-block-heading\"><strong>The multidisciplinary team at A-CORROS draws upon its professionalism and combined expertise to provide services of the highest quality. <\/strong><\/h4>\n\n\n<div class=\"wp-block-image\">\n<figure class=\"aligncenter size-full is-resized\"><img loading=\"lazy\" decoding=\"async\" width=\"578\" height=\"578\" src=\"https:\/\/a-corros.fr\/wp-content\/uploads\/2022\/11\/JB-web.png\" alt=\"\" class=\"wp-image-5091\" style=\"width:250px;height:250px\" srcset=\"https:\/\/a-corros.fr\/wp-content\/uploads\/2022\/11\/JB-web.png 578w, https:\/\/a-corros.fr\/wp-content\/uploads\/2022\/11\/JB-web-300x300.png 300w, https:\/\/a-corros.fr\/wp-content\/uploads\/2022\/11\/JB-web-150x150.png 150w\" sizes=\"auto, (max-width: 578px) 100vw, 578px\" \/><\/figure><\/div>\n\n\n<h4 class=\"wp-block-heading has-text-align-center\"><strong>Jean-Bernard MEMET<\/strong><\/h4>\n\n\n\n<p><strong>PhD in material sciences specialised in marine corrosion\u2013 Director of the Industrial Division \/ MH<\/strong><\/p>\n\n\n\n<ul class=\"wp-block-list\">\n<li>Founder and co-owner of A-CORROS since 2007.<\/li>\n\n\n\n<li>Director of underwater heritage and research at the Arc\u2019 Antique laboratory in Nantes (2001-2006) <\/li>\n\n\n\n<li>Doctorate and lecturer at the LaSiE laboratory of the Universit\u00e9 de la Rochelle (1996-2001) <\/li>\n\n\n\n<li>Research engineer at the LTDS laboratory of the Ecole Centrale de Lyon (1995)<\/li>\n\n\n\n<li>Engineer for corrosion and cathodic protection at IFREMER (1992-1993) <\/li>\n\n\n\n<li>Editor of the Conservation Annex of UNESCO\u2019s International Charter for Maritime cultural heritage (2006) <\/li>\n\n\n\n<li>Level III Inspector of anticorrosion paint systems ACQPA\/FROSIO No. 11081 (2018)<\/li>\n<\/ul>\n\n\n\n<hr class=\"wp-block-separator has-alpha-channel-opacity\"\/>\n\n\n<div class=\"wp-block-image\">\n<figure class=\"aligncenter size-full is-resized\"><img loading=\"lazy\" decoding=\"async\" width=\"578\" height=\"578\" src=\"https:\/\/a-corros.fr\/wp-content\/uploads\/2022\/11\/Pdv-web.png\" alt=\"\" class=\"wp-image-5088\" style=\"width:237px;height:237px\" srcset=\"https:\/\/a-corros.fr\/wp-content\/uploads\/2022\/11\/Pdv-web.png 578w, https:\/\/a-corros.fr\/wp-content\/uploads\/2022\/11\/Pdv-web-300x300.png 300w, https:\/\/a-corros.fr\/wp-content\/uploads\/2022\/11\/Pdv-web-150x150.png 150w\" sizes=\"auto, (max-width: 578px) 100vw, 578px\" \/><\/figure><\/div>\n\n\n<h4 class=\"wp-block-heading has-text-align-center\"><strong>Philippe de VIVI\u00c9S<\/strong> <\/h4>\n\n\n\n<p><strong>Conservator-restorer of cultural heritage\u2013 Director of the Conservation Division<\/strong><\/p>\n\n\n\n<p>Masters in conservation-restoration of cultural heritage, Universit\u00e9 de Paris 1, Panth\u00e9on, Sorbonne <\/p>\n\n\n\n<ul class=\"wp-block-list\">\n<li>Conservator-restorer and co-owner of A-CORROS since 2008<\/li>\n\n\n\n<li>Laureate of the Young Enterprise Initiative of the French Ministry for Europe and Foreign Affairs (MEAE) 2008<\/li>\n\n\n\n<li>Conservator-Restorer and lecturer at Clemson University\u2019s Warren Lasch Conservation Center, Charleston, South Carolina (USA) in charge of the treatment and conservation (all materials) of the collection of the 19th-century <em>Hunley <\/em>submarine (2000-2008) <\/li>\n\n\n\n<li>Conservator-Restorer at the Laboratoire Archeolyse International in Cannes (2007)<\/li>\n<\/ul>\n\n\n\n<hr class=\"wp-block-separator has-alpha-channel-opacity\"\/>\n\n\n<div class=\"wp-block-image\">\n<figure class=\"aligncenter size-full is-resized\"><img loading=\"lazy\" decoding=\"async\" width=\"578\" height=\"578\" src=\"https:\/\/a-corros.fr\/wp-content\/uploads\/2022\/11\/Marine-B-web.png\" alt=\"\" class=\"wp-image-5085\" style=\"width:219px;height:219px\" srcset=\"https:\/\/a-corros.fr\/wp-content\/uploads\/2022\/11\/Marine-B-web.png 578w, https:\/\/a-corros.fr\/wp-content\/uploads\/2022\/11\/Marine-B-web-300x300.png 300w, https:\/\/a-corros.fr\/wp-content\/uploads\/2022\/11\/Marine-B-web-150x150.png 150w\" sizes=\"auto, (max-width: 578px) 100vw, 578px\" \/><\/figure><\/div>\n\n\n<h4 class=\"wp-block-heading has-text-align-center\"><strong>Marine BAYLE<\/strong> <\/h4>\n\n\n\n<p><strong>PhD \u2013 Engineer in material science \u2013 in charge of research, development, innovation and analysis &nbsp;<\/strong><\/p>\n\n\n\n<ul class=\"wp-block-list\">\n<li>Responsible for R&amp;D at A-CORROS since 2015 <\/li>\n\n\n\n<li>PhD at LAPA\/NIMBE joint research unit No. 3685 of CNRS \/CEA at Saclay co-financed by CNRS\/A-CORROS (2012-2015)<\/li>\n<\/ul>\n\n\n\n<hr class=\"wp-block-separator has-alpha-channel-opacity\"\/>\n\n\n<div class=\"wp-block-image\">\n<figure class=\"aligncenter size-full is-resized\"><img loading=\"lazy\" decoding=\"async\" width=\"501\" height=\"498\" src=\"https:\/\/a-corros.fr\/wp-content\/uploads\/2025\/07\/alaric_web-removebg-preview.png\" alt=\"\" class=\"wp-image-5997\" style=\"width:239px;height:auto\" srcset=\"https:\/\/a-corros.fr\/wp-content\/uploads\/2025\/07\/alaric_web-removebg-preview.png 501w, https:\/\/a-corros.fr\/wp-content\/uploads\/2025\/07\/alaric_web-removebg-preview-300x298.png 300w, https:\/\/a-corros.fr\/wp-content\/uploads\/2025\/07\/alaric_web-removebg-preview-150x150.png 150w\" sizes=\"auto, (max-width: 501px) 100vw, 501px\" \/><\/figure><\/div>\n\n\n<h4 class=\"wp-block-heading has-text-align-center\"><strong>Alaric ZANIBELLATO<\/strong><\/h4>\n\n\n\n<p class=\"has-text-align-center\"><strong>Doctor of Electrochemistry and General Engineering<\/strong><\/p>\n\n\n\n<ul class=\"wp-block-list\">\n<li>Business Manager in the Industry Division<\/li>\n\n\n\n<li>Cathodic Protection N3 MER<\/li>\n\n\n\n<li>Scuba Diver IB<\/li>\n\n\n\n<li>PhD in Marine Corrosion and Electrochemistry &#8211; <a href=\"https:\/\/www.univ-larochelle.fr\/recherche\/doctorat-et-hdr\/doctorat\/\" target=\"_blank\" rel=\"noreferrer noopener\">University of La Rochelle<\/a> (2012-2016)<\/li>\n\n\n\n<li>Master&#8217;s Degree in Materials Science &#8211; <a href=\"https:\/\/www.univ-tlse3.fr\/decouvrir-nos-diplomes\/master-mention-sciences-et-genie-des-materiaux\" target=\"_blank\" rel=\"noreferrer noopener\">Paul Sabatier University Toulouse III<\/a> (2011-2012)<\/li>\n<\/ul>\n\n\n<div class=\"wp-block-image\">\n<figure class=\"aligncenter size-full is-resized\"><img loading=\"lazy\" decoding=\"async\" width=\"387\" height=\"386\" src=\"https:\/\/a-corros.fr\/wp-content\/uploads\/2026\/01\/Cyril_web.png\" alt=\"\" class=\"wp-image-6061\" style=\"aspect-ratio:1;width:294px;height:auto\" srcset=\"https:\/\/a-corros.fr\/wp-content\/uploads\/2026\/01\/Cyril_web.png 387w, https:\/\/a-corros.fr\/wp-content\/uploads\/2026\/01\/Cyril_web-300x300.png 300w, https:\/\/a-corros.fr\/wp-content\/uploads\/2026\/01\/Cyril_web-150x150.png 150w\" sizes=\"auto, (max-width: 387px) 100vw, 387px\" \/><\/figure><\/div>\n\n\n<h4 class=\"wp-block-heading has-text-align-center\"><strong>Cyril BOUR<\/strong><\/h4>\n\n\n\n<p class=\"has-text-align-center\"><strong>Laboratory technician \/ assistant engineer<\/strong><\/p>\n\n\n\n<hr class=\"wp-block-separator has-alpha-channel-opacity\"\/>\n\n\n<div class=\"wp-block-image\">\n<figure class=\"aligncenter size-full is-resized\"><img loading=\"lazy\" decoding=\"async\" width=\"578\" height=\"578\" src=\"https:\/\/a-corros.fr\/wp-content\/uploads\/2022\/11\/Marine-C.png\" alt=\"\" class=\"wp-image-5079\" style=\"width:239px;height:239px\" srcset=\"https:\/\/a-corros.fr\/wp-content\/uploads\/2022\/11\/Marine-C.png 578w, https:\/\/a-corros.fr\/wp-content\/uploads\/2022\/11\/Marine-C-300x300.png 300w, https:\/\/a-corros.fr\/wp-content\/uploads\/2022\/11\/Marine-C-150x150.png 150w\" sizes=\"auto, (max-width: 578px) 100vw, 578px\" \/><\/figure><\/div>\n\n\n<h4 class=\"wp-block-heading has-text-align-center\"><strong>Marine CROUZET<\/strong> <\/h4>\n\n\n\n<p><strong>Conservator-restorer of cultural heritage \u2013 Masters in history <\/strong><\/p>\n\n\n\n<ul class=\"wp-block-list\">\n<li>Masters in conservation-restoration of cultural heritage, Universit\u00e9 de Paris 1, Panth\u00e9on, Sorbonne (2015).<\/li>\n<\/ul>\n\n\n\n<hr class=\"wp-block-separator has-alpha-channel-opacity\"\/>\n\n\n<div class=\"wp-block-image\">\n<figure class=\"aligncenter size-full is-resized\"><img loading=\"lazy\" decoding=\"async\" width=\"578\" height=\"578\" src=\"https:\/\/a-corros.fr\/wp-content\/uploads\/2022\/11\/Paul-web.png\" alt=\"\" class=\"wp-image-5076\" style=\"width:241px;height:241px\" srcset=\"https:\/\/a-corros.fr\/wp-content\/uploads\/2022\/11\/Paul-web.png 578w, https:\/\/a-corros.fr\/wp-content\/uploads\/2022\/11\/Paul-web-300x300.png 300w, https:\/\/a-corros.fr\/wp-content\/uploads\/2022\/11\/Paul-web-150x150.png 150w\" sizes=\"auto, (max-width: 578px) 100vw, 578px\" \/><\/figure><\/div>\n\n\n<h4 class=\"wp-block-heading has-text-align-center\"><strong>Paul HOUSSIN<\/strong> <\/h4>\n\n\n\n<p><strong>Conservator-Restorer of cultural heritage<\/strong><\/p>\n\n\n\n<ul class=\"wp-block-list\">\n<li>Masters in conservation-restoration of cultural heritage, Universit\u00e9 de Paris 1, Panth\u00e9on, Sorbonne (2018).<\/li>\n<\/ul>\n\n\n\n<hr class=\"wp-block-separator has-alpha-channel-opacity\"\/>\n\n\n<div class=\"wp-block-image\">\n<figure class=\"aligncenter size-full is-resized\"><img loading=\"lazy\" decoding=\"async\" width=\"578\" height=\"578\" src=\"https:\/\/a-corros.fr\/wp-content\/uploads\/2022\/11\/Marie-F-web.png\" alt=\"\" class=\"wp-image-5073\" style=\"width:251px;height:251px\" srcset=\"https:\/\/a-corros.fr\/wp-content\/uploads\/2022\/11\/Marie-F-web.png 578w, https:\/\/a-corros.fr\/wp-content\/uploads\/2022\/11\/Marie-F-web-300x300.png 300w, https:\/\/a-corros.fr\/wp-content\/uploads\/2022\/11\/Marie-F-web-150x150.png 150w\" sizes=\"auto, (max-width: 578px) 100vw, 578px\" \/><\/figure><\/div>\n\n\n<h4 class=\"wp-block-heading has-text-align-center\"><strong>Marie FAYS<\/strong><\/h4>\n\n\n\n<p><strong>Conservator-Restorer\nof cultural heritage<\/strong><\/p>\n\n\n\n<ul class=\"wp-block-list\">\n<li>Graduate of INP Paris (2018).<\/li>\n<\/ul>\n\n\n\n<hr class=\"wp-block-separator has-alpha-channel-opacity\"\/>\n\n\n<div class=\"wp-block-image\">\n<figure class=\"aligncenter size-full is-resized\"><img loading=\"lazy\" decoding=\"async\" width=\"578\" height=\"578\" src=\"https:\/\/a-corros.fr\/wp-content\/uploads\/2022\/11\/Mar-Web.png\" alt=\"\" class=\"wp-image-5067\" style=\"width:244px;height:244px\" srcset=\"https:\/\/a-corros.fr\/wp-content\/uploads\/2022\/11\/Mar-Web.png 578w, https:\/\/a-corros.fr\/wp-content\/uploads\/2022\/11\/Mar-Web-300x300.png 300w, https:\/\/a-corros.fr\/wp-content\/uploads\/2022\/11\/Mar-Web-150x150.png 150w\" sizes=\"auto, (max-width: 578px) 100vw, 578px\" \/><\/figure><\/div>\n\n\n<h4 class=\"wp-block-heading has-text-align-center\">Mar VALIENTE PEREZ<\/h4>\n\n\n\n<p class=\"has-text-align-center\"><strong>Conservator-Restorer\nof cultural heritage<\/strong><\/p>\n\n\n\n<ul class=\"wp-block-list\">\n<li>Graduate of ESCRBCC (Escola superior de conservaci\u00f3 i restauraci\u00f3 de b\u00e9ns culturals de Catalunya), Barcelone, Espagne, since 2015<\/li>\n<\/ul>\n\n\n\n<hr class=\"wp-block-separator has-alpha-channel-opacity\"\/>\n\n\n<div class=\"wp-block-image\">\n<figure class=\"aligncenter size-full is-resized\"><img loading=\"lazy\" decoding=\"async\" width=\"507\" height=\"523\" src=\"https:\/\/a-corros.fr\/wp-content\/uploads\/2023\/11\/Nolwenn-Web.png\" alt=\"\" class=\"wp-image-5533\" style=\"aspect-ratio:0.9694072657743786;width:268px;height:auto\" srcset=\"https:\/\/a-corros.fr\/wp-content\/uploads\/2023\/11\/Nolwenn-Web.png 507w, https:\/\/a-corros.fr\/wp-content\/uploads\/2023\/11\/Nolwenn-Web-291x300.png 291w\" sizes=\"auto, (max-width: 507px) 100vw, 507px\" \/><\/figure><\/div>\n\n\n<h4 class=\"wp-block-heading has-text-align-center\"><strong>Nolwenn BURELLER LOUVET<\/strong><\/h4>\n\n\n\n<p class=\"has-text-align-center\"><strong><strong>Conservator-Restorer of cultural heritage<\/strong><\/strong><br>Graduate of <a href=\"https:\/\/www.inp.fr\/\" target=\"_blank\" rel=\"noreferrer noopener\">INP<\/a>&nbsp;Paris (2023).<\/p>\n\n\n\n<hr class=\"wp-block-separator has-alpha-channel-opacity\"\/>\n\n\n<div class=\"wp-block-image\">\n<figure class=\"aligncenter size-full is-resized\"><img loading=\"lazy\" decoding=\"async\" width=\"578\" height=\"578\" src=\"https:\/\/a-corros.fr\/wp-content\/uploads\/2022\/11\/Leo-web.png\" alt=\"\" class=\"wp-image-5064\" style=\"width:255px;height:255px\" srcset=\"https:\/\/a-corros.fr\/wp-content\/uploads\/2022\/11\/Leo-web.png 578w, https:\/\/a-corros.fr\/wp-content\/uploads\/2022\/11\/Leo-web-300x300.png 300w, https:\/\/a-corros.fr\/wp-content\/uploads\/2022\/11\/Leo-web-150x150.png 150w\" sizes=\"auto, (max-width: 578px) 100vw, 578px\" \/><\/figure><\/div>\n\n\n<h4 class=\"wp-block-heading has-text-align-center\"><strong>L\u00e9o SERVEL<\/strong> <\/h4>\n\n\n\n<p><strong>Administrative\nassistant and accountant<\/strong> <\/p>\n\n\n\n<p>Graduate of ESC Grenoble (2007)<\/p>\n\n\n\n<ul class=\"wp-block-list\">\n<li>Administrative assistant and accountant at A-CORROS since 2015. In charge of communications and public procurement\u2013 to date more than 200 responses to calls for tender. <\/li>\n\n\n\n<li>Financial controller for the companies Point P and CHAUSSON Mat\u00e9riaux (2006-2014). <\/li>\n<\/ul>\n","protected":false},"excerpt":{"rendered":"<p>The multidisciplinary team at A-CORROS draws upon its professionalism and combined expertise to provide services of the highest quality. Jean-Bernard MEMET PhD in material sciences specialised in marine corrosion\u2013 Director of the Industrial Division \/ MH Philippe de VIVI\u00c9S Conservator-restorer of cultural heritage\u2013 Director of the Conservation Division Masters in conservation-restoration of cultural heritage, Universit\u00e9&hellip;<\/p>\n","protected":false},"author":2,"featured_media":2183,"parent":0,"menu_order":0,"comment_status":"closed","ping_status":"closed","template":"","meta":{"_acf_changed":false,"footnotes":""},"class_list":["post-2953","page","type-page","status-publish","has-post-thumbnail","hentry"],"acf":[],"yoast_head":"<!-- This site is optimized with the Yoast SEO plugin v25.2 - https:\/\/yoast.com\/wordpress\/plugins\/seo\/ -->\n<title>Our Team - A-Corros : diagnostic et expertise en corrosion et conservation des patrimoines<\/title>\n<meta name=\"robots\" content=\"index, follow, max-snippet:-1, max-image-preview:large, max-video-preview:-1\" \/>\n<link rel=\"canonical\" href=\"https:\/\/a-corros.fr\/en\/the-team\/\" \/>\n<meta property=\"og:locale\" content=\"en_US\" \/>\n<meta property=\"og:type\" content=\"article\" \/>\n<meta property=\"og:title\" content=\"Our Team - A-Corros : diagnostic et expertise en corrosion et conservation des patrimoines\" \/>\n<meta property=\"og:description\" content=\"The multidisciplinary team at A-CORROS draws upon its professionalism and combined expertise to provide services of the highest quality. Jean-Bernard MEMET PhD in material sciences specialised in marine corrosion\u2013 Director of the Industrial Division \/ MH Philippe de VIVI\u00c9S Conservator-restorer of cultural heritage\u2013 Director of the Conservation Division Masters in conservation-restoration of cultural heritage, Universit\u00e9&hellip;\" \/>\n<meta property=\"og:url\" content=\"https:\/\/a-corros.fr\/en\/the-team\/\" \/>\n<meta property=\"og:site_name\" content=\"A-Corros : diagnostic et expertise en corrosion et conservation des patrimoines\" \/>\n<meta property=\"article:modified_time\" content=\"2026-01-06T14:45:48+00:00\" \/>\n<meta property=\"og:image\" content=\"https:\/\/a-corros.fr\/wp-content\/uploads\/2019\/03\/R203-AR3-R.BENALI-2-1024x683.jpg\" \/>\n\t<meta property=\"og:image:width\" content=\"1024\" \/>\n\t<meta property=\"og:image:height\" content=\"683\" \/>\n\t<meta property=\"og:image:type\" content=\"image\/jpeg\" \/>\n<meta name=\"twitter:card\" content=\"summary_large_image\" \/>\n<meta name=\"twitter:label1\" content=\"Est. reading time\" \/>\n\t<meta name=\"twitter:data1\" content=\"5 minutes\" \/>\n<script type=\"application\/ld+json\" class=\"yoast-schema-graph\">{\"@context\":\"https:\/\/schema.org\",\"@graph\":[{\"@type\":\"WebPage\",\"@id\":\"https:\/\/a-corros.fr\/en\/the-team\/\",\"url\":\"https:\/\/a-corros.fr\/en\/the-team\/\",\"name\":\"Our Team - A-Corros : diagnostic et expertise en corrosion et conservation des patrimoines\",\"isPartOf\":{\"@id\":\"https:\/\/a-corros.fr\/#website\"},\"primaryImageOfPage\":{\"@id\":\"https:\/\/a-corros.fr\/en\/the-team\/#primaryimage\"},\"image\":{\"@id\":\"https:\/\/a-corros.fr\/en\/the-team\/#primaryimage\"},\"thumbnailUrl\":\"https:\/\/a-corros.fr\/wp-content\/uploads\/2019\/03\/R203-AR3-R.BENALI-2.jpg\",\"datePublished\":\"2019-05-20T13:00:50+00:00\",\"dateModified\":\"2026-01-06T14:45:48+00:00\",\"breadcrumb\":{\"@id\":\"https:\/\/a-corros.fr\/en\/the-team\/#breadcrumb\"},\"inLanguage\":\"en-US\",\"potentialAction\":[{\"@type\":\"ReadAction\",\"target\":[\"https:\/\/a-corros.fr\/en\/the-team\/\"]}]},{\"@type\":\"ImageObject\",\"inLanguage\":\"en-US\",\"@id\":\"https:\/\/a-corros.fr\/en\/the-team\/#primaryimage\",\"url\":\"https:\/\/a-corros.fr\/wp-content\/uploads\/2019\/03\/R203-AR3-R.BENALI-2.jpg\",\"contentUrl\":\"https:\/\/a-corros.fr\/wp-content\/uploads\/2019\/03\/R203-AR3-R.BENALI-2.jpg\",\"width\":5616,\"height\":3744,\"caption\":\"Nettoyage de la proue par le restaurateur Philippe de Vivi\u008fs de la soci\u008et\u008e A-CORROS au centre Arc Nucl\u008eart de Grenoble\"},{\"@type\":\"BreadcrumbList\",\"@id\":\"https:\/\/a-corros.fr\/en\/the-team\/#breadcrumb\",\"itemListElement\":[{\"@type\":\"ListItem\",\"position\":1,\"name\":\"Home\",\"item\":\"https:\/\/a-corros.fr\/en\/\"},{\"@type\":\"ListItem\",\"position\":2,\"name\":\"Our Team\"}]},{\"@type\":\"WebSite\",\"@id\":\"https:\/\/a-corros.fr\/#website\",\"url\":\"https:\/\/a-corros.fr\/\",\"name\":\"A-Corros : diagnostic et expertise en corrosion et conservation des patrimoines\",\"description\":\"Diagnostic et expertise en corrosion et conservation des patrimoines\",\"publisher\":{\"@id\":\"https:\/\/a-corros.fr\/#organization\"},\"potentialAction\":[{\"@type\":\"SearchAction\",\"target\":{\"@type\":\"EntryPoint\",\"urlTemplate\":\"https:\/\/a-corros.fr\/?s={search_term_string}\"},\"query-input\":{\"@type\":\"PropertyValueSpecification\",\"valueRequired\":true,\"valueName\":\"search_term_string\"}}],\"inLanguage\":\"en-US\"},{\"@type\":\"Organization\",\"@id\":\"https:\/\/a-corros.fr\/#organization\",\"name\":\"A-corros\",\"url\":\"https:\/\/a-corros.fr\/\",\"logo\":{\"@type\":\"ImageObject\",\"inLanguage\":\"en-US\",\"@id\":\"https:\/\/a-corros.fr\/#\/schema\/logo\/image\/\",\"url\":\"https:\/\/a-corros.fr\/wp-content\/uploads\/2019\/04\/A-CORROS-.jpg\",\"contentUrl\":\"https:\/\/a-corros.fr\/wp-content\/uploads\/2019\/04\/A-CORROS-.jpg\",\"width\":650,\"height\":129,\"caption\":\"A-corros\"},\"image\":{\"@id\":\"https:\/\/a-corros.fr\/#\/schema\/logo\/image\/\"}}]}<\/script>\n<!-- \/ Yoast SEO plugin. -->","yoast_head_json":{"title":"Our Team - A-Corros : diagnostic et expertise en corrosion et conservation des patrimoines","robots":{"index":"index","follow":"follow","max-snippet":"max-snippet:-1","max-image-preview":"max-image-preview:large","max-video-preview":"max-video-preview:-1"},"canonical":"https:\/\/a-corros.fr\/en\/the-team\/","og_locale":"en_US","og_type":"article","og_title":"Our Team - A-Corros : diagnostic et expertise en corrosion et conservation des patrimoines","og_description":"The multidisciplinary team at A-CORROS draws upon its professionalism and combined expertise to provide services of the highest quality. Jean-Bernard MEMET PhD in material sciences specialised in marine corrosion\u2013 Director of the Industrial Division \/ MH Philippe de VIVI\u00c9S Conservator-restorer of cultural heritage\u2013 Director of the Conservation Division Masters in conservation-restoration of cultural heritage, Universit\u00e9&hellip;","og_url":"https:\/\/a-corros.fr\/en\/the-team\/","og_site_name":"A-Corros : diagnostic et expertise en corrosion et conservation des patrimoines","article_modified_time":"2026-01-06T14:45:48+00:00","og_image":[{"width":1024,"height":683,"url":"https:\/\/a-corros.fr\/wp-content\/uploads\/2019\/03\/R203-AR3-R.BENALI-2-1024x683.jpg","type":"image\/jpeg"}],"twitter_card":"summary_large_image","twitter_misc":{"Est. reading time":"5 minutes"},"schema":{"@context":"https:\/\/schema.org","@graph":[{"@type":"WebPage","@id":"https:\/\/a-corros.fr\/en\/the-team\/","url":"https:\/\/a-corros.fr\/en\/the-team\/","name":"Our Team - A-Corros : diagnostic et expertise en corrosion et conservation des patrimoines","isPartOf":{"@id":"https:\/\/a-corros.fr\/#website"},"primaryImageOfPage":{"@id":"https:\/\/a-corros.fr\/en\/the-team\/#primaryimage"},"image":{"@id":"https:\/\/a-corros.fr\/en\/the-team\/#primaryimage"},"thumbnailUrl":"https:\/\/a-corros.fr\/wp-content\/uploads\/2019\/03\/R203-AR3-R.BENALI-2.jpg","datePublished":"2019-05-20T13:00:50+00:00","dateModified":"2026-01-06T14:45:48+00:00","breadcrumb":{"@id":"https:\/\/a-corros.fr\/en\/the-team\/#breadcrumb"},"inLanguage":"en-US","potentialAction":[{"@type":"ReadAction","target":["https:\/\/a-corros.fr\/en\/the-team\/"]}]},{"@type":"ImageObject","inLanguage":"en-US","@id":"https:\/\/a-corros.fr\/en\/the-team\/#primaryimage","url":"https:\/\/a-corros.fr\/wp-content\/uploads\/2019\/03\/R203-AR3-R.BENALI-2.jpg","contentUrl":"https:\/\/a-corros.fr\/wp-content\/uploads\/2019\/03\/R203-AR3-R.BENALI-2.jpg","width":5616,"height":3744,"caption":"Nettoyage de la proue par le restaurateur Philippe de Vivi\u008fs de la soci\u008et\u008e A-CORROS au centre Arc Nucl\u008eart de Grenoble"},{"@type":"BreadcrumbList","@id":"https:\/\/a-corros.fr\/en\/the-team\/#breadcrumb","itemListElement":[{"@type":"ListItem","position":1,"name":"Home","item":"https:\/\/a-corros.fr\/en\/"},{"@type":"ListItem","position":2,"name":"Our Team"}]},{"@type":"WebSite","@id":"https:\/\/a-corros.fr\/#website","url":"https:\/\/a-corros.fr\/","name":"A-Corros : diagnostic et expertise en corrosion et conservation des patrimoines","description":"Diagnostic et expertise en corrosion et conservation des patrimoines","publisher":{"@id":"https:\/\/a-corros.fr\/#organization"},"potentialAction":[{"@type":"SearchAction","target":{"@type":"EntryPoint","urlTemplate":"https:\/\/a-corros.fr\/?s={search_term_string}"},"query-input":{"@type":"PropertyValueSpecification","valueRequired":true,"valueName":"search_term_string"}}],"inLanguage":"en-US"},{"@type":"Organization","@id":"https:\/\/a-corros.fr\/#organization","name":"A-corros","url":"https:\/\/a-corros.fr\/","logo":{"@type":"ImageObject","inLanguage":"en-US","@id":"https:\/\/a-corros.fr\/#\/schema\/logo\/image\/","url":"https:\/\/a-corros.fr\/wp-content\/uploads\/2019\/04\/A-CORROS-.jpg","contentUrl":"https:\/\/a-corros.fr\/wp-content\/uploads\/2019\/04\/A-CORROS-.jpg","width":650,"height":129,"caption":"A-corros"},"image":{"@id":"https:\/\/a-corros.fr\/#\/schema\/logo\/image\/"}}]}},"_links":{"self":[{"href":"https:\/\/a-corros.fr\/en\/wp-json\/wp\/v2\/pages\/2953","targetHints":{"allow":["GET"]}}],"collection":[{"href":"https:\/\/a-corros.fr\/en\/wp-json\/wp\/v2\/pages"}],"about":[{"href":"https:\/\/a-corros.fr\/en\/wp-json\/wp\/v2\/types\/page"}],"author":[{"embeddable":true,"href":"https:\/\/a-corros.fr\/en\/wp-json\/wp\/v2\/users\/2"}],"replies":[{"embeddable":true,"href":"https:\/\/a-corros.fr\/en\/wp-json\/wp\/v2\/comments?post=2953"}],"version-history":[{"count":17,"href":"https:\/\/a-corros.fr\/en\/wp-json\/wp\/v2\/pages\/2953\/revisions"}],"predecessor-version":[{"id":6065,"href":"https:\/\/a-corros.fr\/en\/wp-json\/wp\/v2\/pages\/2953\/revisions\/6065"}],"wp:featuredmedia":[{"embeddable":true,"href":"https:\/\/a-corros.fr\/en\/wp-json\/wp\/v2\/media\/2183"}],"wp:attachment":[{"href":"https:\/\/a-corros.fr\/en\/wp-json\/wp\/v2\/media?parent=2953"}],"curies":[{"name":"wp","href":"https:\/\/api.w.org\/{rel}","templated":true}]}}