{"id":447,"date":"2018-10-01T18:50:58","date_gmt":"2018-10-01T16:50:58","guid":{"rendered":"https:\/\/a-corros.fr\/?page_id=447"},"modified":"2019-04-29T16:04:03","modified_gmt":"2019-04-29T14:04:03","slug":"mentions-legales","status":"publish","type":"page","link":"https:\/\/a-corros.fr\/en\/mentions-legales\/","title":{"rendered":"Mentions l\u00e9gales"},"content":{"rendered":"\n<p class=\"has-medium-font-size\"><strong>\u00c9diteur du site<\/strong><\/p>\n\n\n\n<p><strong>Propri\u00e9taire<\/strong> : A-CORROS<\/p>\n\n\n\n<ul class=\"wp-block-list\"><li>Archeomed, 17 Chemin de\n     S\u00e9verin, 13200 ARLES<\/li><\/ul>\n\n\n\n<p><strong>E-mail<\/strong>\u00a0: acorros@a-corros.fr<br><strong>T\u00e9l\u00e9phone<\/strong> : +33 (0)4 90 98 08 38<\/p>\n\n\n\n<p><strong>Directeurs\nde publication<\/strong> : Jean-Bernard\nMEMET, Philippe de VIVIES<\/p>\n\n\n\n<p><strong>Raison sociale<\/strong> : A-CORROS<br><strong>Structure juridique<\/strong> : Soci\u00e9t\u00e9 \u00e0 responsabilit\u00e9 limit\u00e9e<br><strong>Num\u00e9ro SIRET<\/strong> : 494\u00a0736\u00a0226 00031<br><strong>Code APE<\/strong> : 7112B<br><strong>Adresse du si\u00e8ge social<\/strong> : 17 Chemin de S\u00e9verin, 13200 Arles<br><strong>E-mail<\/strong>\u00a0: acorros@a-corros.fr<br><strong>T\u00e9l\u00e9phone<\/strong> : +33 (0)4 90 98 08 38<\/p>\n\n\n\n<p><strong>Conception et r\u00e9alisation du site internet<\/strong><\/p>\n\n\n\n<p><a href=\"http:\/\/www.canopee.cc\/\" target=\"_blank\" rel=\"noreferrer noopener\">Canop\u00e9e, agence de design global\net strat\u00e9gie de communication<\/a><br>\n<strong>Tel<\/strong>. : +33 (0)4 90 93 80 30<br>\n<strong>E-mail<\/strong> : <a href=\"mailto:info@canopee.cc\" target=\"_blank\" rel=\"noreferrer noopener\">info@canopee.cc<\/a><\/p>\n\n\n\n<p><strong>H\u00e9bergement<\/strong><\/p>\n\n\n\n<p>OVH<br>RCS Roubaix \u2013 Tourcoing 424 761 419 00045<br>Code APE 6202A<br>N\u00b0 TVA : FR 22 424 761 419<br>Si\u00e8ge social : 2 rue Kellermann \u2013 59100 Roubaix \u2013 France.<\/p>\n\n\n\n<p><strong>Propri\u00e9t\u00e9 intellectuelle<\/strong><\/p>\n\n\n\n<p>L\u2019ensemble\ndu contenu du site <a href=\"http:\/\/www.a-corros.fr\">www.a-corros.fr<\/a> \u00e0\nsavoir notamment tous les textes, commentaires, ouvrages, illustrations \u0153uvres\net images reproduits ou repr\u00e9sent\u00e9s sont strictement r\u00e9serv\u00e9s au titre du droit\nd\u2019auteur ainsi qu\u2019au titre de la propri\u00e9t\u00e9 intellectuelle et pour le monde\nentier. \u00c0 ce titre et conform\u00e9ment aux dispositions du code de la propri\u00e9t\u00e9\nintellectuelle, seule l\u2019utilisation pour un usage priv\u00e9 sous r\u00e9serve de\ndispositions diff\u00e9rentes voire plus restrictives du code de la propri\u00e9t\u00e9\nintellectuelle est autoris\u00e9e. Toute reproduction ou repr\u00e9sentation totale ou\npartielle du site d\u2019A-CORROS (l\u2019entreprise) ou de tout ou partie des \u00e9l\u00e9ments\nse trouvant sur le site <a href=\"http:\/\/www.a-corros.fr\">www.a-corros.fr<\/a> est\nstrictement interdite.<\/p>\n\n\n\n<p>Toute\nutilisation de ces contenus en fraude des droits d\u00e9tenus par des tiers sur\nceux-ci est constitutive du d\u00e9lit de contrefa\u00e7on, s\u00e9v\u00e8rement sanctionn\u00e9 par le\nCode de la Propri\u00e9t\u00e9 Intellectuelle.<\/p>\n\n\n\n<p><strong>A-CORROS<\/strong> ne saurait en aucun cas \u00eatre tenu\npour responsable de la violation par un utilisateur de droits d\u00e9tenus par des\ntiers et perp\u00e9tr\u00e9e \u00e0 raison des activit\u00e9s de ce dernier sur le site.<\/p>\n\n\n\n<p><strong>Responsabilit\u00e9<\/strong><\/p>\n\n\n\n<p>Le site <a href=\"http:\/\/www.a-corros.fr\">www.a-corros.fr<\/a> peut contenir des liens vers\nd\u2019autres sites dont les contenus ne sont pas sous le contr\u00f4le du site d\u2019A-CORROS.\nPar cons\u00e9quent, la responsabilit\u00e9 d\u2019A-CORROS ne saurait \u00eatre engag\u00e9e \u00e0 raison du\ncontenu de ces sites, des liens qu\u2019ils contiennent, des produits ou services\nqu\u2019ils proposent.<\/p>\n\n\n\n<p>L\u2019entreprise\nexclut toute responsabilit\u00e9 pour n\u2019importe quel pr\u00e9judice caus\u00e9 directement\net\/ou indirectement, de quelque fa\u00e7on que ce soit, du fait de l\u2019utilisation du\nsite. A-CORROS ne sera en aucun cas responsable d\u2019un quelconque pr\u00e9judice,\ncaus\u00e9 par :<\/p>\n\n\n\n<ul class=\"wp-block-list\"><li>des faits et actions des tiers,<\/li><li>l\u2019impossibilit\u00e9 d\u2019utiliser le site,<\/li><li>l\u2019utilisation irr\u00e9guli\u00e8re du site et\/ou des syst\u00e8mes informatiques de l\u2019entreprise par un tiers.<\/li><\/ul>\n\n\n\n<p><strong>Donn\u00e9es personnelles<\/strong><\/p>\n\n\n\n<p>Les\ninformations recueillies sur ce formulaire sont enregistr\u00e9es dans un fichier\ninformatis\u00e9 par&nbsp;<strong>A-CORROS <\/strong>pour&nbsp;<strong>la gestion de notre client\u00e8le\net l\u2019envoi de newsletter A-CORROS. <\/strong>Elles sont conserv\u00e9es pendant<strong> 2 ans <\/strong>et\nsont destin\u00e9es<strong>&nbsp;au service facturation et au service commercial situ\u00e9s\nen France.<\/strong><\/p>\n\n\n\n<p>Conform\u00e9ment \u00e0 la <a href=\"https:\/\/www.cnil.fr\/fr\/loi-78-17-du-6-janvier-1978-modifiee\">loi \u00ab informatique et libert\u00e9s \u00bb<\/a>, vous pouvez exercer votre droit d\u2019acc\u00e8s aux donn\u00e9es vous concernant et les faire rectifier en contactant :\u00a0<strong>Jean-Bernard MEMET, co-g\u00e9rant de l\u2019entreprise, au 17 Chemin de S\u00e9verin, 13200 Arles <\/strong>ou en envoyant un mail \u00e0 l&#8217;adresse :<strong> acorros@a-corros.fr<\/strong> <\/p>\n","protected":false},"excerpt":{"rendered":"<p>\u00c9diteur du site Propri\u00e9taire : A-CORROS Archeomed, 17 Chemin de S\u00e9verin, 13200 ARLES E-mail\u00a0: acorros@a-corros.frT\u00e9l\u00e9phone : +33 (0)4 90 98 08 38 Directeurs de publication : Jean-Bernard MEMET, Philippe de VIVIES Raison sociale : A-CORROSStructure juridique : Soci\u00e9t\u00e9 \u00e0 responsabilit\u00e9 limit\u00e9eNum\u00e9ro SIRET : 494\u00a0736\u00a0226 00031Code APE : 7112BAdresse du si\u00e8ge social : 17 Chemin de&hellip;<\/p>\n","protected":false},"author":1,"featured_media":0,"parent":0,"menu_order":0,"comment_status":"closed","ping_status":"closed","template":"page-basique.php","meta":{"_acf_changed":false,"footnotes":""},"class_list":["post-447","page","type-page","status-publish","hentry"],"acf":[],"yoast_head":"<!-- This site is optimized with the Yoast SEO plugin v25.2 - https:\/\/yoast.com\/wordpress\/plugins\/seo\/ -->\n<title>Mentions l\u00e9gales - A-Corros : diagnostic et expertise en corrosion et conservation des patrimoines<\/title>\n<meta name=\"robots\" content=\"index, follow, max-snippet:-1, max-image-preview:large, max-video-preview:-1\" \/>\n<link rel=\"canonical\" href=\"https:\/\/a-corros.fr\/en\/mentions-legales\/\" \/>\n<meta property=\"og:locale\" content=\"en_US\" \/>\n<meta property=\"og:type\" content=\"article\" \/>\n<meta property=\"og:title\" content=\"Mentions l\u00e9gales - A-Corros : diagnostic et expertise en corrosion et conservation des patrimoines\" \/>\n<meta property=\"og:description\" content=\"\u00c9diteur du site Propri\u00e9taire : A-CORROS Archeomed, 17 Chemin de S\u00e9verin, 13200 ARLES E-mail\u00a0: acorros@a-corros.frT\u00e9l\u00e9phone : +33 (0)4 90 98 08 38 Directeurs de publication : Jean-Bernard MEMET, Philippe de VIVIES Raison sociale : A-CORROSStructure juridique : Soci\u00e9t\u00e9 \u00e0 responsabilit\u00e9 limit\u00e9eNum\u00e9ro SIRET : 494\u00a0736\u00a0226 00031Code APE : 7112BAdresse du si\u00e8ge social : 17 Chemin de&hellip;\" \/>\n<meta property=\"og:url\" content=\"https:\/\/a-corros.fr\/en\/mentions-legales\/\" \/>\n<meta property=\"og:site_name\" content=\"A-Corros : diagnostic et expertise en corrosion et conservation des patrimoines\" \/>\n<meta property=\"article:modified_time\" content=\"2019-04-29T14:04:03+00:00\" \/>\n<meta name=\"twitter:card\" content=\"summary_large_image\" \/>\n<meta name=\"twitter:label1\" content=\"Est. reading time\" \/>\n\t<meta name=\"twitter:data1\" content=\"3 minutes\" \/>\n<script type=\"application\/ld+json\" class=\"yoast-schema-graph\">{\"@context\":\"https:\/\/schema.org\",\"@graph\":[{\"@type\":\"WebPage\",\"@id\":\"https:\/\/a-corros.fr\/en\/mentions-legales\/\",\"url\":\"https:\/\/a-corros.fr\/en\/mentions-legales\/\",\"name\":\"Mentions l\u00e9gales - A-Corros : diagnostic et expertise en corrosion et conservation des patrimoines\",\"isPartOf\":{\"@id\":\"https:\/\/a-corros.fr\/#website\"},\"datePublished\":\"2018-10-01T16:50:58+00:00\",\"dateModified\":\"2019-04-29T14:04:03+00:00\",\"breadcrumb\":{\"@id\":\"https:\/\/a-corros.fr\/en\/mentions-legales\/#breadcrumb\"},\"inLanguage\":\"en-US\",\"potentialAction\":[{\"@type\":\"ReadAction\",\"target\":[\"https:\/\/a-corros.fr\/en\/mentions-legales\/\"]}]},{\"@type\":\"BreadcrumbList\",\"@id\":\"https:\/\/a-corros.fr\/en\/mentions-legales\/#breadcrumb\",\"itemListElement\":[{\"@type\":\"ListItem\",\"position\":1,\"name\":\"Home\",\"item\":\"https:\/\/a-corros.fr\/en\/\"},{\"@type\":\"ListItem\",\"position\":2,\"name\":\"Mentions l\u00e9gales\"}]},{\"@type\":\"WebSite\",\"@id\":\"https:\/\/a-corros.fr\/#website\",\"url\":\"https:\/\/a-corros.fr\/\",\"name\":\"A-Corros : diagnostic et expertise en corrosion et conservation des patrimoines\",\"description\":\"Diagnostic et expertise en corrosion et conservation des patrimoines\",\"publisher\":{\"@id\":\"https:\/\/a-corros.fr\/#organization\"},\"potentialAction\":[{\"@type\":\"SearchAction\",\"target\":{\"@type\":\"EntryPoint\",\"urlTemplate\":\"https:\/\/a-corros.fr\/?s={search_term_string}\"},\"query-input\":{\"@type\":\"PropertyValueSpecification\",\"valueRequired\":true,\"valueName\":\"search_term_string\"}}],\"inLanguage\":\"en-US\"},{\"@type\":\"Organization\",\"@id\":\"https:\/\/a-corros.fr\/#organization\",\"name\":\"A-corros\",\"url\":\"https:\/\/a-corros.fr\/\",\"logo\":{\"@type\":\"ImageObject\",\"inLanguage\":\"en-US\",\"@id\":\"https:\/\/a-corros.fr\/#\/schema\/logo\/image\/\",\"url\":\"https:\/\/a-corros.fr\/wp-content\/uploads\/2019\/04\/A-CORROS-.jpg\",\"contentUrl\":\"https:\/\/a-corros.fr\/wp-content\/uploads\/2019\/04\/A-CORROS-.jpg\",\"width\":650,\"height\":129,\"caption\":\"A-corros\"},\"image\":{\"@id\":\"https:\/\/a-corros.fr\/#\/schema\/logo\/image\/\"}}]}<\/script>\n<!-- \/ Yoast SEO plugin. -->","yoast_head_json":{"title":"Mentions l\u00e9gales - A-Corros : diagnostic et expertise en corrosion et conservation des patrimoines","robots":{"index":"index","follow":"follow","max-snippet":"max-snippet:-1","max-image-preview":"max-image-preview:large","max-video-preview":"max-video-preview:-1"},"canonical":"https:\/\/a-corros.fr\/en\/mentions-legales\/","og_locale":"en_US","og_type":"article","og_title":"Mentions l\u00e9gales - A-Corros : diagnostic et expertise en corrosion et conservation des patrimoines","og_description":"\u00c9diteur du site Propri\u00e9taire : A-CORROS Archeomed, 17 Chemin de S\u00e9verin, 13200 ARLES E-mail\u00a0: acorros@a-corros.frT\u00e9l\u00e9phone : +33 (0)4 90 98 08 38 Directeurs de publication : Jean-Bernard MEMET, Philippe de VIVIES Raison sociale : A-CORROSStructure juridique : Soci\u00e9t\u00e9 \u00e0 responsabilit\u00e9 limit\u00e9eNum\u00e9ro SIRET : 494\u00a0736\u00a0226 00031Code APE : 7112BAdresse du si\u00e8ge social : 17 Chemin de&hellip;","og_url":"https:\/\/a-corros.fr\/en\/mentions-legales\/","og_site_name":"A-Corros : diagnostic et expertise en corrosion et conservation des patrimoines","article_modified_time":"2019-04-29T14:04:03+00:00","twitter_card":"summary_large_image","twitter_misc":{"Est. reading time":"3 minutes"},"schema":{"@context":"https:\/\/schema.org","@graph":[{"@type":"WebPage","@id":"https:\/\/a-corros.fr\/en\/mentions-legales\/","url":"https:\/\/a-corros.fr\/en\/mentions-legales\/","name":"Mentions l\u00e9gales - A-Corros : diagnostic et expertise en corrosion et conservation des patrimoines","isPartOf":{"@id":"https:\/\/a-corros.fr\/#website"},"datePublished":"2018-10-01T16:50:58+00:00","dateModified":"2019-04-29T14:04:03+00:00","breadcrumb":{"@id":"https:\/\/a-corros.fr\/en\/mentions-legales\/#breadcrumb"},"inLanguage":"en-US","potentialAction":[{"@type":"ReadAction","target":["https:\/\/a-corros.fr\/en\/mentions-legales\/"]}]},{"@type":"BreadcrumbList","@id":"https:\/\/a-corros.fr\/en\/mentions-legales\/#breadcrumb","itemListElement":[{"@type":"ListItem","position":1,"name":"Home","item":"https:\/\/a-corros.fr\/en\/"},{"@type":"ListItem","position":2,"name":"Mentions l\u00e9gales"}]},{"@type":"WebSite","@id":"https:\/\/a-corros.fr\/#website","url":"https:\/\/a-corros.fr\/","name":"A-Corros : diagnostic et expertise en corrosion et conservation des patrimoines","description":"Diagnostic et expertise en corrosion et conservation des patrimoines","publisher":{"@id":"https:\/\/a-corros.fr\/#organization"},"potentialAction":[{"@type":"SearchAction","target":{"@type":"EntryPoint","urlTemplate":"https:\/\/a-corros.fr\/?s={search_term_string}"},"query-input":{"@type":"PropertyValueSpecification","valueRequired":true,"valueName":"search_term_string"}}],"inLanguage":"en-US"},{"@type":"Organization","@id":"https:\/\/a-corros.fr\/#organization","name":"A-corros","url":"https:\/\/a-corros.fr\/","logo":{"@type":"ImageObject","inLanguage":"en-US","@id":"https:\/\/a-corros.fr\/#\/schema\/logo\/image\/","url":"https:\/\/a-corros.fr\/wp-content\/uploads\/2019\/04\/A-CORROS-.jpg","contentUrl":"https:\/\/a-corros.fr\/wp-content\/uploads\/2019\/04\/A-CORROS-.jpg","width":650,"height":129,"caption":"A-corros"},"image":{"@id":"https:\/\/a-corros.fr\/#\/schema\/logo\/image\/"}}]}},"_links":{"self":[{"href":"https:\/\/a-corros.fr\/en\/wp-json\/wp\/v2\/pages\/447","targetHints":{"allow":["GET"]}}],"collection":[{"href":"https:\/\/a-corros.fr\/en\/wp-json\/wp\/v2\/pages"}],"about":[{"href":"https:\/\/a-corros.fr\/en\/wp-json\/wp\/v2\/types\/page"}],"author":[{"embeddable":true,"href":"https:\/\/a-corros.fr\/en\/wp-json\/wp\/v2\/users\/1"}],"replies":[{"embeddable":true,"href":"https:\/\/a-corros.fr\/en\/wp-json\/wp\/v2\/comments?post=447"}],"version-history":[{"count":9,"href":"https:\/\/a-corros.fr\/en\/wp-json\/wp\/v2\/pages\/447\/revisions"}],"predecessor-version":[{"id":2783,"href":"https:\/\/a-corros.fr\/en\/wp-json\/wp\/v2\/pages\/447\/revisions\/2783"}],"wp:attachment":[{"href":"https:\/\/a-corros.fr\/en\/wp-json\/wp\/v2\/media?parent=447"}],"curies":[{"name":"wp","href":"https:\/\/api.w.org\/{rel}","templated":true}]}}