{"id":2103,"date":"2018-12-09T17:21:52","date_gmt":"2018-12-09T16:21:52","guid":{"rendered":"https:\/\/a-corros.fr\/a-corros-votre-expert-en-diagnostic-corrosion-et-en-conservation-des-patrimoines\/"},"modified":"2019-03-14T14:37:57","modified_gmt":"2019-03-14T13:37:57","slug":"corrosion-ouvrages-industriels","status":"publish","type":"page","link":"https:\/\/a-corros.fr\/es\/corrosion-ouvrages-industriels\/","title":{"rendered":"La corrosion des ouvrages industriels : des solutions personnalis\u00e9es avec vos experts A-CORROS"},"content":{"rendered":"\n<p class=\"chapo\"><strong>Les diagnostics corrosion et les pr\u00e9conisations anticorrosion sur les ouvrages industriels<\/strong>&nbsp;n\u00e9cessitent des connaissances sp\u00e9cifiques : A-CORROS Expertise met \u00e0 votre disposition des ing\u00e9nieurs et des techniciens qualifi\u00e9s qui peuvent intervenir sur le terrain et en laboratoire afin de bien \u00e9tudier les m\u00e9canismes en jeu. Ces d\u00e9marches permettent de d\u00e9finir les meilleures solutions pour la restauration et la conservation pr\u00e9ventive des infrastructures concern\u00e9es.<\/p>\n\n\n\n<h2 class=\"wp-block-heading\">Des solutions pertinentes pour les infrastructures portuaires et navales <\/h2>\n\n\n\n<p>A-CORROS consacre un d\u00e9partement aux&nbsp;<strong>ouvrages industriels dans les infrastructures portuaires et navales<\/strong>. Une assistance \u00e0 maitrise d\u2019ouvrage dans la r\u00e9alisation du diagnostic des structures et des services de diagnostic fiables sont propos\u00e9s aux responsables gouvernementaux, aux collectivit\u00e9s territoriales, aux grands ports maritimes, aux ports de plaisance, mais aussi aux organisations priv\u00e9es qui sont propri\u00e9taires d\u2019appontements et qui exercent des activit\u00e9s portuaires, aux chantiers navals et aux r\u00e9seaux de distribution de fluides.<\/p>\n\n\n\n<p>Pour \u00e9tablir un diagnostic fiable, l\u2019\u00e9quipe d\u2019A-CORROS, compos\u00e9e de techniciens-experts, de scaphandriers professionnels et d\u2019un&nbsp;<strong>inspecteur ACQP-FROSIO<\/strong>, effectue une descente sur site afin d\u2019obtenir le maximum d\u2019informations.&nbsp;<em>Des prises de vues photographiques, des pr\u00e9l\u00e8vements et diff\u00e9rentes mesures sont effectu\u00e9s pour r\u00e9aliser des analyses pr\u00e9cises<\/em>. Ces donn\u00e9es permettront de d\u00e9finir les modalit\u00e9s d\u2019intervention les plus adapt\u00e9es pour mieux \u00e9radiquer et pr\u00e9venir le probl\u00e8me de&nbsp;<strong>corrosion des ouvrages industriels<\/strong>&nbsp;constat\u00e9.<\/p>\n\n\n\n<p>A-CORROS Expertise travaille en partenariat avec LERM, CORRODYS et ACCOAST pour que les analyses effectu\u00e9es en laboratoire soient confirm\u00e9es et que les solutions avanc\u00e9es soient toujours fiables. La&nbsp;<strong>protection par rev\u00eatement<\/strong>&nbsp;figure parmi les solutions propos\u00e9es en fonction des cas de corrosion constat\u00e9s et des normes en vigueur.<\/p>\n\n\n\n<h2 class=\"wp-block-heading\">Diagnostic corrosion dans le secteur de l\u2019habitat et du G\u00e9nie civil <\/h2>\n\n\n\n<p>A-CORROS r\u00e9alise aussi des interventions dans les propri\u00e9t\u00e9s appartenant \u00e0 des particuliers, dans les logements collectifs, les copropri\u00e9t\u00e9s, les piscines et les mobiliers urbains. Les diagnostics r\u00e9alis\u00e9s concernent tous les \u00e9l\u00e9ments du b\u00e2ti comme les charpentes m\u00e9talliques, les toitures, les lampadaires, les portiques, les barri\u00e8res de s\u00e9curit\u00e9, les rails, les panneaux de signalisation, les canalisations, la plomberie, les chauffe-eaux, les r\u00e9servoirs, les bacs de r\u00e9tentions, les planchers chauffants, etc.<\/p>\n\n\n\n<p>Le diagnostic corrosion est toujours effectu\u00e9 sur la base des multiples informations collect\u00e9es sur les lieux. Des pr\u00e9l\u00e8vements des parties saines et des parties corrod\u00e9es vont permettre d\u2019effectuer une \u00e9tude comparative en laboratoire afin de d\u00e9terminer le m\u00e9canisme de d\u00e9gradation. Les r\u00e9sultats obtenus vont permettre de d\u00e9terminer la mani\u00e8re la plus efficace pour r\u00e9parer et pour mieux prot\u00e9ger les \u00e9l\u00e9ments concern\u00e9s dans le respect des normes applicables.<\/p>\n\n\n\n<h2 class=\"wp-block-heading\">Diagnostic corrosion des ouvrages m\u00e9talliques en milieu industriel <\/h2>\n\n\n\n<p><strong>Le diagnostic des ouvrages industriels<\/strong>&nbsp;est propos\u00e9 dans les secteurs suivants :<em>l\u2019\u00e9lectricit\u00e9, la chimie, la p\u00e9trochimie, le nucl\u00e9aire, et traitement de d\u00e9chets, etc.<\/em>&nbsp;et concerne aussi bien le b\u00e2ti (charpentes m\u00e9talliques, toitures, t\u00f4les, portiques, rails, chemins de roulement, etc.), que les \u00e9l\u00e9ments de stockage (r\u00e9servoirs, capacit\u00e9s) ou encore la distribution des fluides (plomberie, canalisations, robinetteries, vannes, etc.).<\/p>\n\n\n\n<p>L\u2019analyse des traces de d\u00e9gradation va permettre \u00e0&nbsp;<strong>vos experts A-CORROS et \u00e0 l\u2019inspecteur ACQPA-FROSIO<\/strong>&nbsp;de bien comprendre le comportement des m\u00e9taux et des assemblages afin de mettre au point un programme d\u2019intervention efficace. Gr\u00e2ce aux \u00e9quipements complets dont ils disposent (microscopes optiques, microscopes \u00e9lectroniques, spectrom\u00e8tre \u00e0 dispersion d\u2019\u00e9nergie ou diffraction des rayons X, etc.), les techniciens A-CORROS sont capables de d\u00e9finir rapidement la nature des pathologies et de d\u00e9tecter les \u00e9l\u00e9ments indig\u00e8nes \u00e0 l\u2019origine de la corrosion.<\/p>\n\n\n\n<p>Les r\u00e9sultats issus des analyses effectu\u00e9es sont consign\u00e9s dans un rapport qui indique clairement les m\u00e9canismes de d\u00e9gradation et les pr\u00e9conisations de r\u00e9paration, de renforcement ou encore de protection des \u00e9l\u00e9ments d\u00e9grad\u00e9s. Chaque probl\u00e9matique est trait\u00e9e de mani\u00e8re pr\u00e9cise afin que les solutions de traitement et de protection avanc\u00e9es soient toujours efficaces.<\/p>\n\n\n\n<h2 class=\"wp-block-heading\">La corrosion des ouvrages d\u2019art <\/h2>\n\n\n\n<p><strong>La corrosion<\/strong>&nbsp;peut \u00e9galement affecter&nbsp;<strong>les ouvrages d\u2019art<\/strong>&nbsp;<em>de la voirie, des r\u00e9seaux de transports routiers, fluviaux et maritimes<\/em>. Il faut noter que les ouvrages d\u2019art sont soumis \u00e0 d\u2019importantes forces physiques qui sont naturelles, mais qui d\u00e9coulent aussi de l\u2019activit\u00e9 humaine. Il est ainsi recommand\u00e9 d\u2019effectuer un contr\u00f4le r\u00e9gulier de leur \u00e9tat en fonction des mat\u00e9riaux qui les constituent.<\/p>\n\n\n\n<p>A-CORROS met \u00e0 votre disposition&nbsp;<strong>un inspecteur ACQPA-FROSIO<\/strong>&nbsp;et une \u00e9quipe qualifi\u00e9e pour contr\u00f4ler et apporter une assistance technique dans le contr\u00f4le et l\u2019entretien r\u00e9gulier des ponts, des viaducs, des buses m\u00e9talliques, des \u00e9cluses et des barrages.<\/p>\n\n\n\n<p>Le diagnostic r\u00e9alis\u00e9 est toujours fiable gr\u00e2ce aux \u00e9quipements utilis\u00e9s pour les prises de vues, les mesures environnementales et les pr\u00e9l\u00e8vements effectu\u00e9s sur site. Toutes ces d\u00e9marches vont permettre de d\u00e9finir le syst\u00e8me de&nbsp;<strong>protection par rev\u00eatement<\/strong>&nbsp;ou de protection cathodique \u00e0 appliquer.<\/p>\n\n\n\n<p>Quel que soit le degr\u00e9 de la corrosion constat\u00e9e lors du diagnostic effectu\u00e9 par ses techniciens, A-CORROS Expertise sera toujours en mesure de proposer des m\u00e9thodes de traitement personnalis\u00e9es et des syst\u00e8mes de protection qui garantiront la p\u00e9rennit\u00e9&nbsp;<strong>des ouvrages industriels<\/strong>. Gr\u00e2ce aux moyens humains et \u00e0 la qualit\u00e9 des \u00e9quipements utilis\u00e9s, mais aussi aux partenariats \u00e9tablis avec de nombreuses entit\u00e9s, A-CORROS vous accompagne judicieusement dans tous vos projets de diagnostic-corrosion, de r\u00e9paration et de protection d\u2019ouvrages industriels.<\/p>\n","protected":false},"excerpt":{"rendered":"<p>Les diagnostics corrosion et les pr\u00e9conisations anticorrosion sur les ouvrages industriels&nbsp;n\u00e9cessitent des connaissances sp\u00e9cifiques : A-CORROS Expertise met \u00e0 votre disposition des ing\u00e9nieurs et des techniciens qualifi\u00e9s qui peuvent intervenir sur le terrain et en laboratoire afin de bien \u00e9tudier les m\u00e9canismes en jeu. Ces d\u00e9marches permettent de d\u00e9finir les meilleures solutions pour la restauration&hellip;<\/p>\n","protected":false},"author":1,"featured_media":2049,"parent":0,"menu_order":0,"comment_status":"closed","ping_status":"closed","template":"","meta":{"_acf_changed":false,"footnotes":""},"class_list":["post-2103","page","type-page","status-publish","has-post-thumbnail","hentry"],"acf":[],"yoast_head":"<!-- This site is optimized with the Yoast SEO plugin v25.2 - https:\/\/yoast.com\/wordpress\/plugins\/seo\/ -->\n<title>La corrosion et les ouvrages industriels, vos experts A-Corros<\/title>\n<meta name=\"robots\" content=\"index, follow, max-snippet:-1, max-image-preview:large, max-video-preview:-1\" \/>\n<link rel=\"canonical\" href=\"https:\/\/a-corros.fr\/corrosion-ouvrages-industriels\/\" \/>\n<meta property=\"og:locale\" content=\"es_ES\" \/>\n<meta property=\"og:type\" content=\"article\" \/>\n<meta property=\"og:title\" content=\"La corrosion et les ouvrages industriels, vos experts A-Corros\" \/>\n<meta property=\"og:description\" content=\"Les diagnostics corrosion et les pr\u00e9conisations anticorrosion sur les ouvrages industriels&nbsp;n\u00e9cessitent des connaissances sp\u00e9cifiques : A-CORROS Expertise met \u00e0 votre disposition des ing\u00e9nieurs et des techniciens qualifi\u00e9s qui peuvent intervenir sur le terrain et en laboratoire afin de bien \u00e9tudier les m\u00e9canismes en jeu. Ces d\u00e9marches permettent de d\u00e9finir les meilleures solutions pour la restauration&hellip;\" \/>\n<meta property=\"og:url\" content=\"https:\/\/a-corros.fr\/corrosion-ouvrages-industriels\/\" \/>\n<meta property=\"og:site_name\" content=\"A-Corros : diagnostic et expertise en corrosion et conservation des patrimoines\" \/>\n<meta property=\"article:modified_time\" content=\"2019-03-14T13:37:57+00:00\" \/>\n<meta property=\"og:image\" content=\"https:\/\/a-corros.fr\/wp-content\/uploads\/2018\/07\/a-corros-img3-16.jpg\" \/>\n\t<meta property=\"og:image:width\" content=\"1920\" \/>\n\t<meta property=\"og:image:height\" content=\"1440\" \/>\n\t<meta property=\"og:image:type\" content=\"image\/jpeg\" \/>\n<meta name=\"twitter:card\" content=\"summary_large_image\" \/>\n<meta name=\"twitter:label1\" content=\"Tiempo de lectura\" \/>\n\t<meta name=\"twitter:data1\" content=\"5 minutos\" \/>\n<script type=\"application\/ld+json\" class=\"yoast-schema-graph\">{\"@context\":\"https:\/\/schema.org\",\"@graph\":[{\"@type\":\"WebPage\",\"@id\":\"https:\/\/a-corros.fr\/corrosion-ouvrages-industriels\/\",\"url\":\"https:\/\/a-corros.fr\/corrosion-ouvrages-industriels\/\",\"name\":\"La corrosion et les ouvrages industriels, vos experts A-Corros\",\"isPartOf\":{\"@id\":\"https:\/\/a-corros.fr\/#website\"},\"primaryImageOfPage\":{\"@id\":\"https:\/\/a-corros.fr\/corrosion-ouvrages-industriels\/#primaryimage\"},\"image\":{\"@id\":\"https:\/\/a-corros.fr\/corrosion-ouvrages-industriels\/#primaryimage\"},\"thumbnailUrl\":\"https:\/\/a-corros.fr\/wp-content\/uploads\/2018\/07\/a-corros-img3-16.jpg\",\"datePublished\":\"2018-12-09T16:21:52+00:00\",\"dateModified\":\"2019-03-14T13:37:57+00:00\",\"breadcrumb\":{\"@id\":\"https:\/\/a-corros.fr\/corrosion-ouvrages-industriels\/#breadcrumb\"},\"inLanguage\":\"es\",\"potentialAction\":[{\"@type\":\"ReadAction\",\"target\":[\"https:\/\/a-corros.fr\/corrosion-ouvrages-industriels\/\"]}]},{\"@type\":\"ImageObject\",\"inLanguage\":\"es\",\"@id\":\"https:\/\/a-corros.fr\/corrosion-ouvrages-industriels\/#primaryimage\",\"url\":\"https:\/\/a-corros.fr\/wp-content\/uploads\/2018\/07\/a-corros-img3-16.jpg\",\"contentUrl\":\"https:\/\/a-corros.fr\/wp-content\/uploads\/2018\/07\/a-corros-img3-16.jpg\",\"width\":1920,\"height\":1440},{\"@type\":\"BreadcrumbList\",\"@id\":\"https:\/\/a-corros.fr\/corrosion-ouvrages-industriels\/#breadcrumb\",\"itemListElement\":[{\"@type\":\"ListItem\",\"position\":1,\"name\":\"P\u00e1gina inicial\",\"item\":\"https:\/\/a-corros.fr\/es\/\"},{\"@type\":\"ListItem\",\"position\":2,\"name\":\"La corrosion des ouvrages industriels : des solutions personnalis\u00e9es avec vos experts A-CORROS\"}]},{\"@type\":\"WebSite\",\"@id\":\"https:\/\/a-corros.fr\/#website\",\"url\":\"https:\/\/a-corros.fr\/\",\"name\":\"A-Corros : diagnostic et expertise en corrosion et conservation des patrimoines\",\"description\":\"Diagnostic et expertise en corrosion et conservation des patrimoines\",\"publisher\":{\"@id\":\"https:\/\/a-corros.fr\/#organization\"},\"potentialAction\":[{\"@type\":\"SearchAction\",\"target\":{\"@type\":\"EntryPoint\",\"urlTemplate\":\"https:\/\/a-corros.fr\/?s={search_term_string}\"},\"query-input\":{\"@type\":\"PropertyValueSpecification\",\"valueRequired\":true,\"valueName\":\"search_term_string\"}}],\"inLanguage\":\"es\"},{\"@type\":\"Organization\",\"@id\":\"https:\/\/a-corros.fr\/#organization\",\"name\":\"A-corros\",\"url\":\"https:\/\/a-corros.fr\/\",\"logo\":{\"@type\":\"ImageObject\",\"inLanguage\":\"es\",\"@id\":\"https:\/\/a-corros.fr\/#\/schema\/logo\/image\/\",\"url\":\"https:\/\/a-corros.fr\/wp-content\/uploads\/2019\/04\/A-CORROS-.jpg\",\"contentUrl\":\"https:\/\/a-corros.fr\/wp-content\/uploads\/2019\/04\/A-CORROS-.jpg\",\"width\":650,\"height\":129,\"caption\":\"A-corros\"},\"image\":{\"@id\":\"https:\/\/a-corros.fr\/#\/schema\/logo\/image\/\"}}]}<\/script>\n<!-- \/ Yoast SEO plugin. -->","yoast_head_json":{"title":"La corrosion et les ouvrages industriels, vos experts A-Corros","robots":{"index":"index","follow":"follow","max-snippet":"max-snippet:-1","max-image-preview":"max-image-preview:large","max-video-preview":"max-video-preview:-1"},"canonical":"https:\/\/a-corros.fr\/corrosion-ouvrages-industriels\/","og_locale":"es_ES","og_type":"article","og_title":"La corrosion et les ouvrages industriels, vos experts A-Corros","og_description":"Les diagnostics corrosion et les pr\u00e9conisations anticorrosion sur les ouvrages industriels&nbsp;n\u00e9cessitent des connaissances sp\u00e9cifiques : A-CORROS Expertise met \u00e0 votre disposition des ing\u00e9nieurs et des techniciens qualifi\u00e9s qui peuvent intervenir sur le terrain et en laboratoire afin de bien \u00e9tudier les m\u00e9canismes en jeu. Ces d\u00e9marches permettent de d\u00e9finir les meilleures solutions pour la restauration&hellip;","og_url":"https:\/\/a-corros.fr\/corrosion-ouvrages-industriels\/","og_site_name":"A-Corros : diagnostic et expertise en corrosion et conservation des patrimoines","article_modified_time":"2019-03-14T13:37:57+00:00","og_image":[{"width":1920,"height":1440,"url":"https:\/\/a-corros.fr\/wp-content\/uploads\/2018\/07\/a-corros-img3-16.jpg","type":"image\/jpeg"}],"twitter_card":"summary_large_image","twitter_misc":{"Tiempo de lectura":"5 minutos"},"schema":{"@context":"https:\/\/schema.org","@graph":[{"@type":"WebPage","@id":"https:\/\/a-corros.fr\/corrosion-ouvrages-industriels\/","url":"https:\/\/a-corros.fr\/corrosion-ouvrages-industriels\/","name":"La corrosion et les ouvrages industriels, vos experts A-Corros","isPartOf":{"@id":"https:\/\/a-corros.fr\/#website"},"primaryImageOfPage":{"@id":"https:\/\/a-corros.fr\/corrosion-ouvrages-industriels\/#primaryimage"},"image":{"@id":"https:\/\/a-corros.fr\/corrosion-ouvrages-industriels\/#primaryimage"},"thumbnailUrl":"https:\/\/a-corros.fr\/wp-content\/uploads\/2018\/07\/a-corros-img3-16.jpg","datePublished":"2018-12-09T16:21:52+00:00","dateModified":"2019-03-14T13:37:57+00:00","breadcrumb":{"@id":"https:\/\/a-corros.fr\/corrosion-ouvrages-industriels\/#breadcrumb"},"inLanguage":"es","potentialAction":[{"@type":"ReadAction","target":["https:\/\/a-corros.fr\/corrosion-ouvrages-industriels\/"]}]},{"@type":"ImageObject","inLanguage":"es","@id":"https:\/\/a-corros.fr\/corrosion-ouvrages-industriels\/#primaryimage","url":"https:\/\/a-corros.fr\/wp-content\/uploads\/2018\/07\/a-corros-img3-16.jpg","contentUrl":"https:\/\/a-corros.fr\/wp-content\/uploads\/2018\/07\/a-corros-img3-16.jpg","width":1920,"height":1440},{"@type":"BreadcrumbList","@id":"https:\/\/a-corros.fr\/corrosion-ouvrages-industriels\/#breadcrumb","itemListElement":[{"@type":"ListItem","position":1,"name":"P\u00e1gina inicial","item":"https:\/\/a-corros.fr\/es\/"},{"@type":"ListItem","position":2,"name":"La corrosion des ouvrages industriels : des solutions personnalis\u00e9es avec vos experts A-CORROS"}]},{"@type":"WebSite","@id":"https:\/\/a-corros.fr\/#website","url":"https:\/\/a-corros.fr\/","name":"A-Corros : diagnostic et expertise en corrosion et conservation des patrimoines","description":"Diagnostic et expertise en corrosion et conservation des patrimoines","publisher":{"@id":"https:\/\/a-corros.fr\/#organization"},"potentialAction":[{"@type":"SearchAction","target":{"@type":"EntryPoint","urlTemplate":"https:\/\/a-corros.fr\/?s={search_term_string}"},"query-input":{"@type":"PropertyValueSpecification","valueRequired":true,"valueName":"search_term_string"}}],"inLanguage":"es"},{"@type":"Organization","@id":"https:\/\/a-corros.fr\/#organization","name":"A-corros","url":"https:\/\/a-corros.fr\/","logo":{"@type":"ImageObject","inLanguage":"es","@id":"https:\/\/a-corros.fr\/#\/schema\/logo\/image\/","url":"https:\/\/a-corros.fr\/wp-content\/uploads\/2019\/04\/A-CORROS-.jpg","contentUrl":"https:\/\/a-corros.fr\/wp-content\/uploads\/2019\/04\/A-CORROS-.jpg","width":650,"height":129,"caption":"A-corros"},"image":{"@id":"https:\/\/a-corros.fr\/#\/schema\/logo\/image\/"}}]}},"_links":{"self":[{"href":"https:\/\/a-corros.fr\/es\/wp-json\/wp\/v2\/pages\/2103","targetHints":{"allow":["GET"]}}],"collection":[{"href":"https:\/\/a-corros.fr\/es\/wp-json\/wp\/v2\/pages"}],"about":[{"href":"https:\/\/a-corros.fr\/es\/wp-json\/wp\/v2\/types\/page"}],"author":[{"embeddable":true,"href":"https:\/\/a-corros.fr\/es\/wp-json\/wp\/v2\/users\/1"}],"replies":[{"embeddable":true,"href":"https:\/\/a-corros.fr\/es\/wp-json\/wp\/v2\/comments?post=2103"}],"version-history":[{"count":5,"href":"https:\/\/a-corros.fr\/es\/wp-json\/wp\/v2\/pages\/2103\/revisions"}],"predecessor-version":[{"id":2293,"href":"https:\/\/a-corros.fr\/es\/wp-json\/wp\/v2\/pages\/2103\/revisions\/2293"}],"wp:featuredmedia":[{"embeddable":true,"href":"https:\/\/a-corros.fr\/es\/wp-json\/wp\/v2\/media\/2049"}],"wp:attachment":[{"href":"https:\/\/a-corros.fr\/es\/wp-json\/wp\/v2\/media?parent=2103"}],"curies":[{"name":"wp","href":"https:\/\/api.w.org\/{rel}","templated":true}]}}