{"id":2108,"date":"2018-12-09T17:21:52","date_gmt":"2018-12-09T16:21:52","guid":{"rendered":"https:\/\/a-corros.fr\/la-corrosion-des-ouvrages-industriels-des-solutions-personnalisees-avec-vos-experts-a-corros\/"},"modified":"2019-03-15T11:24:39","modified_gmt":"2019-03-15T10:24:39","slug":"definition-corrosion","status":"publish","type":"page","link":"https:\/\/a-corros.fr\/es\/definition-corrosion\/","title":{"rendered":"Comprendre le processus de corrosion : l\u2019explication de nos experts"},"content":{"rendered":"\n<p class=\"chapo\">D\u00e9gradation d\u2019un m\u00e9tal sous l\u2019effet d\u2019agents oxydants pr\u00e9sents dans l\u2019environnement, la corrosion est une probl\u00e9matique majeure pour nombre de fabricants d\u2019objets ou de structures m\u00e9talliques (immeubles, bateaux, avions, voitures, \u2026). En effet, le m\u00e9tal utilis\u00e9 pour la construction pouvant \u00eatre alt\u00e9r\u00e9 par la corrosion, l\u2019int\u00e9grit\u00e9 structurelle de ce mat\u00e9riau devient un v\u00e9ritable enjeu de s\u00e9curit\u00e9 pour les futurs utilisateurs. Quels sont les diff\u00e9rents types de corrosion ? A quel vitesse se d\u00e9roule ce processus ? Du diagnostic au traitement en passant par la pr\u00e9vention de la corrosion, quelles \u00e9tapes de surveillance peuvent \u00eatre mises en place ? Le point complet des experts A-CORROS sur la corrosion des m\u00e9taux.<\/p>\n\n\n\n<h2 class=\"wp-block-heading\">Les diff\u00e9rents types de corrosion <\/h2>\n\n\n\n<p>Selon le mat\u00e9riau utilis\u00e9 et sa vuln\u00e9rabilit\u00e9, diff\u00e9rents types de corrosion peuvent \u00eatre observ\u00e9s.<\/p>\n\n\n\n<h3 class=\"wp-block-heading\">La corrosion du m\u00e9tal <\/h3>\n\n\n\n<p>En fonction du type de m\u00e9tal, la corrosion peut provoquer une simple alt\u00e9ration ou la destruction compl\u00e8te du mat\u00e9riau. Ainsi, pour des m\u00e9taux comme le zinc ou le cuivre, la corrosion demeure superficielle. En revanche, pour un m\u00e9tal comme le fer, le ph\u00e9nom\u00e8ne de corrosion se traduit par une formation de rouille et se poursuit parfois jusqu\u2019\u00e0 destruction totale du m\u00e9tal.<\/p>\n\n\n\n<h3 class=\"wp-block-heading\">La corrosion de l\u2019aluminium <\/h3>\n\n\n\n<p>En pr\u00e9sence d\u2019oxyg\u00e8ne, l\u2019aluminium se couvre d\u2019une couche d\u2019oxyde appel\u00e9e l\u2019alumine. Cette derni\u00e8re est imperm\u00e9able \u00e0 l\u2019eau et \u00e0 l\u2019air et fait office de protection pour le m\u00e9tal. On parle de ph\u00e9nom\u00e8ne d\u2019auto-protection.<\/p>\n\n\n\n<h3 class=\"wp-block-heading\">La corrosion marine <\/h3>\n\n\n\n<p>Processus de corrosion le plus r\u00e9pandu, la corrosion humide se produit au contact de l\u2019eau de mer (corrosion marine en milieu portuaire, \u00e9cluses, \u2026), de l\u2019eau douce (vannes, conduits, r\u00e9serves, \u2026) et de l\u2019air humide (structures expos\u00e9es \u00e0 un climat, m\u00eame si celui-ci est temp\u00e9r\u00e9).<\/p>\n\n\n\n<h2 class=\"wp-block-heading\">La vitesse de corrosion <\/h2>\n\n\n\n<p>Influenc\u00e9e par le milieu ambiant, la vitesse de corrosion est incontestablement plus rapide en atmosph\u00e8re marine. De plus, on constate que ce ph\u00e9nom\u00e8ne s\u2019acc\u00e9l\u00e8re encore davantage au sein d\u2019une atmosph\u00e8re industrielle marqu\u00e9e par une pollution de gaz tels que l\u2019azote ou les oxydes de soufre.<\/p>\n\n\n\n<h2 class=\"wp-block-heading\">Le diagnostic de la corrosion <\/h2>\n\n\n\n<p>Il s\u2019agit d\u2019identifier le type de corrosion pr\u00e9sent et les causes du ph\u00e9nom\u00e8ne. En effet, lorsque la corrosion commence, sa propagation peut \u00eatre rapide. Il convient donc d\u2019\u00eatre vigilant et de poser un&nbsp; <a href=\"https:\/\/a-corros.fr\/diagnostic-corrosion\/\">diagnostic<\/a> sans d\u00e9lai.<\/p>\n\n\n\n<h3 class=\"wp-block-heading\">La corrosion par piq\u00fbre <\/h3>\n\n\n\n<p>La corrosion par piq\u00fbre se produit quand la couche protectrice d\u2019un m\u00e9tal se brise et expose les atomes m\u00e9talliques aux \u00e9lectrons. Cette r\u00e9action \u00e9lectrochimique provoque la formation de piq\u00fbres voire de fissures. Lorsqu\u2019une surveillance de la corrosion est mise en place, on recherche d\u2019\u00e9ventuelles piq\u00fbres form\u00e9es sur la surface m\u00e9tallique ou des d\u00e9p\u00f4ts rouges-bruns d\u2019oxydes de fer.<\/p>\n\n\n\n<h3 class=\"wp-block-heading\">La corrosion caverneuse <\/h3>\n\n\n\n<p>Dans ce type de corrosion, la couche d\u2019oxyde protectrice se rompt et de profondes alv\u00e9oles se forment. La corrosion caverneuse se manifeste dans des crevasses autrement dit sur une surface m\u00e9tallique qui se trouve en contact avec une autre surface.<\/p>\n\n\n\n<h3 class=\"wp-block-heading\">La corrosion galvanique <\/h3>\n\n\n\n<p>Cette corrosion se manifeste lorsque deux m\u00e9taux se trouvent en contact et qu\u2019un passage pour le courant \u00e9lectrique existe entre ces derniers.Faites appel aux experts A-CORROS pour un&nbsp;<a href=\"https:\/\/www.redacteur.com\/propositions\/www.a-corros.fr\/presentation.php%0D%0A\">diagnostic corrosion<\/a>&nbsp;complet.<\/p>\n\n\n\n<h2 class=\"wp-block-heading\">Le traitement de la corrosion <\/h2>\n\n\n\n<p>Quelle que soit la forme d\u2019alt\u00e9ration ou d\u2019oxydation concern\u00e9e, cette derni\u00e8re ne permet plus au m\u00e9tal d\u00e9t\u00e9rior\u00e9 de remplir son r\u00f4le. Selon le type et l\u2019origine de l\u2019action destructrice, il convient donc de choisir un traitement adapt\u00e9 au ph\u00e9nom\u00e8ne observ\u00e9. De mani\u00e8re concr\u00e8te, de nombreux traitements et moyens de protection permettent de lutter contre la corrosion : utilisation de vernis ou peintures imperm\u00e9ables, rev\u00eatement chimique, m\u00e9tallisation (aluminage, galvanisation, \u00e9tamage), protection anodique (cr\u00e9ation d\u2019une couche d\u2019oxyde protectrice en surface), protection cathodique (placement d\u2019une cathode qui se d\u00e9t\u00e9riore de mani\u00e8re progressive \u00e0 la place des pi\u00e8ces que l\u2019on souhaite prot\u00e9ger), &#8230;<\/p>\n\n\n\n<p>Les sp\u00e9cialistes A-CORROS vous orientent vers le&nbsp;<a href=\"https:\/\/a-corros.fr\/traitement-corrosion\/\">traitement anticorrosion<\/a>&nbsp;le plus efficace.<\/p>\n\n\n\n<h2 class=\"wp-block-heading\">La pr\u00e9vention de la corrosion <\/h2>\n\n\n\n<p>Des solutions pr\u00e9ventives peuvent \u00eatre mises en place pour \u00e9viter le ph\u00e9nom\u00e8ne de corrosion. En effet, il est primordiale de v\u00e9rifier la pr\u00e9sence \u00e9ventuelle d\u2019h\u00e9t\u00e9rog\u00e9n\u00e9it\u00e9s dans le milieu et le mat\u00e9riau et d\u2019optimiser le choix du mat\u00e9riau ainsi que du rev\u00eatement si n\u00e9cessaire. Par exemple, dans le cas d\u2019une utilisation d\u2019alliages d\u2019aluminium en milieu marin, on \u00e9vite les familles d\u2019alliage contenant du cuivre ou on prot\u00e8ge par le biais d\u2019un traitement d\u2019anodisation et d\u2019une peinture.<\/p>\n\n\n\n<p>Pour une&nbsp;<a href=\"https:\/\/a-corros.fr\/prevention-corrosion\/\">pr\u00e9vention corrosion<\/a>&nbsp;efficace, faites appel aux experts A-CORROS.<\/p>\n\n\n\n<p>Vous souhaitez solutionner un probl\u00e8me de corrosion ? Vous voulez \u00e9valuer la performance ou la durabilit\u00e9 d\u2019un mat\u00e9riau contre la corrosion ? Vous envisagez de mettre en place un syst\u00e8me de protection contre la corrosion ? Pour comprendre, pr\u00e9venir ou traiter la corrosion d\u2019un produit, d\u2019une pi\u00e8ce ou d\u2019un \u00e9quipement m\u00e9tallique, une v\u00e9ritable expertise dans le domaine de la corrosion et de la protection anticorrosion se r\u00e9v\u00e8le indispensable. Sp\u00e9cialiste en corrosion, A-CORROS vous offre son analyse, son savoir-faire et son exp\u00e9rience pour tout type de mat\u00e9riaux m\u00e9talliques.<\/p>\n","protected":false},"excerpt":{"rendered":"<p>D\u00e9gradation d\u2019un m\u00e9tal sous l\u2019effet d\u2019agents oxydants pr\u00e9sents dans l\u2019environnement, la corrosion est une probl\u00e9matique majeure pour nombre de fabricants d\u2019objets ou de structures m\u00e9talliques (immeubles, bateaux, avions, voitures, \u2026). En effet, le m\u00e9tal utilis\u00e9 pour la construction pouvant \u00eatre alt\u00e9r\u00e9 par la corrosion, l\u2019int\u00e9grit\u00e9 structurelle de ce mat\u00e9riau devient un v\u00e9ritable enjeu de s\u00e9curit\u00e9&hellip;<\/p>\n","protected":false},"author":1,"featured_media":2196,"parent":0,"menu_order":0,"comment_status":"closed","ping_status":"closed","template":"","meta":{"_acf_changed":false,"footnotes":""},"class_list":["post-2108","page","type-page","status-publish","has-post-thumbnail","hentry"],"acf":[],"yoast_head":"<!-- This site is optimized with the Yoast SEO plugin v25.2 - https:\/\/yoast.com\/wordpress\/plugins\/seo\/ -->\n<title>explications et d\u00e9finitions de la corrosion - experts A-Corros<\/title>\n<meta name=\"robots\" content=\"index, follow, max-snippet:-1, max-image-preview:large, max-video-preview:-1\" \/>\n<link rel=\"canonical\" href=\"https:\/\/a-corros.fr\/definition-corrosion\/\" \/>\n<meta property=\"og:locale\" content=\"es_ES\" \/>\n<meta property=\"og:type\" content=\"article\" \/>\n<meta property=\"og:title\" content=\"explications et d\u00e9finitions de la corrosion - experts A-Corros\" \/>\n<meta property=\"og:description\" content=\"D\u00e9gradation d\u2019un m\u00e9tal sous l\u2019effet d\u2019agents oxydants pr\u00e9sents dans l\u2019environnement, la corrosion est une probl\u00e9matique majeure pour nombre de fabricants d\u2019objets ou de structures m\u00e9talliques (immeubles, bateaux, avions, voitures, \u2026). En effet, le m\u00e9tal utilis\u00e9 pour la construction pouvant \u00eatre alt\u00e9r\u00e9 par la corrosion, l\u2019int\u00e9grit\u00e9 structurelle de ce mat\u00e9riau devient un v\u00e9ritable enjeu de s\u00e9curit\u00e9&hellip;\" \/>\n<meta property=\"og:url\" content=\"https:\/\/a-corros.fr\/definition-corrosion\/\" \/>\n<meta property=\"og:site_name\" content=\"A-Corros : diagnostic et expertise en corrosion et conservation des patrimoines\" \/>\n<meta property=\"article:modified_time\" content=\"2019-03-15T10:24:39+00:00\" \/>\n<meta property=\"og:image\" content=\"https:\/\/a-corros.fr\/wp-content\/uploads\/2019\/03\/R221-2-MEBx900.jpg\" \/>\n\t<meta property=\"og:image:width\" content=\"1280\" \/>\n\t<meta property=\"og:image:height\" content=\"960\" \/>\n\t<meta property=\"og:image:type\" content=\"image\/jpeg\" \/>\n<meta name=\"twitter:card\" content=\"summary_large_image\" \/>\n<meta name=\"twitter:label1\" content=\"Tiempo de lectura\" \/>\n\t<meta name=\"twitter:data1\" content=\"5 minutos\" \/>\n<script type=\"application\/ld+json\" class=\"yoast-schema-graph\">{\"@context\":\"https:\/\/schema.org\",\"@graph\":[{\"@type\":\"WebPage\",\"@id\":\"https:\/\/a-corros.fr\/definition-corrosion\/\",\"url\":\"https:\/\/a-corros.fr\/definition-corrosion\/\",\"name\":\"explications et d\u00e9finitions de la corrosion - experts A-Corros\",\"isPartOf\":{\"@id\":\"https:\/\/a-corros.fr\/#website\"},\"primaryImageOfPage\":{\"@id\":\"https:\/\/a-corros.fr\/definition-corrosion\/#primaryimage\"},\"image\":{\"@id\":\"https:\/\/a-corros.fr\/definition-corrosion\/#primaryimage\"},\"thumbnailUrl\":\"https:\/\/a-corros.fr\/wp-content\/uploads\/2019\/03\/R221-2-MEBx900.jpg\",\"datePublished\":\"2018-12-09T16:21:52+00:00\",\"dateModified\":\"2019-03-15T10:24:39+00:00\",\"breadcrumb\":{\"@id\":\"https:\/\/a-corros.fr\/definition-corrosion\/#breadcrumb\"},\"inLanguage\":\"es\",\"potentialAction\":[{\"@type\":\"ReadAction\",\"target\":[\"https:\/\/a-corros.fr\/definition-corrosion\/\"]}]},{\"@type\":\"ImageObject\",\"inLanguage\":\"es\",\"@id\":\"https:\/\/a-corros.fr\/definition-corrosion\/#primaryimage\",\"url\":\"https:\/\/a-corros.fr\/wp-content\/uploads\/2019\/03\/R221-2-MEBx900.jpg\",\"contentUrl\":\"https:\/\/a-corros.fr\/wp-content\/uploads\/2019\/03\/R221-2-MEBx900.jpg\",\"width\":1280,\"height\":960},{\"@type\":\"BreadcrumbList\",\"@id\":\"https:\/\/a-corros.fr\/definition-corrosion\/#breadcrumb\",\"itemListElement\":[{\"@type\":\"ListItem\",\"position\":1,\"name\":\"P\u00e1gina inicial\",\"item\":\"https:\/\/a-corros.fr\/es\/\"},{\"@type\":\"ListItem\",\"position\":2,\"name\":\"Comprendre le processus de corrosion : l\u2019explication de nos experts\"}]},{\"@type\":\"WebSite\",\"@id\":\"https:\/\/a-corros.fr\/#website\",\"url\":\"https:\/\/a-corros.fr\/\",\"name\":\"A-Corros : diagnostic et expertise en corrosion et conservation des patrimoines\",\"description\":\"Diagnostic et expertise en corrosion et conservation des patrimoines\",\"publisher\":{\"@id\":\"https:\/\/a-corros.fr\/#organization\"},\"potentialAction\":[{\"@type\":\"SearchAction\",\"target\":{\"@type\":\"EntryPoint\",\"urlTemplate\":\"https:\/\/a-corros.fr\/?s={search_term_string}\"},\"query-input\":{\"@type\":\"PropertyValueSpecification\",\"valueRequired\":true,\"valueName\":\"search_term_string\"}}],\"inLanguage\":\"es\"},{\"@type\":\"Organization\",\"@id\":\"https:\/\/a-corros.fr\/#organization\",\"name\":\"A-corros\",\"url\":\"https:\/\/a-corros.fr\/\",\"logo\":{\"@type\":\"ImageObject\",\"inLanguage\":\"es\",\"@id\":\"https:\/\/a-corros.fr\/#\/schema\/logo\/image\/\",\"url\":\"https:\/\/a-corros.fr\/wp-content\/uploads\/2019\/04\/A-CORROS-.jpg\",\"contentUrl\":\"https:\/\/a-corros.fr\/wp-content\/uploads\/2019\/04\/A-CORROS-.jpg\",\"width\":650,\"height\":129,\"caption\":\"A-corros\"},\"image\":{\"@id\":\"https:\/\/a-corros.fr\/#\/schema\/logo\/image\/\"}}]}<\/script>\n<!-- \/ Yoast SEO plugin. -->","yoast_head_json":{"title":"explications et d\u00e9finitions de la corrosion - experts A-Corros","robots":{"index":"index","follow":"follow","max-snippet":"max-snippet:-1","max-image-preview":"max-image-preview:large","max-video-preview":"max-video-preview:-1"},"canonical":"https:\/\/a-corros.fr\/definition-corrosion\/","og_locale":"es_ES","og_type":"article","og_title":"explications et d\u00e9finitions de la corrosion - experts A-Corros","og_description":"D\u00e9gradation d\u2019un m\u00e9tal sous l\u2019effet d\u2019agents oxydants pr\u00e9sents dans l\u2019environnement, la corrosion est une probl\u00e9matique majeure pour nombre de fabricants d\u2019objets ou de structures m\u00e9talliques (immeubles, bateaux, avions, voitures, \u2026). En effet, le m\u00e9tal utilis\u00e9 pour la construction pouvant \u00eatre alt\u00e9r\u00e9 par la corrosion, l\u2019int\u00e9grit\u00e9 structurelle de ce mat\u00e9riau devient un v\u00e9ritable enjeu de s\u00e9curit\u00e9&hellip;","og_url":"https:\/\/a-corros.fr\/definition-corrosion\/","og_site_name":"A-Corros : diagnostic et expertise en corrosion et conservation des patrimoines","article_modified_time":"2019-03-15T10:24:39+00:00","og_image":[{"width":1280,"height":960,"url":"https:\/\/a-corros.fr\/wp-content\/uploads\/2019\/03\/R221-2-MEBx900.jpg","type":"image\/jpeg"}],"twitter_card":"summary_large_image","twitter_misc":{"Tiempo de lectura":"5 minutos"},"schema":{"@context":"https:\/\/schema.org","@graph":[{"@type":"WebPage","@id":"https:\/\/a-corros.fr\/definition-corrosion\/","url":"https:\/\/a-corros.fr\/definition-corrosion\/","name":"explications et d\u00e9finitions de la corrosion - experts A-Corros","isPartOf":{"@id":"https:\/\/a-corros.fr\/#website"},"primaryImageOfPage":{"@id":"https:\/\/a-corros.fr\/definition-corrosion\/#primaryimage"},"image":{"@id":"https:\/\/a-corros.fr\/definition-corrosion\/#primaryimage"},"thumbnailUrl":"https:\/\/a-corros.fr\/wp-content\/uploads\/2019\/03\/R221-2-MEBx900.jpg","datePublished":"2018-12-09T16:21:52+00:00","dateModified":"2019-03-15T10:24:39+00:00","breadcrumb":{"@id":"https:\/\/a-corros.fr\/definition-corrosion\/#breadcrumb"},"inLanguage":"es","potentialAction":[{"@type":"ReadAction","target":["https:\/\/a-corros.fr\/definition-corrosion\/"]}]},{"@type":"ImageObject","inLanguage":"es","@id":"https:\/\/a-corros.fr\/definition-corrosion\/#primaryimage","url":"https:\/\/a-corros.fr\/wp-content\/uploads\/2019\/03\/R221-2-MEBx900.jpg","contentUrl":"https:\/\/a-corros.fr\/wp-content\/uploads\/2019\/03\/R221-2-MEBx900.jpg","width":1280,"height":960},{"@type":"BreadcrumbList","@id":"https:\/\/a-corros.fr\/definition-corrosion\/#breadcrumb","itemListElement":[{"@type":"ListItem","position":1,"name":"P\u00e1gina inicial","item":"https:\/\/a-corros.fr\/es\/"},{"@type":"ListItem","position":2,"name":"Comprendre le processus de corrosion : l\u2019explication de nos experts"}]},{"@type":"WebSite","@id":"https:\/\/a-corros.fr\/#website","url":"https:\/\/a-corros.fr\/","name":"A-Corros : diagnostic et expertise en corrosion et conservation des patrimoines","description":"Diagnostic et expertise en corrosion et conservation des patrimoines","publisher":{"@id":"https:\/\/a-corros.fr\/#organization"},"potentialAction":[{"@type":"SearchAction","target":{"@type":"EntryPoint","urlTemplate":"https:\/\/a-corros.fr\/?s={search_term_string}"},"query-input":{"@type":"PropertyValueSpecification","valueRequired":true,"valueName":"search_term_string"}}],"inLanguage":"es"},{"@type":"Organization","@id":"https:\/\/a-corros.fr\/#organization","name":"A-corros","url":"https:\/\/a-corros.fr\/","logo":{"@type":"ImageObject","inLanguage":"es","@id":"https:\/\/a-corros.fr\/#\/schema\/logo\/image\/","url":"https:\/\/a-corros.fr\/wp-content\/uploads\/2019\/04\/A-CORROS-.jpg","contentUrl":"https:\/\/a-corros.fr\/wp-content\/uploads\/2019\/04\/A-CORROS-.jpg","width":650,"height":129,"caption":"A-corros"},"image":{"@id":"https:\/\/a-corros.fr\/#\/schema\/logo\/image\/"}}]}},"_links":{"self":[{"href":"https:\/\/a-corros.fr\/es\/wp-json\/wp\/v2\/pages\/2108","targetHints":{"allow":["GET"]}}],"collection":[{"href":"https:\/\/a-corros.fr\/es\/wp-json\/wp\/v2\/pages"}],"about":[{"href":"https:\/\/a-corros.fr\/es\/wp-json\/wp\/v2\/types\/page"}],"author":[{"embeddable":true,"href":"https:\/\/a-corros.fr\/es\/wp-json\/wp\/v2\/users\/1"}],"replies":[{"embeddable":true,"href":"https:\/\/a-corros.fr\/es\/wp-json\/wp\/v2\/comments?post=2108"}],"version-history":[{"count":7,"href":"https:\/\/a-corros.fr\/es\/wp-json\/wp\/v2\/pages\/2108\/revisions"}],"predecessor-version":[{"id":2376,"href":"https:\/\/a-corros.fr\/es\/wp-json\/wp\/v2\/pages\/2108\/revisions\/2376"}],"wp:featuredmedia":[{"embeddable":true,"href":"https:\/\/a-corros.fr\/es\/wp-json\/wp\/v2\/media\/2196"}],"wp:attachment":[{"href":"https:\/\/a-corros.fr\/es\/wp-json\/wp\/v2\/media?parent=2108"}],"curies":[{"name":"wp","href":"https:\/\/api.w.org\/{rel}","templated":true}]}}