{"id":2125,"date":"2018-12-09T17:21:52","date_gmt":"2018-12-09T16:21:52","guid":{"rendered":"https:\/\/a-corros.fr\/les-strategies-de-prevention-de-la-corrosion\/"},"modified":"2019-03-14T14:37:48","modified_gmt":"2019-03-14T13:37:48","slug":"corrosion-patrimoine","status":"publish","type":"page","link":"https:\/\/a-corros.fr\/es\/corrosion-patrimoine\/","title":{"rendered":"Corrosion : pr\u00e9servation et restauration du patrimoine et des biens culturels"},"content":{"rendered":"\n<p class=\"chapo\">Au fil des ann\u00e9es, les biens culturels et le patrimoine doivent faire l\u2019objet d\u2019un suivi minutieux pour \u00e9viter leur d\u00e9gradation sous l\u2019effet de&nbsp;la corrosion. A-CORROS dispose de tous les mat\u00e9riels et les moyens humains indispensables pour proposer des solutions adapt\u00e9es. Gr\u00e2ce \u00e0 un&nbsp;laboratoire de conservation-restauration&nbsp;et des m\u00e9thodes \u00e9prouv\u00e9es pour&nbsp;la stabilisation de la corrosion, nos experts peuvent proposer des services personnalis\u00e9s, apr\u00e8s un diagnostic pr\u00e9cis et une analyse approfondie de la situation.<\/p>\n\n\n\n<h2 class=\"wp-block-heading\">La corrosion des \u00e9glises, quelles solutions ? <\/h2>\n\n\n\n<p>Selon l\u2019\u00e2ge et les mat\u00e9riaux utilis\u00e9s, les formes de corrosion constat\u00e9e sur les \u00e9glises peuvent \u00eatre diff\u00e9rentes. En effet, elle peut concerner&nbsp;le b\u00e9ton, la pierre, les armatures m\u00e9talliques, etc.<\/p>\n\n\n\n<p>Les b\u00e9tons anciens, les fa\u00e7ades fissur\u00e9es et les structures m\u00e9talliques rouill\u00e9es requi\u00e8rent des interventions de nettoyage et peuvent parfois n\u00e9cessiter d\u2019importantes r\u00e9parations. Les responsables doivent faire appel aux services d\u2019experts qualifi\u00e9s avant de lancer&nbsp;des travaux de restauration ou de conservation pr\u00e9ventive.<\/p>\n\n\n\n<p>A-CORROS propose toujours une visite sur site avant d\u2019organiser une intervention de conservation-restauration adapt\u00e9e. Gr\u00e2ce aux prises de vues et aux diff\u00e9rentes informations collect\u00e9es \u00e0 l\u2019issue des inspections visuelles et des pr\u00e9l\u00e8vements effectu\u00e9s sur place, nos experts peuvent travailler dans notre&nbsp;laboratoire de conservation-restauration. Ces diff\u00e9rentes analyses vont permettre d\u2019\u00e9tablir la meilleure m\u00e9thode de&nbsp;stabilisation de la corrosion, \u00e0 savoir&nbsp;la stabilisation par les fluides subcritiques.<\/p>\n\n\n\n<h2 class=\"wp-block-heading\">La corrosion des monuments historiques <\/h2>\n\n\n\n<p>Lorsque la&nbsp;corrosion&nbsp;concerne des&nbsp;monuments historiques, les experts doivent veiller \u00e0 ce que les propositions respectent l\u2019esth\u00e9tique du b\u00e2timent. Les techniques de nettoyage doivent ainsi \u00eatre bien choisies pour \u00e9viter que l\u2019harmonie g\u00e9n\u00e9rale de la fa\u00e7ade ne soit alt\u00e9r\u00e9e. En cas de d\u00e9gradation avanc\u00e9e, l\u2019\u00e9quipe d\u2019A-CORROS \u00e9tudie minutieusement les caract\u00e9ristiques originales du monument afin de d\u00e9terminer les m\u00e9thodes de restauration les plus adapt\u00e9es et les mesures de conservation pr\u00e9ventive \u00e0 appliquer p\u00e9riodiquement.<\/p>\n\n\n\n<p>Gr\u00e2ce \u00e0 des diagnostics affin\u00e9s sur l\u2019\u00e9tude du vieillissement des b\u00e9tons, des pierres et des structures m\u00e9talliques, nous avons r\u00e9pertori\u00e9 les types de probl\u00e8mes les plus fr\u00e9quents et nous avons d\u00e9fini les meilleures m\u00e9thodes de nettoyage et de r\u00e9paration pour&nbsp;la conservation du patrimoine&nbsp;et&nbsp;la stabilisation de la corrosion. La formulation de chaque mat\u00e9riau dans&nbsp;le laboratoire de conservation-restauration&nbsp;et des conditions de mise en \u0153uvre doivent \u00eatre bien d\u00e9termin\u00e9es pour garantir la r\u00e9ussite de chaque intervention, dans le respect des cahiers de charges.<\/p>\n\n\n\n<h2 class=\"wp-block-heading\">Les meilleures solutions pour la restauration de sculpture <\/h2>\n\n\n\n<p>A-CORROS peut \u00e9galement \u00eatre sollicit\u00e9 pour&nbsp;la restauration de sculpture. Les techniques sp\u00e9cifiques doivent \u00eatre appliqu\u00e9es pour respecter les formes et les textures originales de chaque pi\u00e8ce. Notre \u00e9quipe peut intervenir en amont de votre projet de restauration dans le cadre de d\u00e9couvertes arch\u00e9ologiques ou de travaux de restauration de mus\u00e9es. Des \u00e9tudes pr\u00e9alables dans&nbsp;le laboratoire de conservation-restauration&nbsp;sont effectu\u00e9es pour mieux respecter les cahiers des charges.<\/p>\n\n\n\n<p>Nos experts appliquent souvent la technique de&nbsp;stabilisation par les fluides subcritiques&nbsp;afin de respecter l\u2019aspect original de chaque pi\u00e8ce \u00e0 restaurer. Des&nbsp;interventions curatives d\u2019urgence&nbsp;peuvent \u00e9galement \u00eatre r\u00e9alis\u00e9es afin de sauver des \u00e9l\u00e9ments du patrimoine qui sont en danger, que ce soit sur un site terrestre ou dans un environnement sous-marin.<\/p>\n\n\n\n<p>Chaque intervention peut aussi \u00eatre programm\u00e9e dans le cadre d\u2019une meilleure gestion du patrimoine historique et des \u0153uvres d\u2019art anciens. Une \u00e9valuation sanitaire de collections de mus\u00e9es, de services arch\u00e9ologiques peut \u00eatre effectu\u00e9e. Un constat d\u2019\u00e9tat en vue de travaux de conservation-restauration peut \u00eatre r\u00e9alis\u00e9 de mani\u00e8re r\u00e9guli\u00e8re ou \u00e0 titre ponctuel, avant une exposition par exemple.<\/p>\n\n\n\n<h2 class=\"wp-block-heading\">Restauration d\u2019objets arch\u00e9ologiques <\/h2>\n\n\n\n<p>Lorsque les objets arch\u00e9ologiques sont mis \u00e0 jour, ils subissent un changement brusque et sont confront\u00e9s \u00e0 des conditions environnementales diff\u00e9rentes : ce changement peut entrainer des d\u00e9t\u00e9riorations irr\u00e9versibles. Ainsi, lors de la remise \u00e0 l\u2019air de ces pi\u00e8ces anciennes, il est pr\u00e9f\u00e9rable de faire appel \u00e0 une \u00e9quipe sp\u00e9cialis\u00e9e qui maitrise les d\u00e9marches \u00e0 respecter pour r\u00e9duire au minimum l\u2019effet des r\u00e9actions physico-chimiques sur les couches de produits de corrosion. Ces experts doivent \u00e9galement connaitre les m\u00e9thodes de restauration les plus appropri\u00e9es pour les diff\u00e9rents \u00e9l\u00e9ments mis \u00e0 d\u00e9couvert.<\/p>\n\n\n\n<p>La stabilisation par les fluides subcritiques&nbsp;consiste en \u00ab la d\u00e9chloruration des objets arch\u00e9ologiques ferreux \u00bb. Ce processus de restauration figure parmi les m\u00e9thodes qui permettent de r\u00e9duire au minimum l\u2019alt\u00e9ration des objets trouv\u00e9s dans le cadre de fouilles arch\u00e9ologiques. Les traitements de stabilisation sont tr\u00e8s importants dans le cadre de la conservation du patrimoine m\u00e9tallique ferreux en provenance des excavations arch\u00e9ologiques.<\/p>\n\n\n\n<p>La soci\u00e9t\u00e9 A-CORROS Expertise met son exp\u00e9rience et son savoir-faire aux services des professionnels qui souhaitent proc\u00e9der \u00e0 la restauration ou \u00e0 la conservation pr\u00e9ventive d\u2019\u0153uvres d\u2019art anciennes et de monuments historiques. B\u00e9n\u00e9ficiez d\u2019un accompagnement personnalis\u00e9 depuis l\u2019\u00e9tude en&nbsp;laboratoire de conservation-restauration, en passant par l\u2019analyse des diff\u00e9rentes donn\u00e9es collect\u00e9es lors de la visite sur site, jusqu\u2019\u00e0 la mise en \u0153uvre des travaux de restauration pr\u00e9conis\u00e9s par l\u2019\u00e9quipe. Apportez une valeur sure \u00e0 vos investigations et \u00e0 votre activit\u00e9 en choisissant un partenaire qui se distingue par les comp\u00e9tences \u00e9prouv\u00e9es de son \u00e9quipe en mati\u00e8re de&nbsp;stabilisation de la corrosion&nbsp;et de&nbsp;stabilisation par les fluides subcritiques.<\/p>\n","protected":false},"excerpt":{"rendered":"<p>Au fil des ann\u00e9es, les biens culturels et le patrimoine doivent faire l\u2019objet d\u2019un suivi minutieux pour \u00e9viter leur d\u00e9gradation sous l\u2019effet de&nbsp;la corrosion. A-CORROS dispose de tous les mat\u00e9riels et les moyens humains indispensables pour proposer des solutions adapt\u00e9es. Gr\u00e2ce \u00e0 un&nbsp;laboratoire de conservation-restauration&nbsp;et des m\u00e9thodes \u00e9prouv\u00e9es pour&nbsp;la stabilisation de la corrosion, nos experts&hellip;<\/p>\n","protected":false},"author":1,"featured_media":2049,"parent":0,"menu_order":0,"comment_status":"closed","ping_status":"closed","template":"","meta":{"_acf_changed":false,"footnotes":""},"class_list":["post-2125","page","type-page","status-publish","has-post-thumbnail","hentry"],"acf":[],"yoast_head":"<!-- This site is optimized with the Yoast SEO plugin v25.2 - https:\/\/yoast.com\/wordpress\/plugins\/seo\/ -->\n<title>la corrosion et la pr\u00e9servation du patrimoine b\u00e2ti - A-Corros<\/title>\n<meta name=\"robots\" content=\"index, follow, max-snippet:-1, max-image-preview:large, max-video-preview:-1\" \/>\n<link rel=\"canonical\" href=\"https:\/\/a-corros.fr\/corrosion-patrimoine\/\" \/>\n<meta property=\"og:locale\" content=\"es_ES\" \/>\n<meta property=\"og:type\" content=\"article\" \/>\n<meta property=\"og:title\" content=\"la corrosion et la pr\u00e9servation du patrimoine b\u00e2ti - A-Corros\" \/>\n<meta property=\"og:description\" content=\"Au fil des ann\u00e9es, les biens culturels et le patrimoine doivent faire l\u2019objet d\u2019un suivi minutieux pour \u00e9viter leur d\u00e9gradation sous l\u2019effet de&nbsp;la corrosion. A-CORROS dispose de tous les mat\u00e9riels et les moyens humains indispensables pour proposer des solutions adapt\u00e9es. Gr\u00e2ce \u00e0 un&nbsp;laboratoire de conservation-restauration&nbsp;et des m\u00e9thodes \u00e9prouv\u00e9es pour&nbsp;la stabilisation de la corrosion, nos experts&hellip;\" \/>\n<meta property=\"og:url\" content=\"https:\/\/a-corros.fr\/corrosion-patrimoine\/\" \/>\n<meta property=\"og:site_name\" content=\"A-Corros : diagnostic et expertise en corrosion et conservation des patrimoines\" \/>\n<meta property=\"article:modified_time\" content=\"2019-03-14T13:37:48+00:00\" \/>\n<meta property=\"og:image\" content=\"https:\/\/a-corros.fr\/wp-content\/uploads\/2018\/07\/a-corros-img3-16.jpg\" \/>\n\t<meta property=\"og:image:width\" content=\"1920\" \/>\n\t<meta property=\"og:image:height\" content=\"1440\" \/>\n\t<meta property=\"og:image:type\" content=\"image\/jpeg\" \/>\n<meta name=\"twitter:card\" content=\"summary_large_image\" \/>\n<meta name=\"twitter:label1\" content=\"Tiempo de lectura\" \/>\n\t<meta name=\"twitter:data1\" content=\"5 minutos\" \/>\n<script type=\"application\/ld+json\" class=\"yoast-schema-graph\">{\"@context\":\"https:\/\/schema.org\",\"@graph\":[{\"@type\":\"WebPage\",\"@id\":\"https:\/\/a-corros.fr\/corrosion-patrimoine\/\",\"url\":\"https:\/\/a-corros.fr\/corrosion-patrimoine\/\",\"name\":\"la corrosion et la pr\u00e9servation du patrimoine b\u00e2ti - A-Corros\",\"isPartOf\":{\"@id\":\"https:\/\/a-corros.fr\/#website\"},\"primaryImageOfPage\":{\"@id\":\"https:\/\/a-corros.fr\/corrosion-patrimoine\/#primaryimage\"},\"image\":{\"@id\":\"https:\/\/a-corros.fr\/corrosion-patrimoine\/#primaryimage\"},\"thumbnailUrl\":\"https:\/\/a-corros.fr\/wp-content\/uploads\/2018\/07\/a-corros-img3-16.jpg\",\"datePublished\":\"2018-12-09T16:21:52+00:00\",\"dateModified\":\"2019-03-14T13:37:48+00:00\",\"breadcrumb\":{\"@id\":\"https:\/\/a-corros.fr\/corrosion-patrimoine\/#breadcrumb\"},\"inLanguage\":\"es\",\"potentialAction\":[{\"@type\":\"ReadAction\",\"target\":[\"https:\/\/a-corros.fr\/corrosion-patrimoine\/\"]}]},{\"@type\":\"ImageObject\",\"inLanguage\":\"es\",\"@id\":\"https:\/\/a-corros.fr\/corrosion-patrimoine\/#primaryimage\",\"url\":\"https:\/\/a-corros.fr\/wp-content\/uploads\/2018\/07\/a-corros-img3-16.jpg\",\"contentUrl\":\"https:\/\/a-corros.fr\/wp-content\/uploads\/2018\/07\/a-corros-img3-16.jpg\",\"width\":1920,\"height\":1440},{\"@type\":\"BreadcrumbList\",\"@id\":\"https:\/\/a-corros.fr\/corrosion-patrimoine\/#breadcrumb\",\"itemListElement\":[{\"@type\":\"ListItem\",\"position\":1,\"name\":\"P\u00e1gina inicial\",\"item\":\"https:\/\/a-corros.fr\/es\/\"},{\"@type\":\"ListItem\",\"position\":2,\"name\":\"Corrosion : pr\u00e9servation et restauration du patrimoine et des biens culturels\"}]},{\"@type\":\"WebSite\",\"@id\":\"https:\/\/a-corros.fr\/#website\",\"url\":\"https:\/\/a-corros.fr\/\",\"name\":\"A-Corros : diagnostic et expertise en corrosion et conservation des patrimoines\",\"description\":\"Diagnostic et expertise en corrosion et conservation des patrimoines\",\"publisher\":{\"@id\":\"https:\/\/a-corros.fr\/#organization\"},\"potentialAction\":[{\"@type\":\"SearchAction\",\"target\":{\"@type\":\"EntryPoint\",\"urlTemplate\":\"https:\/\/a-corros.fr\/?s={search_term_string}\"},\"query-input\":{\"@type\":\"PropertyValueSpecification\",\"valueRequired\":true,\"valueName\":\"search_term_string\"}}],\"inLanguage\":\"es\"},{\"@type\":\"Organization\",\"@id\":\"https:\/\/a-corros.fr\/#organization\",\"name\":\"A-corros\",\"url\":\"https:\/\/a-corros.fr\/\",\"logo\":{\"@type\":\"ImageObject\",\"inLanguage\":\"es\",\"@id\":\"https:\/\/a-corros.fr\/#\/schema\/logo\/image\/\",\"url\":\"https:\/\/a-corros.fr\/wp-content\/uploads\/2019\/04\/A-CORROS-.jpg\",\"contentUrl\":\"https:\/\/a-corros.fr\/wp-content\/uploads\/2019\/04\/A-CORROS-.jpg\",\"width\":650,\"height\":129,\"caption\":\"A-corros\"},\"image\":{\"@id\":\"https:\/\/a-corros.fr\/#\/schema\/logo\/image\/\"}}]}<\/script>\n<!-- \/ Yoast SEO plugin. -->","yoast_head_json":{"title":"la corrosion et la pr\u00e9servation du patrimoine b\u00e2ti - A-Corros","robots":{"index":"index","follow":"follow","max-snippet":"max-snippet:-1","max-image-preview":"max-image-preview:large","max-video-preview":"max-video-preview:-1"},"canonical":"https:\/\/a-corros.fr\/corrosion-patrimoine\/","og_locale":"es_ES","og_type":"article","og_title":"la corrosion et la pr\u00e9servation du patrimoine b\u00e2ti - A-Corros","og_description":"Au fil des ann\u00e9es, les biens culturels et le patrimoine doivent faire l\u2019objet d\u2019un suivi minutieux pour \u00e9viter leur d\u00e9gradation sous l\u2019effet de&nbsp;la corrosion. A-CORROS dispose de tous les mat\u00e9riels et les moyens humains indispensables pour proposer des solutions adapt\u00e9es. Gr\u00e2ce \u00e0 un&nbsp;laboratoire de conservation-restauration&nbsp;et des m\u00e9thodes \u00e9prouv\u00e9es pour&nbsp;la stabilisation de la corrosion, nos experts&hellip;","og_url":"https:\/\/a-corros.fr\/corrosion-patrimoine\/","og_site_name":"A-Corros : diagnostic et expertise en corrosion et conservation des patrimoines","article_modified_time":"2019-03-14T13:37:48+00:00","og_image":[{"width":1920,"height":1440,"url":"https:\/\/a-corros.fr\/wp-content\/uploads\/2018\/07\/a-corros-img3-16.jpg","type":"image\/jpeg"}],"twitter_card":"summary_large_image","twitter_misc":{"Tiempo de lectura":"5 minutos"},"schema":{"@context":"https:\/\/schema.org","@graph":[{"@type":"WebPage","@id":"https:\/\/a-corros.fr\/corrosion-patrimoine\/","url":"https:\/\/a-corros.fr\/corrosion-patrimoine\/","name":"la corrosion et la pr\u00e9servation du patrimoine b\u00e2ti - A-Corros","isPartOf":{"@id":"https:\/\/a-corros.fr\/#website"},"primaryImageOfPage":{"@id":"https:\/\/a-corros.fr\/corrosion-patrimoine\/#primaryimage"},"image":{"@id":"https:\/\/a-corros.fr\/corrosion-patrimoine\/#primaryimage"},"thumbnailUrl":"https:\/\/a-corros.fr\/wp-content\/uploads\/2018\/07\/a-corros-img3-16.jpg","datePublished":"2018-12-09T16:21:52+00:00","dateModified":"2019-03-14T13:37:48+00:00","breadcrumb":{"@id":"https:\/\/a-corros.fr\/corrosion-patrimoine\/#breadcrumb"},"inLanguage":"es","potentialAction":[{"@type":"ReadAction","target":["https:\/\/a-corros.fr\/corrosion-patrimoine\/"]}]},{"@type":"ImageObject","inLanguage":"es","@id":"https:\/\/a-corros.fr\/corrosion-patrimoine\/#primaryimage","url":"https:\/\/a-corros.fr\/wp-content\/uploads\/2018\/07\/a-corros-img3-16.jpg","contentUrl":"https:\/\/a-corros.fr\/wp-content\/uploads\/2018\/07\/a-corros-img3-16.jpg","width":1920,"height":1440},{"@type":"BreadcrumbList","@id":"https:\/\/a-corros.fr\/corrosion-patrimoine\/#breadcrumb","itemListElement":[{"@type":"ListItem","position":1,"name":"P\u00e1gina inicial","item":"https:\/\/a-corros.fr\/es\/"},{"@type":"ListItem","position":2,"name":"Corrosion : pr\u00e9servation et restauration du patrimoine et des biens culturels"}]},{"@type":"WebSite","@id":"https:\/\/a-corros.fr\/#website","url":"https:\/\/a-corros.fr\/","name":"A-Corros : diagnostic et expertise en corrosion et conservation des patrimoines","description":"Diagnostic et expertise en corrosion et conservation des patrimoines","publisher":{"@id":"https:\/\/a-corros.fr\/#organization"},"potentialAction":[{"@type":"SearchAction","target":{"@type":"EntryPoint","urlTemplate":"https:\/\/a-corros.fr\/?s={search_term_string}"},"query-input":{"@type":"PropertyValueSpecification","valueRequired":true,"valueName":"search_term_string"}}],"inLanguage":"es"},{"@type":"Organization","@id":"https:\/\/a-corros.fr\/#organization","name":"A-corros","url":"https:\/\/a-corros.fr\/","logo":{"@type":"ImageObject","inLanguage":"es","@id":"https:\/\/a-corros.fr\/#\/schema\/logo\/image\/","url":"https:\/\/a-corros.fr\/wp-content\/uploads\/2019\/04\/A-CORROS-.jpg","contentUrl":"https:\/\/a-corros.fr\/wp-content\/uploads\/2019\/04\/A-CORROS-.jpg","width":650,"height":129,"caption":"A-corros"},"image":{"@id":"https:\/\/a-corros.fr\/#\/schema\/logo\/image\/"}}]}},"_links":{"self":[{"href":"https:\/\/a-corros.fr\/es\/wp-json\/wp\/v2\/pages\/2125","targetHints":{"allow":["GET"]}}],"collection":[{"href":"https:\/\/a-corros.fr\/es\/wp-json\/wp\/v2\/pages"}],"about":[{"href":"https:\/\/a-corros.fr\/es\/wp-json\/wp\/v2\/types\/page"}],"author":[{"embeddable":true,"href":"https:\/\/a-corros.fr\/es\/wp-json\/wp\/v2\/users\/1"}],"replies":[{"embeddable":true,"href":"https:\/\/a-corros.fr\/es\/wp-json\/wp\/v2\/comments?post=2125"}],"version-history":[{"count":5,"href":"https:\/\/a-corros.fr\/es\/wp-json\/wp\/v2\/pages\/2125\/revisions"}],"predecessor-version":[{"id":2291,"href":"https:\/\/a-corros.fr\/es\/wp-json\/wp\/v2\/pages\/2125\/revisions\/2291"}],"wp:featuredmedia":[{"embeddable":true,"href":"https:\/\/a-corros.fr\/es\/wp-json\/wp\/v2\/media\/2049"}],"wp:attachment":[{"href":"https:\/\/a-corros.fr\/es\/wp-json\/wp\/v2\/media?parent=2125"}],"curies":[{"name":"wp","href":"https:\/\/api.w.org\/{rel}","templated":true}]}}