{"id":2850,"date":"2019-05-02T11:25:48","date_gmt":"2019-05-02T09:25:48","guid":{"rendered":"https:\/\/a-corros.fr\/?page_id=2850"},"modified":"2019-06-06T16:32:38","modified_gmt":"2019-06-06T14:32:38","slug":"historia-y-oficios","status":"publish","type":"page","link":"https:\/\/a-corros.fr\/es\/historia-y-oficios\/","title":{"rendered":"Historia y oficios"},"content":{"rendered":"\n<p>Fundada por Jean-Bernard MEMET en 2007, A-CORROS es una oficina de gesti\u00f3n de proyectos especializada en el peritaje de la corrosi\u00f3n y en la protecci\u00f3n contra la corrosi\u00f3n de cualquier tipo de patrimonio met\u00e1lico \u2013tanto industrial como hist\u00f3rico\u2013 en todo tipo de entornos \u2013a\u00e9reo, terrestre, mar\u00edtimo o portuario\u2013. Estas competencias se diversificaron r\u00e1pidamente con la llegada de Philippe de VIVIES en tanto que socio y conservador-restaurador de bienes culturales. A-CORROS crea entonces <strong>un laboratorio de conservaci\u00f3n-restauraci\u00f3n de <a href=\"http:\/\/www.a-corros.fr\/es\/polo\/colecciones_patrimoniales\/\">objetos arqueol\u00f3gicos<\/a> e <a href=\"http:\/\/www.a-corros.fr\/es\/polo\/colecciones_historicas\/\">hist\u00f3ricos<\/a> y de <a href=\"http:\/\/www.a-corros.fr\/es\/polo\/estatuaria_monumental\/\">estatuaria<\/a><\/strong>.<\/p>\n\n\n\n<h3 class=\"wp-block-heading\">La actividad de A-CORROS se ejerce en tres \u00e1mbitos principales:<\/h3>\n\n\n\n<h4 class=\"wp-block-heading\"><strong>Polo Industria<\/strong> <\/h4>\n\n\n\n<p>Se ocupa de los problemas de corrosi\u00f3n en los sectores de la <a href=\"http:\/\/www.a-corros.fr\/es\/polo\/instalaciones_industriales\/\">construcci\u00f3n industrial<\/a>, la petroqu\u00edmica, la producci\u00f3n de energ\u00eda, la valorizaci\u00f3n de residuos, las telecomunicaciones, las <a href=\"http:\/\/www.a-corros.fr\/es\/polo\/infraestructuras-portuarias\/\">infraestructuras portuarias<\/a> y <a href=\"http:\/\/www.a-corros.fr\/es\/polo\/construcciones_navales\/\">navales<\/a>, el <a href=\"http:\/\/www.a-corros.fr\/es\/polo\/habitat_e_ingenieria_civil\/\">h\u00e1bitat y la ingenier\u00eda civil <\/a>(canalizaciones, recubrimientos), pero igualmente en las <a href=\"http:\/\/www.a-corros.fr\/es\/polo\/obras_de_ingenieria\/\">obras de ingenier\u00eda<\/a> (obras de paso como son los puentes met\u00e1licos y los viaductos, los drenajes de tubos de acero ondulado flexible y los muros de contenci\u00f3n).<\/p>\n\n\n\n<p>Las misiones confiadas a la empresa est\u00e1n relacionadas con el\nestudio y la comprensi\u00f3n de los fen\u00f3menos de corrosi\u00f3n, al igual que con la\npuesta en ejecuci\u00f3n de las proposiciones o las medidas de conservaci\u00f3n\ntendentes a garantizar la durabilidad de las estructuras.<\/p>\n\n\n\n<h4 class=\"wp-block-heading\"><strong>Polo Patrimonio<\/strong><\/h4>\n\n\n\n<p>Especializado en la conservaci\u00f3n-restauraci\u00f3n de bienes culturales de metal. Restaurar un objeto met\u00e1lico supone redescubrir su superficie originaria para desvelar el conjunto de informaciones arqueol\u00f3gicas que encierra. Para ello, resulta necesario conocer perfectamente los mecanismos de corrosi\u00f3n que han llevado a la materia a ese estado preciso, as\u00ed como los tipos de elementos presentes (productos de corrosi\u00f3n estables o, al contrario, activos) que pueden conducir a la p\u00e9rdida del objeto. El Polo Patrimonio se ocupa tanto de las colecciones arqueol\u00f3gicas, hist\u00f3ricas o etnogr\u00e1ficas como de las obras de arte contempor\u00e1neo.<\/p>\n\n\n\n<p>Entre estos dos polos existe otro que requiere al mismo tiempo las\ncompetencias del Polo Industria y las del Polo Patrimonio.<\/p>\n\n\n\n<h4 class=\"wp-block-heading\"><strong>Polo Monumentos Hist\u00f3ricos<\/strong><\/h4>\n\n\n\n<p>Las construcciones met\u00e1licas m\u00e1s antiguas requieren un tratamiento espec\u00edfico y necesitan a veces ser adaptadas a una utilizaci\u00f3n actual. Por ello intervenimos prestando asistencia a la direcci\u00f3n de la obra, a fin de diagnosticar, analizar los materiales y los revestimientos con el objetivo de establecer los protocolos de actuaci\u00f3n.<\/p>\n\n\n\n<p>Localisation<\/p>\n\n\n\n<p>Desde 2015, los locales de A-CORROS se encuentran en la plataforma tecnol\u00f3gica <a rel=\"noreferrer noopener\" aria-label=\"ARCHEOMED (opens in a new tab)\" href=\"http:\/\/www.archeomed.fr\/\" target=\"_blank\">ARCHEOMED<\/a>, una incubadora de empresas dedicadas al patrimonio y a iniciativas creativas y culturales situada en Arl\u00e9s.<\/p>\n\n\n\n<div class=\"wp-block-image\"><figure class=\"aligncenter is-resized\"><img loading=\"lazy\" decoding=\"async\" src=\"https:\/\/a-corros.fr\/wp-content\/uploads\/2019\/05\/logo-Archeomed-2016-2-1024x318.jpg\" alt=\"\" class=\"wp-image-2869\" width=\"281\" height=\"87\" srcset=\"https:\/\/a-corros.fr\/wp-content\/uploads\/2019\/05\/logo-Archeomed-2016-2-1024x318.jpg 1024w, https:\/\/a-corros.fr\/wp-content\/uploads\/2019\/05\/logo-Archeomed-2016-2-300x93.jpg 300w, https:\/\/a-corros.fr\/wp-content\/uploads\/2019\/05\/logo-Archeomed-2016-2-768x238.jpg 768w\" sizes=\"auto, (max-width: 281px) 100vw, 281px\" \/><\/figure><\/div>\n","protected":false},"excerpt":{"rendered":"<p>Fundada por Jean-Bernard MEMET en 2007, A-CORROS es una oficina de gesti\u00f3n de proyectos especializada en el peritaje de la corrosi\u00f3n y en la protecci\u00f3n contra la corrosi\u00f3n de cualquier tipo de patrimonio met\u00e1lico \u2013tanto industrial como hist\u00f3rico\u2013 en todo tipo de entornos \u2013a\u00e9reo, terrestre, mar\u00edtimo o portuario\u2013. Estas competencias se diversificaron r\u00e1pidamente con la&hellip;<\/p>\n","protected":false},"author":2,"featured_media":2051,"parent":0,"menu_order":0,"comment_status":"closed","ping_status":"closed","template":"","meta":{"_acf_changed":false,"footnotes":""},"class_list":["post-2850","page","type-page","status-publish","has-post-thumbnail","hentry"],"acf":[],"yoast_head":"<!-- This site is optimized with the Yoast SEO plugin v25.2 - https:\/\/yoast.com\/wordpress\/plugins\/seo\/ -->\n<title>Historia y oficios - A-Corros : diagnostic et expertise en corrosion et conservation des patrimoines<\/title>\n<meta name=\"robots\" content=\"index, follow, max-snippet:-1, max-image-preview:large, max-video-preview:-1\" \/>\n<link rel=\"canonical\" href=\"https:\/\/a-corros.fr\/es\/historia-y-oficios\/\" \/>\n<meta property=\"og:locale\" content=\"es_ES\" \/>\n<meta property=\"og:type\" content=\"article\" \/>\n<meta property=\"og:title\" content=\"Historia y oficios - A-Corros : diagnostic et expertise en corrosion et conservation des patrimoines\" \/>\n<meta property=\"og:description\" content=\"Fundada por Jean-Bernard MEMET en 2007, A-CORROS es una oficina de gesti\u00f3n de proyectos especializada en el peritaje de la corrosi\u00f3n y en la protecci\u00f3n contra la corrosi\u00f3n de cualquier tipo de patrimonio met\u00e1lico \u2013tanto industrial como hist\u00f3rico\u2013 en todo tipo de entornos \u2013a\u00e9reo, terrestre, mar\u00edtimo o portuario\u2013. Estas competencias se diversificaron r\u00e1pidamente con la&hellip;\" \/>\n<meta property=\"og:url\" content=\"https:\/\/a-corros.fr\/es\/historia-y-oficios\/\" \/>\n<meta property=\"og:site_name\" content=\"A-Corros : diagnostic et expertise en corrosion et conservation des patrimoines\" \/>\n<meta property=\"article:modified_time\" content=\"2019-06-06T14:32:38+00:00\" \/>\n<meta property=\"og:image\" content=\"https:\/\/a-corros.fr\/wp-content\/uploads\/2018\/07\/a-corros-img3-16.jpg\" \/>\n\t<meta property=\"og:image:width\" content=\"1920\" \/>\n\t<meta property=\"og:image:height\" content=\"1440\" \/>\n\t<meta property=\"og:image:type\" content=\"image\/jpeg\" \/>\n<meta name=\"twitter:card\" content=\"summary_large_image\" \/>\n<meta name=\"twitter:label1\" content=\"Tiempo de lectura\" \/>\n\t<meta name=\"twitter:data1\" content=\"2 minutos\" \/>\n<script type=\"application\/ld+json\" class=\"yoast-schema-graph\">{\"@context\":\"https:\/\/schema.org\",\"@graph\":[{\"@type\":\"WebPage\",\"@id\":\"https:\/\/a-corros.fr\/es\/historia-y-oficios\/\",\"url\":\"https:\/\/a-corros.fr\/es\/historia-y-oficios\/\",\"name\":\"Historia y oficios - A-Corros : diagnostic et expertise en corrosion et conservation des patrimoines\",\"isPartOf\":{\"@id\":\"https:\/\/a-corros.fr\/#website\"},\"primaryImageOfPage\":{\"@id\":\"https:\/\/a-corros.fr\/es\/historia-y-oficios\/#primaryimage\"},\"image\":{\"@id\":\"https:\/\/a-corros.fr\/es\/historia-y-oficios\/#primaryimage\"},\"thumbnailUrl\":\"https:\/\/a-corros.fr\/wp-content\/uploads\/2018\/07\/a-corros-img3-16.jpg\",\"datePublished\":\"2019-05-02T09:25:48+00:00\",\"dateModified\":\"2019-06-06T14:32:38+00:00\",\"breadcrumb\":{\"@id\":\"https:\/\/a-corros.fr\/es\/historia-y-oficios\/#breadcrumb\"},\"inLanguage\":\"es\",\"potentialAction\":[{\"@type\":\"ReadAction\",\"target\":[\"https:\/\/a-corros.fr\/es\/historia-y-oficios\/\"]}]},{\"@type\":\"ImageObject\",\"inLanguage\":\"es\",\"@id\":\"https:\/\/a-corros.fr\/es\/historia-y-oficios\/#primaryimage\",\"url\":\"https:\/\/a-corros.fr\/wp-content\/uploads\/2018\/07\/a-corros-img3-16.jpg\",\"contentUrl\":\"https:\/\/a-corros.fr\/wp-content\/uploads\/2018\/07\/a-corros-img3-16.jpg\",\"width\":1920,\"height\":1440},{\"@type\":\"BreadcrumbList\",\"@id\":\"https:\/\/a-corros.fr\/es\/historia-y-oficios\/#breadcrumb\",\"itemListElement\":[{\"@type\":\"ListItem\",\"position\":1,\"name\":\"P\u00e1gina inicial\",\"item\":\"https:\/\/a-corros.fr\/es\/\"},{\"@type\":\"ListItem\",\"position\":2,\"name\":\"Historia y oficios\"}]},{\"@type\":\"WebSite\",\"@id\":\"https:\/\/a-corros.fr\/#website\",\"url\":\"https:\/\/a-corros.fr\/\",\"name\":\"A-Corros : diagnostic et expertise en corrosion et conservation des patrimoines\",\"description\":\"Diagnostic et expertise en corrosion et conservation des patrimoines\",\"publisher\":{\"@id\":\"https:\/\/a-corros.fr\/#organization\"},\"potentialAction\":[{\"@type\":\"SearchAction\",\"target\":{\"@type\":\"EntryPoint\",\"urlTemplate\":\"https:\/\/a-corros.fr\/?s={search_term_string}\"},\"query-input\":{\"@type\":\"PropertyValueSpecification\",\"valueRequired\":true,\"valueName\":\"search_term_string\"}}],\"inLanguage\":\"es\"},{\"@type\":\"Organization\",\"@id\":\"https:\/\/a-corros.fr\/#organization\",\"name\":\"A-corros\",\"url\":\"https:\/\/a-corros.fr\/\",\"logo\":{\"@type\":\"ImageObject\",\"inLanguage\":\"es\",\"@id\":\"https:\/\/a-corros.fr\/#\/schema\/logo\/image\/\",\"url\":\"https:\/\/a-corros.fr\/wp-content\/uploads\/2019\/04\/A-CORROS-.jpg\",\"contentUrl\":\"https:\/\/a-corros.fr\/wp-content\/uploads\/2019\/04\/A-CORROS-.jpg\",\"width\":650,\"height\":129,\"caption\":\"A-corros\"},\"image\":{\"@id\":\"https:\/\/a-corros.fr\/#\/schema\/logo\/image\/\"}}]}<\/script>\n<!-- \/ Yoast SEO plugin. -->","yoast_head_json":{"title":"Historia y oficios - A-Corros : diagnostic et expertise en corrosion et conservation des patrimoines","robots":{"index":"index","follow":"follow","max-snippet":"max-snippet:-1","max-image-preview":"max-image-preview:large","max-video-preview":"max-video-preview:-1"},"canonical":"https:\/\/a-corros.fr\/es\/historia-y-oficios\/","og_locale":"es_ES","og_type":"article","og_title":"Historia y oficios - A-Corros : diagnostic et expertise en corrosion et conservation des patrimoines","og_description":"Fundada por Jean-Bernard MEMET en 2007, A-CORROS es una oficina de gesti\u00f3n de proyectos especializada en el peritaje de la corrosi\u00f3n y en la protecci\u00f3n contra la corrosi\u00f3n de cualquier tipo de patrimonio met\u00e1lico \u2013tanto industrial como hist\u00f3rico\u2013 en todo tipo de entornos \u2013a\u00e9reo, terrestre, mar\u00edtimo o portuario\u2013. Estas competencias se diversificaron r\u00e1pidamente con la&hellip;","og_url":"https:\/\/a-corros.fr\/es\/historia-y-oficios\/","og_site_name":"A-Corros : diagnostic et expertise en corrosion et conservation des patrimoines","article_modified_time":"2019-06-06T14:32:38+00:00","og_image":[{"width":1920,"height":1440,"url":"https:\/\/a-corros.fr\/wp-content\/uploads\/2018\/07\/a-corros-img3-16.jpg","type":"image\/jpeg"}],"twitter_card":"summary_large_image","twitter_misc":{"Tiempo de lectura":"2 minutos"},"schema":{"@context":"https:\/\/schema.org","@graph":[{"@type":"WebPage","@id":"https:\/\/a-corros.fr\/es\/historia-y-oficios\/","url":"https:\/\/a-corros.fr\/es\/historia-y-oficios\/","name":"Historia y oficios - A-Corros : diagnostic et expertise en corrosion et conservation des patrimoines","isPartOf":{"@id":"https:\/\/a-corros.fr\/#website"},"primaryImageOfPage":{"@id":"https:\/\/a-corros.fr\/es\/historia-y-oficios\/#primaryimage"},"image":{"@id":"https:\/\/a-corros.fr\/es\/historia-y-oficios\/#primaryimage"},"thumbnailUrl":"https:\/\/a-corros.fr\/wp-content\/uploads\/2018\/07\/a-corros-img3-16.jpg","datePublished":"2019-05-02T09:25:48+00:00","dateModified":"2019-06-06T14:32:38+00:00","breadcrumb":{"@id":"https:\/\/a-corros.fr\/es\/historia-y-oficios\/#breadcrumb"},"inLanguage":"es","potentialAction":[{"@type":"ReadAction","target":["https:\/\/a-corros.fr\/es\/historia-y-oficios\/"]}]},{"@type":"ImageObject","inLanguage":"es","@id":"https:\/\/a-corros.fr\/es\/historia-y-oficios\/#primaryimage","url":"https:\/\/a-corros.fr\/wp-content\/uploads\/2018\/07\/a-corros-img3-16.jpg","contentUrl":"https:\/\/a-corros.fr\/wp-content\/uploads\/2018\/07\/a-corros-img3-16.jpg","width":1920,"height":1440},{"@type":"BreadcrumbList","@id":"https:\/\/a-corros.fr\/es\/historia-y-oficios\/#breadcrumb","itemListElement":[{"@type":"ListItem","position":1,"name":"P\u00e1gina inicial","item":"https:\/\/a-corros.fr\/es\/"},{"@type":"ListItem","position":2,"name":"Historia y oficios"}]},{"@type":"WebSite","@id":"https:\/\/a-corros.fr\/#website","url":"https:\/\/a-corros.fr\/","name":"A-Corros : diagnostic et expertise en corrosion et conservation des patrimoines","description":"Diagnostic et expertise en corrosion et conservation des patrimoines","publisher":{"@id":"https:\/\/a-corros.fr\/#organization"},"potentialAction":[{"@type":"SearchAction","target":{"@type":"EntryPoint","urlTemplate":"https:\/\/a-corros.fr\/?s={search_term_string}"},"query-input":{"@type":"PropertyValueSpecification","valueRequired":true,"valueName":"search_term_string"}}],"inLanguage":"es"},{"@type":"Organization","@id":"https:\/\/a-corros.fr\/#organization","name":"A-corros","url":"https:\/\/a-corros.fr\/","logo":{"@type":"ImageObject","inLanguage":"es","@id":"https:\/\/a-corros.fr\/#\/schema\/logo\/image\/","url":"https:\/\/a-corros.fr\/wp-content\/uploads\/2019\/04\/A-CORROS-.jpg","contentUrl":"https:\/\/a-corros.fr\/wp-content\/uploads\/2019\/04\/A-CORROS-.jpg","width":650,"height":129,"caption":"A-corros"},"image":{"@id":"https:\/\/a-corros.fr\/#\/schema\/logo\/image\/"}}]}},"_links":{"self":[{"href":"https:\/\/a-corros.fr\/es\/wp-json\/wp\/v2\/pages\/2850","targetHints":{"allow":["GET"]}}],"collection":[{"href":"https:\/\/a-corros.fr\/es\/wp-json\/wp\/v2\/pages"}],"about":[{"href":"https:\/\/a-corros.fr\/es\/wp-json\/wp\/v2\/types\/page"}],"author":[{"embeddable":true,"href":"https:\/\/a-corros.fr\/es\/wp-json\/wp\/v2\/users\/2"}],"replies":[{"embeddable":true,"href":"https:\/\/a-corros.fr\/es\/wp-json\/wp\/v2\/comments?post=2850"}],"version-history":[{"count":4,"href":"https:\/\/a-corros.fr\/es\/wp-json\/wp\/v2\/pages\/2850\/revisions"}],"predecessor-version":[{"id":3722,"href":"https:\/\/a-corros.fr\/es\/wp-json\/wp\/v2\/pages\/2850\/revisions\/3722"}],"wp:featuredmedia":[{"embeddable":true,"href":"https:\/\/a-corros.fr\/es\/wp-json\/wp\/v2\/media\/2051"}],"wp:attachment":[{"href":"https:\/\/a-corros.fr\/es\/wp-json\/wp\/v2\/media?parent=2850"}],"curies":[{"name":"wp","href":"https:\/\/api.w.org\/{rel}","templated":true}]}}