{"id":2858,"date":"2019-05-03T09:59:23","date_gmt":"2019-05-03T07:59:23","guid":{"rendered":"https:\/\/a-corros.fr\/?page_id=2858"},"modified":"2019-05-03T09:59:26","modified_gmt":"2019-05-03T07:59:26","slug":"el-metal-y-la-corrosion-en-la-industria-y-el-patrimonio","status":"publish","type":"page","link":"https:\/\/a-corros.fr\/es\/el-metal-y-la-corrosion-en-la-industria-y-el-patrimonio\/","title":{"rendered":"El metal y la corrosi\u00f3n en la industria y el patrimonio"},"content":{"rendered":"\n<p>El metal es una materia viva\u2026\nSalvo el oro puro, que se encuentra en la naturaleza en estado nativo, todos\nlos metales proceden de la transformaci\u00f3n de minerales. Transformados en\nproductos semiacabados bajo la forma de lingotes,\npalanquillas, desbastes planos o de secci\u00f3n cuadrada, antes de convertirse en\nobjetos o elementos estructurales, los metales obtenidos siempre querr\u00e1n\nregresar a su estado natural de minerales (hidr\u00f3xidos, \u00f3xidos, sulfuros, carbonatos,\netc.). \u00a1Genio y figura hasta la sepultura!<\/p>\n\n\n\n<p>Este proceso de \u201cretorno al estado natural\u201d, de metal a mineral,\nse llama corrosi\u00f3n. Etimol\u00f3gicamente, el t\u00e9rmino \u201ccorrosi\u00f3n\u201d procede del verbo\nlatino <em>corrodere<\/em> que significa la acci\u00f3n de roer. Hoy en d\u00eda y seg\u00fan las\nnormas en vigor, en especial la norma ISO 8044, la corrosi\u00f3n se define como la\ninteracci\u00f3n f\u00edsico-qu\u00edmica entre un metal y su entorno que conlleva\nmodificaciones en las propiedades del metal, pudiendo producirse degradaciones\nen sus funciones, en el medio que lo rodea o en el sistema t\u00e9cnico en el que\nest\u00e1 integrado.<\/p>\n\n\n\n<p>El t\u00e9rmino corrosi\u00f3n agrupa una infinidad de mecanismos\ndiferentes: corrosi\u00f3n uniforme, corrosi\u00f3n por aireaci\u00f3n diferencial, corrosi\u00f3n\ngalv\u00e1nica, corrosi\u00f3n por picadura, bajo dep\u00f3sitos, corrosi\u00f3n cavernosa,\ncorrosi\u00f3n por erosi\u00f3n, corrosi\u00f3n por cavitaci\u00f3n, corrosi\u00f3n filiforme, corrosi\u00f3n\nlocalizada, etc.<\/p>\n\n\n\n<p>Diagnosticar la corrosi\u00f3n de un sistema constituido por uno o\nvarios metales y uno o varios entornos consiste en estudiar la naturaleza del o\nde los metales presentes y de los entornos que atraviesa(n).<\/p>\n\n\n\n<p>Oficina de gesti\u00f3n de proyectos al mismo tiempo que laboratorio de\nconservaci\u00f3n y de restauraci\u00f3n, A-CORROS existe para ayudarle a diagnosticar e\nidentificar las patolog\u00edas, comprender los mecanismos que generan la corrosi\u00f3n\npara, a partir de ah\u00ed, hacer proposiciones para luchar contra ella.<\/p>\n","protected":false},"excerpt":{"rendered":"<p>El metal es una materia viva\u2026 Salvo el oro puro, que se encuentra en la naturaleza en estado nativo, todos los metales proceden de la transformaci\u00f3n de minerales. Transformados en productos semiacabados bajo la forma de lingotes, palanquillas, desbastes planos o de secci\u00f3n cuadrada, antes de convertirse en objetos o elementos estructurales, los metales obtenidos&hellip;<\/p>\n","protected":false},"author":2,"featured_media":0,"parent":0,"menu_order":0,"comment_status":"closed","ping_status":"closed","template":"","meta":{"_acf_changed":false,"footnotes":""},"class_list":["post-2858","page","type-page","status-publish","hentry"],"acf":[],"yoast_head":"<!-- This site is optimized with the Yoast SEO plugin v25.2 - https:\/\/yoast.com\/wordpress\/plugins\/seo\/ -->\n<title>El metal y la corrosi\u00f3n en la industria y el patrimonio - A-Corros : diagnostic et expertise en corrosion et conservation des patrimoines<\/title>\n<meta name=\"robots\" content=\"index, follow, max-snippet:-1, max-image-preview:large, max-video-preview:-1\" \/>\n<link rel=\"canonical\" href=\"https:\/\/a-corros.fr\/es\/el-metal-y-la-corrosion-en-la-industria-y-el-patrimonio\/\" \/>\n<meta property=\"og:locale\" content=\"es_ES\" \/>\n<meta property=\"og:type\" content=\"article\" \/>\n<meta property=\"og:title\" content=\"El metal y la corrosi\u00f3n en la industria y el patrimonio - A-Corros : diagnostic et expertise en corrosion et conservation des patrimoines\" \/>\n<meta property=\"og:description\" content=\"El metal es una materia viva\u2026 Salvo el oro puro, que se encuentra en la naturaleza en estado nativo, todos los metales proceden de la transformaci\u00f3n de minerales. Transformados en productos semiacabados bajo la forma de lingotes, palanquillas, desbastes planos o de secci\u00f3n cuadrada, antes de convertirse en objetos o elementos estructurales, los metales obtenidos&hellip;\" \/>\n<meta property=\"og:url\" content=\"https:\/\/a-corros.fr\/es\/el-metal-y-la-corrosion-en-la-industria-y-el-patrimonio\/\" \/>\n<meta property=\"og:site_name\" content=\"A-Corros : diagnostic et expertise en corrosion et conservation des patrimoines\" \/>\n<meta property=\"article:modified_time\" content=\"2019-05-03T07:59:26+00:00\" \/>\n<meta name=\"twitter:card\" content=\"summary_large_image\" \/>\n<meta name=\"twitter:label1\" content=\"Tiempo de lectura\" \/>\n\t<meta name=\"twitter:data1\" content=\"2 minutos\" \/>\n<script type=\"application\/ld+json\" class=\"yoast-schema-graph\">{\"@context\":\"https:\/\/schema.org\",\"@graph\":[{\"@type\":\"WebPage\",\"@id\":\"https:\/\/a-corros.fr\/es\/el-metal-y-la-corrosion-en-la-industria-y-el-patrimonio\/\",\"url\":\"https:\/\/a-corros.fr\/es\/el-metal-y-la-corrosion-en-la-industria-y-el-patrimonio\/\",\"name\":\"El metal y la corrosi\u00f3n en la industria y el patrimonio - A-Corros : diagnostic et expertise en corrosion et conservation des patrimoines\",\"isPartOf\":{\"@id\":\"https:\/\/a-corros.fr\/#website\"},\"datePublished\":\"2019-05-03T07:59:23+00:00\",\"dateModified\":\"2019-05-03T07:59:26+00:00\",\"breadcrumb\":{\"@id\":\"https:\/\/a-corros.fr\/es\/el-metal-y-la-corrosion-en-la-industria-y-el-patrimonio\/#breadcrumb\"},\"inLanguage\":\"es\",\"potentialAction\":[{\"@type\":\"ReadAction\",\"target\":[\"https:\/\/a-corros.fr\/es\/el-metal-y-la-corrosion-en-la-industria-y-el-patrimonio\/\"]}]},{\"@type\":\"BreadcrumbList\",\"@id\":\"https:\/\/a-corros.fr\/es\/el-metal-y-la-corrosion-en-la-industria-y-el-patrimonio\/#breadcrumb\",\"itemListElement\":[{\"@type\":\"ListItem\",\"position\":1,\"name\":\"P\u00e1gina inicial\",\"item\":\"https:\/\/a-corros.fr\/es\/\"},{\"@type\":\"ListItem\",\"position\":2,\"name\":\"El metal y la corrosi\u00f3n en la industria y el patrimonio\"}]},{\"@type\":\"WebSite\",\"@id\":\"https:\/\/a-corros.fr\/#website\",\"url\":\"https:\/\/a-corros.fr\/\",\"name\":\"A-Corros : diagnostic et expertise en corrosion et conservation des patrimoines\",\"description\":\"Diagnostic et expertise en corrosion et conservation des patrimoines\",\"publisher\":{\"@id\":\"https:\/\/a-corros.fr\/#organization\"},\"potentialAction\":[{\"@type\":\"SearchAction\",\"target\":{\"@type\":\"EntryPoint\",\"urlTemplate\":\"https:\/\/a-corros.fr\/?s={search_term_string}\"},\"query-input\":{\"@type\":\"PropertyValueSpecification\",\"valueRequired\":true,\"valueName\":\"search_term_string\"}}],\"inLanguage\":\"es\"},{\"@type\":\"Organization\",\"@id\":\"https:\/\/a-corros.fr\/#organization\",\"name\":\"A-corros\",\"url\":\"https:\/\/a-corros.fr\/\",\"logo\":{\"@type\":\"ImageObject\",\"inLanguage\":\"es\",\"@id\":\"https:\/\/a-corros.fr\/#\/schema\/logo\/image\/\",\"url\":\"https:\/\/a-corros.fr\/wp-content\/uploads\/2019\/04\/A-CORROS-.jpg\",\"contentUrl\":\"https:\/\/a-corros.fr\/wp-content\/uploads\/2019\/04\/A-CORROS-.jpg\",\"width\":650,\"height\":129,\"caption\":\"A-corros\"},\"image\":{\"@id\":\"https:\/\/a-corros.fr\/#\/schema\/logo\/image\/\"}}]}<\/script>\n<!-- \/ Yoast SEO plugin. -->","yoast_head_json":{"title":"El metal y la corrosi\u00f3n en la industria y el patrimonio - A-Corros : diagnostic et expertise en corrosion et conservation des patrimoines","robots":{"index":"index","follow":"follow","max-snippet":"max-snippet:-1","max-image-preview":"max-image-preview:large","max-video-preview":"max-video-preview:-1"},"canonical":"https:\/\/a-corros.fr\/es\/el-metal-y-la-corrosion-en-la-industria-y-el-patrimonio\/","og_locale":"es_ES","og_type":"article","og_title":"El metal y la corrosi\u00f3n en la industria y el patrimonio - A-Corros : diagnostic et expertise en corrosion et conservation des patrimoines","og_description":"El metal es una materia viva\u2026 Salvo el oro puro, que se encuentra en la naturaleza en estado nativo, todos los metales proceden de la transformaci\u00f3n de minerales. Transformados en productos semiacabados bajo la forma de lingotes, palanquillas, desbastes planos o de secci\u00f3n cuadrada, antes de convertirse en objetos o elementos estructurales, los metales obtenidos&hellip;","og_url":"https:\/\/a-corros.fr\/es\/el-metal-y-la-corrosion-en-la-industria-y-el-patrimonio\/","og_site_name":"A-Corros : diagnostic et expertise en corrosion et conservation des patrimoines","article_modified_time":"2019-05-03T07:59:26+00:00","twitter_card":"summary_large_image","twitter_misc":{"Tiempo de lectura":"2 minutos"},"schema":{"@context":"https:\/\/schema.org","@graph":[{"@type":"WebPage","@id":"https:\/\/a-corros.fr\/es\/el-metal-y-la-corrosion-en-la-industria-y-el-patrimonio\/","url":"https:\/\/a-corros.fr\/es\/el-metal-y-la-corrosion-en-la-industria-y-el-patrimonio\/","name":"El metal y la corrosi\u00f3n en la industria y el patrimonio - A-Corros : diagnostic et expertise en corrosion et conservation des patrimoines","isPartOf":{"@id":"https:\/\/a-corros.fr\/#website"},"datePublished":"2019-05-03T07:59:23+00:00","dateModified":"2019-05-03T07:59:26+00:00","breadcrumb":{"@id":"https:\/\/a-corros.fr\/es\/el-metal-y-la-corrosion-en-la-industria-y-el-patrimonio\/#breadcrumb"},"inLanguage":"es","potentialAction":[{"@type":"ReadAction","target":["https:\/\/a-corros.fr\/es\/el-metal-y-la-corrosion-en-la-industria-y-el-patrimonio\/"]}]},{"@type":"BreadcrumbList","@id":"https:\/\/a-corros.fr\/es\/el-metal-y-la-corrosion-en-la-industria-y-el-patrimonio\/#breadcrumb","itemListElement":[{"@type":"ListItem","position":1,"name":"P\u00e1gina inicial","item":"https:\/\/a-corros.fr\/es\/"},{"@type":"ListItem","position":2,"name":"El metal y la corrosi\u00f3n en la industria y el patrimonio"}]},{"@type":"WebSite","@id":"https:\/\/a-corros.fr\/#website","url":"https:\/\/a-corros.fr\/","name":"A-Corros : diagnostic et expertise en corrosion et conservation des patrimoines","description":"Diagnostic et expertise en corrosion et conservation des patrimoines","publisher":{"@id":"https:\/\/a-corros.fr\/#organization"},"potentialAction":[{"@type":"SearchAction","target":{"@type":"EntryPoint","urlTemplate":"https:\/\/a-corros.fr\/?s={search_term_string}"},"query-input":{"@type":"PropertyValueSpecification","valueRequired":true,"valueName":"search_term_string"}}],"inLanguage":"es"},{"@type":"Organization","@id":"https:\/\/a-corros.fr\/#organization","name":"A-corros","url":"https:\/\/a-corros.fr\/","logo":{"@type":"ImageObject","inLanguage":"es","@id":"https:\/\/a-corros.fr\/#\/schema\/logo\/image\/","url":"https:\/\/a-corros.fr\/wp-content\/uploads\/2019\/04\/A-CORROS-.jpg","contentUrl":"https:\/\/a-corros.fr\/wp-content\/uploads\/2019\/04\/A-CORROS-.jpg","width":650,"height":129,"caption":"A-corros"},"image":{"@id":"https:\/\/a-corros.fr\/#\/schema\/logo\/image\/"}}]}},"_links":{"self":[{"href":"https:\/\/a-corros.fr\/es\/wp-json\/wp\/v2\/pages\/2858","targetHints":{"allow":["GET"]}}],"collection":[{"href":"https:\/\/a-corros.fr\/es\/wp-json\/wp\/v2\/pages"}],"about":[{"href":"https:\/\/a-corros.fr\/es\/wp-json\/wp\/v2\/types\/page"}],"author":[{"embeddable":true,"href":"https:\/\/a-corros.fr\/es\/wp-json\/wp\/v2\/users\/2"}],"replies":[{"embeddable":true,"href":"https:\/\/a-corros.fr\/es\/wp-json\/wp\/v2\/comments?post=2858"}],"version-history":[{"count":1,"href":"https:\/\/a-corros.fr\/es\/wp-json\/wp\/v2\/pages\/2858\/revisions"}],"predecessor-version":[{"id":2859,"href":"https:\/\/a-corros.fr\/es\/wp-json\/wp\/v2\/pages\/2858\/revisions\/2859"}],"wp:attachment":[{"href":"https:\/\/a-corros.fr\/es\/wp-json\/wp\/v2\/media?parent=2858"}],"curies":[{"name":"wp","href":"https:\/\/api.w.org\/{rel}","templated":true}]}}