{"id":2860,"date":"2019-05-03T10:02:25","date_gmt":"2019-05-03T08:02:25","guid":{"rendered":"https:\/\/a-corros.fr\/?page_id=2860"},"modified":"2019-06-11T16:45:51","modified_gmt":"2019-06-11T14:45:51","slug":"investigacion-e-innovacion","status":"publish","type":"page","link":"https:\/\/a-corros.fr\/es\/investigacion-e-innovacion\/","title":{"rendered":"Investigaci\u00f3n e innovaci\u00f3n"},"content":{"rendered":"\n<h4 class=\"wp-block-heading\"><strong>Desde su creaci\u00f3n, A-CORROS asume su responsabilidad en cuestiones de Investigaci\u00f3n y Desarrollo y dedica parte de sus actividades a la mejora del conocimiento de los metales antiguos, a la medici\u00f3n de la corrosi\u00f3n y a la optimizaci\u00f3n de las t\u00e9cnicas de tratamiento y protecci\u00f3n de los metales contra la corrosi\u00f3n.<\/strong><\/h4>\n\n\n\n<p>Aunque una buena parte de nuestras actividades ata\u00f1en el pasado y los materiales antiguos, la investigaci\u00f3n y la innovaci\u00f3n constituyen uno de los principales ejes de desarrollo de A-CORROS.<\/p>\n\n\n\n<p>Si los arque\u00f3logos buscan entender la vida pasada para anticipar\nmejor nuestra vida en el futuro, nosotros hemos decidido aplicar este principio\na los materiales met\u00e1licos: conocer los metales antiguos nos permite hacer\nmejores diagn\u00f3sticos y preservarlos mejor, as\u00ed como desarrollar materiales\ninnovadores y t\u00e9cnicas de protecci\u00f3n que garanticen una mayor durabilidad.<\/p>\n\n\n\n<p>De esta manera y desde el a\u00f1o 2010, A-CORROS ha invertido casi 450.000 euros de fondos propios en su sector Investigaci\u00f3n, Desarrollo, Innovaci\u00f3n y An\u00e1lisis. Las investigaciones emprendidas persiguen <strong>mejorar el conocimiento de los materiales antiguos y de sus modos de degradaci\u00f3n, y optimizar las t\u00e9cnicas de diagn\u00f3stico y de tratamiento anticorrosi\u00f3n<\/strong> (estabilizaci\u00f3n de la corrosi\u00f3n, nuevos revestimientos, etc.).<\/p>\n\n\n\n<h2 class=\"wp-block-heading\">Estabilizaci\u00f3n  con flujos subcr\u00edticos<\/h2>\n\n\n\n<p>Nuestro principal empe\u00f1o es la creaci\u00f3n de la <a href=\"http:\/\/www.a-corros.fr\/es\/polo\/estabilizacion\/\"><strong>primera m\u00e1quina europea de estabilizaci\u00f3n de objetos arqueol\u00f3gicos mediante flujos subcr\u00edticos<\/strong><\/a>. \u00a1Una revoluci\u00f3n! Paso a paso y gracias al sistema franc\u00e9s de Cr\u00e9dito Impuesto Investigaci\u00f3n, verdadero impulsor de la investigaci\u00f3n en las PYME, A-CORROS ha superado todas las etapas que le permiten proponer ahora a sus clientes la <strong>mayor m\u00e1quina existente de tratamiento subcr\u00edtico de objetos arqueol\u00f3gicos<\/strong>, <a href=\"https:\/\/www.inrap.fr\/les-trophees-2018-de-l-inrap-souligner-l-engagement-de-ses-partenaires-et-les-13689\">Premio Nacional de I&amp;D del I.N.R.A.P<\/a>. Esta m\u00e1quina, a\u00fan en estado de prototipo, <strong>revoluciona el proceso de estabilizaci\u00f3n al reducir 30 veces el tiempo de estabilizaci\u00f3n de los objetos arqueol\u00f3gicos<\/strong> (de 9 meses de media a solo 9 \u00f3 10 d\u00edas), a la vez que <strong>disminuye las cantidades de agua y de productos qu\u00edmicos necesarios<\/strong>. Operativa a d\u00eda de hoy para las aleaciones ferrosas, se encuentra en fase de desarrollo para las aleaciones cuprosas.<\/p>\n\n\n\n<h2 class=\"wp-block-heading\">LABCOM LETRIP<\/h2>\n\n\n\n<p>En el marco de este proyecto de investigaci\u00f3n, A-CORROS ha\nestablecido una estrecha colaboraci\u00f3n con Laboratorio de Archimateriales y de\nPrevisi\u00f3n de la Alteraci\u00f3n del N.I.M.B.E., la unidad de investigaci\u00f3n mixta\nn\u00b0&nbsp;3658 C.N.R.S.\/C.E.A. del Plateau de Saclay, lo que m\u00e1s tarde ha\nposibilitado la financiaci\u00f3n conjunta de la tesis de Marine BAYLE y la\nconcretizaci\u00f3n de un programa LABCOM para el per\u00edodo 2015-2020 denominado\nL.E.T.R.I.P. y financiado por la A.N.R. <\/p>\n\n\n\n<p>Esta colaboraci\u00f3n va a ser perenne, ya que, entre 2019 y 2022, nuestras dos estructuras van a trabajar conjuntamente en otro programa de la A.N.R. titulado <strong>S.O.S. (Save our Shipwrecks)<\/strong> en colaboraci\u00f3n con el D.R.A.S.S.M. y el laboratorio I.P.R.E.M. (U.M.R.\/C.N.R.S. n\u00b0\u00a05254) de la Universidad de Pau y de la Comarca del Adour. El objetivo de este programa es establecer un diagn\u00f3stico de los pecios met\u00e1licos con vistas a su protecci\u00f3n contra una degradaci\u00f3n irreversible, mientras que los datos recabados ser\u00e1n utilizados para una mejor protecci\u00f3n futura de las infraestructuras portuarias y navales. Cuando la conservaci\u00f3n del pasado sirve para preservar el futuro\u2026<\/p>\n\n\n\n<h2 class=\"wp-block-heading\"> Proyecto DIAMOND <\/h2>\n\n\n\n<p>En esta su vertiente industrial, A-CORROS es parte integrante del innovador proyecto <a href=\"https:\/\/www.projet-diamond.com\/\">DIAMOND<\/a> en colaboraci\u00f3n con el L.E.R.M.-Grupo SETEC, E.D.F. y el Laboratorio Materiales y Durabilidad de la Construcci\u00f3n del I.N.S.A. de Toulouse, proyecto que pretende crear una nueva gama de sondas de medici\u00f3n de la velocidad de corrosi\u00f3n de las armaduras del cemento armado, adaptable a todo tipo de entornos (bajo tierra y sumergidos), pilotable a distancia en tiempo real.<\/p>\n\n\n\n<h2 class=\"wp-block-heading\">Presentaci\u00f3n de los proyectos de investigaci\u00f3n actuales:<\/h2>\n\n\n\n<ul class=\"wp-block-list\"><li><strong>Viabilidad de la desalaci\u00f3n de piedras con electroforesis<\/strong>: proyecto en colaboraci\u00f3n con el C.I.C.R.P. de Marsella.<\/li><li><strong>Conocimiento de los hierros pudelados<\/strong>: conocer mejor este material, antepasado del acero, a fin de efectuar menos tomas sobre el terreno y prever mejor sus caracter\u00edsticas mec\u00e1nicas y su soldabilidad dentro de los programas de rehabilitaci\u00f3n.<\/li><\/ul>\n","protected":false},"excerpt":{"rendered":"<p>Desde su creaci\u00f3n, A-CORROS asume su responsabilidad en cuestiones de Investigaci\u00f3n y Desarrollo y dedica parte de sus actividades a la mejora del conocimiento de los metales antiguos, a la medici\u00f3n de la corrosi\u00f3n y a la optimizaci\u00f3n de las t\u00e9cnicas de tratamiento y protecci\u00f3n de los metales contra la corrosi\u00f3n. Aunque una buena parte&hellip;<\/p>\n","protected":false},"author":2,"featured_media":2198,"parent":0,"menu_order":0,"comment_status":"closed","ping_status":"closed","template":"","meta":{"_acf_changed":false,"footnotes":""},"class_list":["post-2860","page","type-page","status-publish","has-post-thumbnail","hentry"],"acf":[],"yoast_head":"<!-- This site is optimized with the Yoast SEO plugin v25.2 - https:\/\/yoast.com\/wordpress\/plugins\/seo\/ -->\n<title>Investigaci\u00f3n e innovaci\u00f3n - A-Corros : diagnostic et expertise en corrosion et conservation des patrimoines<\/title>\n<meta name=\"robots\" content=\"index, follow, max-snippet:-1, max-image-preview:large, max-video-preview:-1\" \/>\n<link rel=\"canonical\" href=\"https:\/\/a-corros.fr\/es\/investigacion-e-innovacion\/\" \/>\n<meta property=\"og:locale\" content=\"es_ES\" \/>\n<meta property=\"og:type\" content=\"article\" \/>\n<meta property=\"og:title\" content=\"Investigaci\u00f3n e innovaci\u00f3n - A-Corros : diagnostic et expertise en corrosion et conservation des patrimoines\" \/>\n<meta property=\"og:description\" content=\"Desde su creaci\u00f3n, A-CORROS asume su responsabilidad en cuestiones de Investigaci\u00f3n y Desarrollo y dedica parte de sus actividades a la mejora del conocimiento de los metales antiguos, a la medici\u00f3n de la corrosi\u00f3n y a la optimizaci\u00f3n de las t\u00e9cnicas de tratamiento y protecci\u00f3n de los metales contra la corrosi\u00f3n. Aunque una buena parte&hellip;\" \/>\n<meta property=\"og:url\" content=\"https:\/\/a-corros.fr\/es\/investigacion-e-innovacion\/\" \/>\n<meta property=\"og:site_name\" content=\"A-Corros : diagnostic et expertise en corrosion et conservation des patrimoines\" \/>\n<meta property=\"article:modified_time\" content=\"2019-06-11T14:45:51+00:00\" \/>\n<meta property=\"og:image\" content=\"https:\/\/a-corros.fr\/wp-content\/uploads\/2019\/03\/R221-2-MEBx900.jpg\" \/>\n\t<meta property=\"og:image:width\" content=\"1280\" \/>\n\t<meta property=\"og:image:height\" content=\"960\" \/>\n\t<meta property=\"og:image:type\" content=\"image\/jpeg\" \/>\n<meta name=\"twitter:card\" content=\"summary_large_image\" \/>\n<meta name=\"twitter:label1\" content=\"Tiempo de lectura\" \/>\n\t<meta name=\"twitter:data1\" content=\"4 minutos\" \/>\n<script type=\"application\/ld+json\" class=\"yoast-schema-graph\">{\"@context\":\"https:\/\/schema.org\",\"@graph\":[{\"@type\":\"WebPage\",\"@id\":\"https:\/\/a-corros.fr\/es\/investigacion-e-innovacion\/\",\"url\":\"https:\/\/a-corros.fr\/es\/investigacion-e-innovacion\/\",\"name\":\"Investigaci\u00f3n e innovaci\u00f3n - A-Corros : diagnostic et expertise en corrosion et conservation des patrimoines\",\"isPartOf\":{\"@id\":\"https:\/\/a-corros.fr\/#website\"},\"primaryImageOfPage\":{\"@id\":\"https:\/\/a-corros.fr\/es\/investigacion-e-innovacion\/#primaryimage\"},\"image\":{\"@id\":\"https:\/\/a-corros.fr\/es\/investigacion-e-innovacion\/#primaryimage\"},\"thumbnailUrl\":\"https:\/\/a-corros.fr\/wp-content\/uploads\/2019\/03\/R221-2-MEBx900.jpg\",\"datePublished\":\"2019-05-03T08:02:25+00:00\",\"dateModified\":\"2019-06-11T14:45:51+00:00\",\"breadcrumb\":{\"@id\":\"https:\/\/a-corros.fr\/es\/investigacion-e-innovacion\/#breadcrumb\"},\"inLanguage\":\"es\",\"potentialAction\":[{\"@type\":\"ReadAction\",\"target\":[\"https:\/\/a-corros.fr\/es\/investigacion-e-innovacion\/\"]}]},{\"@type\":\"ImageObject\",\"inLanguage\":\"es\",\"@id\":\"https:\/\/a-corros.fr\/es\/investigacion-e-innovacion\/#primaryimage\",\"url\":\"https:\/\/a-corros.fr\/wp-content\/uploads\/2019\/03\/R221-2-MEBx900.jpg\",\"contentUrl\":\"https:\/\/a-corros.fr\/wp-content\/uploads\/2019\/03\/R221-2-MEBx900.jpg\",\"width\":1280,\"height\":960},{\"@type\":\"BreadcrumbList\",\"@id\":\"https:\/\/a-corros.fr\/es\/investigacion-e-innovacion\/#breadcrumb\",\"itemListElement\":[{\"@type\":\"ListItem\",\"position\":1,\"name\":\"P\u00e1gina inicial\",\"item\":\"https:\/\/a-corros.fr\/es\/\"},{\"@type\":\"ListItem\",\"position\":2,\"name\":\"Investigaci\u00f3n e innovaci\u00f3n\"}]},{\"@type\":\"WebSite\",\"@id\":\"https:\/\/a-corros.fr\/#website\",\"url\":\"https:\/\/a-corros.fr\/\",\"name\":\"A-Corros : diagnostic et expertise en corrosion et conservation des patrimoines\",\"description\":\"Diagnostic et expertise en corrosion et conservation des patrimoines\",\"publisher\":{\"@id\":\"https:\/\/a-corros.fr\/#organization\"},\"potentialAction\":[{\"@type\":\"SearchAction\",\"target\":{\"@type\":\"EntryPoint\",\"urlTemplate\":\"https:\/\/a-corros.fr\/?s={search_term_string}\"},\"query-input\":{\"@type\":\"PropertyValueSpecification\",\"valueRequired\":true,\"valueName\":\"search_term_string\"}}],\"inLanguage\":\"es\"},{\"@type\":\"Organization\",\"@id\":\"https:\/\/a-corros.fr\/#organization\",\"name\":\"A-corros\",\"url\":\"https:\/\/a-corros.fr\/\",\"logo\":{\"@type\":\"ImageObject\",\"inLanguage\":\"es\",\"@id\":\"https:\/\/a-corros.fr\/#\/schema\/logo\/image\/\",\"url\":\"https:\/\/a-corros.fr\/wp-content\/uploads\/2019\/04\/A-CORROS-.jpg\",\"contentUrl\":\"https:\/\/a-corros.fr\/wp-content\/uploads\/2019\/04\/A-CORROS-.jpg\",\"width\":650,\"height\":129,\"caption\":\"A-corros\"},\"image\":{\"@id\":\"https:\/\/a-corros.fr\/#\/schema\/logo\/image\/\"}}]}<\/script>\n<!-- \/ Yoast SEO plugin. -->","yoast_head_json":{"title":"Investigaci\u00f3n e innovaci\u00f3n - A-Corros : diagnostic et expertise en corrosion et conservation des patrimoines","robots":{"index":"index","follow":"follow","max-snippet":"max-snippet:-1","max-image-preview":"max-image-preview:large","max-video-preview":"max-video-preview:-1"},"canonical":"https:\/\/a-corros.fr\/es\/investigacion-e-innovacion\/","og_locale":"es_ES","og_type":"article","og_title":"Investigaci\u00f3n e innovaci\u00f3n - A-Corros : diagnostic et expertise en corrosion et conservation des patrimoines","og_description":"Desde su creaci\u00f3n, A-CORROS asume su responsabilidad en cuestiones de Investigaci\u00f3n y Desarrollo y dedica parte de sus actividades a la mejora del conocimiento de los metales antiguos, a la medici\u00f3n de la corrosi\u00f3n y a la optimizaci\u00f3n de las t\u00e9cnicas de tratamiento y protecci\u00f3n de los metales contra la corrosi\u00f3n. Aunque una buena parte&hellip;","og_url":"https:\/\/a-corros.fr\/es\/investigacion-e-innovacion\/","og_site_name":"A-Corros : diagnostic et expertise en corrosion et conservation des patrimoines","article_modified_time":"2019-06-11T14:45:51+00:00","og_image":[{"width":1280,"height":960,"url":"https:\/\/a-corros.fr\/wp-content\/uploads\/2019\/03\/R221-2-MEBx900.jpg","type":"image\/jpeg"}],"twitter_card":"summary_large_image","twitter_misc":{"Tiempo de lectura":"4 minutos"},"schema":{"@context":"https:\/\/schema.org","@graph":[{"@type":"WebPage","@id":"https:\/\/a-corros.fr\/es\/investigacion-e-innovacion\/","url":"https:\/\/a-corros.fr\/es\/investigacion-e-innovacion\/","name":"Investigaci\u00f3n e innovaci\u00f3n - A-Corros : diagnostic et expertise en corrosion et conservation des patrimoines","isPartOf":{"@id":"https:\/\/a-corros.fr\/#website"},"primaryImageOfPage":{"@id":"https:\/\/a-corros.fr\/es\/investigacion-e-innovacion\/#primaryimage"},"image":{"@id":"https:\/\/a-corros.fr\/es\/investigacion-e-innovacion\/#primaryimage"},"thumbnailUrl":"https:\/\/a-corros.fr\/wp-content\/uploads\/2019\/03\/R221-2-MEBx900.jpg","datePublished":"2019-05-03T08:02:25+00:00","dateModified":"2019-06-11T14:45:51+00:00","breadcrumb":{"@id":"https:\/\/a-corros.fr\/es\/investigacion-e-innovacion\/#breadcrumb"},"inLanguage":"es","potentialAction":[{"@type":"ReadAction","target":["https:\/\/a-corros.fr\/es\/investigacion-e-innovacion\/"]}]},{"@type":"ImageObject","inLanguage":"es","@id":"https:\/\/a-corros.fr\/es\/investigacion-e-innovacion\/#primaryimage","url":"https:\/\/a-corros.fr\/wp-content\/uploads\/2019\/03\/R221-2-MEBx900.jpg","contentUrl":"https:\/\/a-corros.fr\/wp-content\/uploads\/2019\/03\/R221-2-MEBx900.jpg","width":1280,"height":960},{"@type":"BreadcrumbList","@id":"https:\/\/a-corros.fr\/es\/investigacion-e-innovacion\/#breadcrumb","itemListElement":[{"@type":"ListItem","position":1,"name":"P\u00e1gina inicial","item":"https:\/\/a-corros.fr\/es\/"},{"@type":"ListItem","position":2,"name":"Investigaci\u00f3n e innovaci\u00f3n"}]},{"@type":"WebSite","@id":"https:\/\/a-corros.fr\/#website","url":"https:\/\/a-corros.fr\/","name":"A-Corros : diagnostic et expertise en corrosion et conservation des patrimoines","description":"Diagnostic et expertise en corrosion et conservation des patrimoines","publisher":{"@id":"https:\/\/a-corros.fr\/#organization"},"potentialAction":[{"@type":"SearchAction","target":{"@type":"EntryPoint","urlTemplate":"https:\/\/a-corros.fr\/?s={search_term_string}"},"query-input":{"@type":"PropertyValueSpecification","valueRequired":true,"valueName":"search_term_string"}}],"inLanguage":"es"},{"@type":"Organization","@id":"https:\/\/a-corros.fr\/#organization","name":"A-corros","url":"https:\/\/a-corros.fr\/","logo":{"@type":"ImageObject","inLanguage":"es","@id":"https:\/\/a-corros.fr\/#\/schema\/logo\/image\/","url":"https:\/\/a-corros.fr\/wp-content\/uploads\/2019\/04\/A-CORROS-.jpg","contentUrl":"https:\/\/a-corros.fr\/wp-content\/uploads\/2019\/04\/A-CORROS-.jpg","width":650,"height":129,"caption":"A-corros"},"image":{"@id":"https:\/\/a-corros.fr\/#\/schema\/logo\/image\/"}}]}},"_links":{"self":[{"href":"https:\/\/a-corros.fr\/es\/wp-json\/wp\/v2\/pages\/2860","targetHints":{"allow":["GET"]}}],"collection":[{"href":"https:\/\/a-corros.fr\/es\/wp-json\/wp\/v2\/pages"}],"about":[{"href":"https:\/\/a-corros.fr\/es\/wp-json\/wp\/v2\/types\/page"}],"author":[{"embeddable":true,"href":"https:\/\/a-corros.fr\/es\/wp-json\/wp\/v2\/users\/2"}],"replies":[{"embeddable":true,"href":"https:\/\/a-corros.fr\/es\/wp-json\/wp\/v2\/comments?post=2860"}],"version-history":[{"count":9,"href":"https:\/\/a-corros.fr\/es\/wp-json\/wp\/v2\/pages\/2860\/revisions"}],"predecessor-version":[{"id":3755,"href":"https:\/\/a-corros.fr\/es\/wp-json\/wp\/v2\/pages\/2860\/revisions\/3755"}],"wp:featuredmedia":[{"embeddable":true,"href":"https:\/\/a-corros.fr\/es\/wp-json\/wp\/v2\/media\/2198"}],"wp:attachment":[{"href":"https:\/\/a-corros.fr\/es\/wp-json\/wp\/v2\/media?parent=2860"}],"curies":[{"name":"wp","href":"https:\/\/api.w.org\/{rel}","templated":true}]}}