{"id":2862,"date":"2019-05-03T10:29:43","date_gmt":"2019-05-03T08:29:43","guid":{"rendered":"https:\/\/a-corros.fr\/?page_id=2862"},"modified":"2026-01-06T15:46:22","modified_gmt":"2026-01-06T14:46:22","slug":"el-equipo","status":"publish","type":"page","link":"https:\/\/a-corros.fr\/es\/el-equipo\/","title":{"rendered":"El equipo"},"content":{"rendered":"\n<h4 class=\"wp-block-heading\"><strong>El equipo de A-CORROS est\u00e1 compuesto por:<\/strong><\/h4>\n\n\n<div class=\"wp-block-image\">\n<figure class=\"aligncenter size-full is-resized\"><img loading=\"lazy\" decoding=\"async\" width=\"578\" height=\"578\" src=\"https:\/\/a-corros.fr\/wp-content\/uploads\/2022\/11\/JB-web.png\" alt=\"\" class=\"wp-image-5092\" style=\"width:253px;height:253px\" srcset=\"https:\/\/a-corros.fr\/wp-content\/uploads\/2022\/11\/JB-web.png 578w, https:\/\/a-corros.fr\/wp-content\/uploads\/2022\/11\/JB-web-300x300.png 300w, https:\/\/a-corros.fr\/wp-content\/uploads\/2022\/11\/JB-web-150x150.png 150w\" sizes=\"auto, (max-width: 578px) 100vw, 578px\" \/><\/figure><\/div>\n\n\n<h4 class=\"wp-block-heading has-text-align-center\"><strong>Jean-Bernard MEMET<\/strong><\/h4>\n\n\n\n<p><strong>Doctor en ciencias de los materiales, especialidad corrosi\u00f3n marina \u2013 Responsable del Polo Industria \/ Monumentos Hist\u00f3ricos<\/strong> <\/p>\n\n\n\n<ul class=\"wp-block-list\">\n<li>Fundador y codirector de la empresa A-CORROS desde 2007,<\/li>\n\n\n\n<li>Responsable del patrimonio submarino y de la investigaci\u00f3n dentro del Laboratorio Arc\u2019 Antique de Nantes (2001-2006)<\/li>\n\n\n\n<li>Doctorando e interino de ense\u00f1anza e investigaci\u00f3n en el laboratorio LaSIE de la Universidad de La Rochelle (1996-2001)<\/li>\n\n\n\n<li>Ingeniero de estudios en el laboratorio L.T.D.S. de la Escuela Central de Ly\u00f3n (1995)<\/li>\n\n\n\n<li>Ingeniero de corrosi\u00f3n y protecci\u00f3n cat\u00f3dica en el IFREMER (1992-1993)<\/li>\n\n\n\n<li>Redactor del Anejo \u201cConservaci\u00f3n\u201d de la Carta Internacional de Bienes Culturales Mar\u00edtimos de la UNESCO (2006)<\/li>\n\n\n\n<li>Inspector homologado (nivel III) de tratamiento de superficies con sistemas de revestimiento ACQPA\/FROSIO n\u00b0 11081 (2018).<\/li>\n<\/ul>\n\n\n\n<hr class=\"wp-block-separator has-alpha-channel-opacity\"\/>\n\n\n<div class=\"wp-block-image\">\n<figure class=\"aligncenter size-full is-resized\"><img loading=\"lazy\" decoding=\"async\" width=\"578\" height=\"578\" src=\"https:\/\/a-corros.fr\/wp-content\/uploads\/2022\/11\/Pdv-web.png\" alt=\"\" class=\"wp-image-5089\" style=\"width:257px;height:257px\" srcset=\"https:\/\/a-corros.fr\/wp-content\/uploads\/2022\/11\/Pdv-web.png 578w, https:\/\/a-corros.fr\/wp-content\/uploads\/2022\/11\/Pdv-web-300x300.png 300w, https:\/\/a-corros.fr\/wp-content\/uploads\/2022\/11\/Pdv-web-150x150.png 150w\" sizes=\"auto, (max-width: 578px) 100vw, 578px\" \/><\/figure><\/div>\n\n\n<h4 class=\"wp-block-heading has-text-align-center\"><strong>Philippe de VIVI\u00c9S<\/strong><\/h4>\n\n\n\n<p><strong>Conservador-restaurador de bienes culturales \u2013 Responsable del Polo Conservaci\u00f3n<\/strong><\/p>\n\n\n\n<p>Diplomado de la Universidad Paris 1- Panth\u00e9on Sorbonne. <\/p>\n\n\n\n<p><\/p>\n\n\n\n<ul class=\"wp-block-list\">\n<li>Codirector de la empresa A-CORROS desde 2008 y  conservador-restaurador <\/li>\n\n\n\n<li>Conservador-restaurador en el Clemson Conservation Center de Charleston, Carolina del Sur (EE.UU.), encargado del tratamiento de la colecci\u00f3n \u2013todo tipo de materiales\u2013 del submarino <em>Hunley<\/em> (2000-2008)<\/li>\n\n\n\n<li>Conservador-restaurador en el laboratorio Archeolyse International (2007).<\/li>\n<\/ul>\n\n\n\n<hr class=\"wp-block-separator has-alpha-channel-opacity\"\/>\n\n\n<div class=\"wp-block-image\">\n<figure class=\"aligncenter size-full is-resized\"><img loading=\"lazy\" decoding=\"async\" width=\"578\" height=\"578\" src=\"https:\/\/a-corros.fr\/wp-content\/uploads\/2022\/11\/Marine-B-web.png\" alt=\"\" class=\"wp-image-5086\" style=\"width:254px;height:254px\" srcset=\"https:\/\/a-corros.fr\/wp-content\/uploads\/2022\/11\/Marine-B-web.png 578w, https:\/\/a-corros.fr\/wp-content\/uploads\/2022\/11\/Marine-B-web-300x300.png 300w, https:\/\/a-corros.fr\/wp-content\/uploads\/2022\/11\/Marine-B-web-150x150.png 150w\" sizes=\"auto, (max-width: 578px) 100vw, 578px\" \/><\/figure><\/div>\n\n\n<h4 class=\"wp-block-heading has-text-align-center\"><strong>Marine BAYLE<\/strong><\/h4>\n\n\n\n<p><strong>Doctora \u2013 Ingeniera de f\u00edsica y qu\u00edmica de materiales \u2013 Responsable de investigaci\u00f3n, desarrollo, innovaci\u00f3n y an\u00e1lisis. <\/strong><\/p>\n\n\n\n<ul class=\"wp-block-list\">\n<li>Responsable I&amp;D de A-CORROS desde 2015<\/li>\n\n\n\n<li>Doctorando en el L.A.P.A\/N.I.M.B.E., unidad mixta del C.N.R.S. dentro del C.E.A. de Saclay cofinanciado por el C.N.R.S. y A-CORROS (2012-2015).<\/li>\n<\/ul>\n\n\n\n<hr class=\"wp-block-separator has-alpha-channel-opacity\"\/>\n\n\n<div class=\"wp-block-image\">\n<figure class=\"aligncenter size-full is-resized\"><img loading=\"lazy\" decoding=\"async\" width=\"501\" height=\"498\" src=\"https:\/\/a-corros.fr\/wp-content\/uploads\/2025\/07\/alaric_web-removebg-preview.png\" alt=\"\" class=\"wp-image-5999\" style=\"width:258px;height:auto\" srcset=\"https:\/\/a-corros.fr\/wp-content\/uploads\/2025\/07\/alaric_web-removebg-preview.png 501w, https:\/\/a-corros.fr\/wp-content\/uploads\/2025\/07\/alaric_web-removebg-preview-300x298.png 300w, https:\/\/a-corros.fr\/wp-content\/uploads\/2025\/07\/alaric_web-removebg-preview-150x150.png 150w\" sizes=\"auto, (max-width: 501px) 100vw, 501px\" \/><\/figure><\/div>\n\n\n<h4 class=\"wp-block-heading has-text-align-center\">Alaric Zanibellato<\/h4>\n\n\n\n<h4 class=\"wp-block-heading\"><strong>Doctor en Electroqu\u00edmica e Ingenier\u00eda General<\/strong><\/h4>\n\n\n\n<ul class=\"wp-block-list\">\n<li>Gerente de Negocios en el Polo Industria<\/li>\n\n\n\n<li>Protecci\u00f3n Cat\u00f3dica N3 MER<\/li>\n\n\n\n<li>Buceo IB<\/li>\n\n\n\n<li>Doctorado en Corrosi\u00f3n Marina y Electroqu\u00edmica &#8211; <a href=\"https:\/\/www.univ-larochelle.fr\/recherche\/doctorat-et-hdr\/doctorat\/\">Universidad de La Rochelle<\/a> (2012-2016)<\/li>\n\n\n\n<li>M\u00e1ster en Ciencia de los Materiales &#8211; <a href=\"https:\/\/www.univ-tlse3.fr\/decouvrir-nos-diplomes\/master-mention-sciences-et-genie-des-materiaux\" target=\"_blank\" rel=\"noreferrer noopener\">Universidad Paul Sabatier Toulouse III<\/a> (2011-2012)<\/li>\n<\/ul>\n\n\n\n<hr class=\"wp-block-separator has-alpha-channel-opacity\"\/>\n\n\n<div class=\"wp-block-image\">\n<figure class=\"aligncenter size-full is-resized\"><img loading=\"lazy\" decoding=\"async\" width=\"387\" height=\"386\" src=\"https:\/\/a-corros.fr\/wp-content\/uploads\/2026\/01\/Cyril_web.png\" alt=\"\" class=\"wp-image-6062\" style=\"aspect-ratio:1;width:313px;height:auto\" srcset=\"https:\/\/a-corros.fr\/wp-content\/uploads\/2026\/01\/Cyril_web.png 387w, https:\/\/a-corros.fr\/wp-content\/uploads\/2026\/01\/Cyril_web-300x300.png 300w, https:\/\/a-corros.fr\/wp-content\/uploads\/2026\/01\/Cyril_web-150x150.png 150w\" sizes=\"auto, (max-width: 387px) 100vw, 387px\" \/><\/figure><\/div>\n\n\n<h4 class=\"wp-block-heading has-text-align-center\"><strong>Cyril BOUR<\/strong><\/h4>\n\n\n\n<p class=\"has-text-align-center\"><strong>T\u00e9cnico de laboratorio \/ asistente ingeniero<\/strong><\/p>\n\n\n\n<hr class=\"wp-block-separator has-alpha-channel-opacity\"\/>\n\n\n<div class=\"wp-block-image\">\n<figure class=\"aligncenter size-full is-resized\"><img loading=\"lazy\" decoding=\"async\" width=\"578\" height=\"578\" src=\"https:\/\/a-corros.fr\/wp-content\/uploads\/2022\/11\/Marine-C.png\" alt=\"\" class=\"wp-image-5080\" style=\"width:313px;height:313px\" srcset=\"https:\/\/a-corros.fr\/wp-content\/uploads\/2022\/11\/Marine-C.png 578w, https:\/\/a-corros.fr\/wp-content\/uploads\/2022\/11\/Marine-C-300x300.png 300w, https:\/\/a-corros.fr\/wp-content\/uploads\/2022\/11\/Marine-C-150x150.png 150w\" sizes=\"auto, (max-width: 578px) 100vw, 578px\" \/><\/figure><\/div>\n\n\n<h4 class=\"wp-block-heading has-text-align-center\"><strong>Marine CROUZET<\/strong><\/h4>\n\n\n\n<p class=\"has-text-align-center\"><strong>Conservadora-Restauradora de bienes culturales \u2013 M\u00e1ster de Historia.<\/strong> <\/p>\n\n\n\n<p class=\"has-text-align-center\">Diplomada de la Universidad Paris 1- Panth\u00e9on Sorbonne (2015).<br><\/p>\n\n\n\n<hr class=\"wp-block-separator has-alpha-channel-opacity\"\/>\n\n\n<div class=\"wp-block-image\">\n<figure class=\"aligncenter size-full is-resized\"><img loading=\"lazy\" decoding=\"async\" width=\"578\" height=\"578\" src=\"https:\/\/a-corros.fr\/wp-content\/uploads\/2022\/11\/Paul-web.png\" alt=\"\" class=\"wp-image-5077\" style=\"width:331px;height:331px\" srcset=\"https:\/\/a-corros.fr\/wp-content\/uploads\/2022\/11\/Paul-web.png 578w, https:\/\/a-corros.fr\/wp-content\/uploads\/2022\/11\/Paul-web-300x300.png 300w, https:\/\/a-corros.fr\/wp-content\/uploads\/2022\/11\/Paul-web-150x150.png 150w\" sizes=\"auto, (max-width: 578px) 100vw, 578px\" \/><\/figure><\/div>\n\n\n<h4 class=\"wp-block-heading has-text-align-center\"><strong>Paul HOUSSIN<\/strong><\/h4>\n\n\n\n<p class=\"has-text-align-center\"><strong>Conservador-Restaurador de bienes culturales. <\/strong><\/p>\n\n\n\n<p class=\"has-text-align-center\">Diplomado de la Universidad Paris 1- Panth\u00e9on Sorbonne (2018). <\/p>\n\n\n\n<hr class=\"wp-block-separator has-alpha-channel-opacity\"\/>\n\n\n<div class=\"wp-block-image\">\n<figure class=\"aligncenter size-full is-resized\"><img loading=\"lazy\" decoding=\"async\" width=\"578\" height=\"578\" src=\"https:\/\/a-corros.fr\/wp-content\/uploads\/2022\/11\/Marie-F-web.png\" alt=\"\" class=\"wp-image-5074\" style=\"width:275px;height:275px\" srcset=\"https:\/\/a-corros.fr\/wp-content\/uploads\/2022\/11\/Marie-F-web.png 578w, https:\/\/a-corros.fr\/wp-content\/uploads\/2022\/11\/Marie-F-web-300x300.png 300w, https:\/\/a-corros.fr\/wp-content\/uploads\/2022\/11\/Marie-F-web-150x150.png 150w\" sizes=\"auto, (max-width: 578px) 100vw, 578px\" \/><\/figure><\/div>\n\n\n<h4 class=\"wp-block-heading has-text-align-center\"><strong>Marie FAYS<\/strong><\/h4>\n\n\n\n<p class=\"has-text-align-center\"><strong>Conservadora-Restauradora de bienes culturales. <\/strong><\/p>\n\n\n\n<p class=\"has-text-align-center\">Diplomada de <a href=\"https:\/\/www.inp.fr\/\" target=\"_blank\" rel=\"noreferrer noopener\">INP<\/a> Paris (2018)<\/p>\n\n\n\n<hr class=\"wp-block-separator has-alpha-channel-opacity\"\/>\n\n\n<div class=\"wp-block-image\">\n<figure class=\"aligncenter size-full is-resized\"><img loading=\"lazy\" decoding=\"async\" width=\"578\" height=\"578\" src=\"https:\/\/a-corros.fr\/wp-content\/uploads\/2022\/11\/Mar-Web.png\" alt=\"\" class=\"wp-image-5068\" style=\"width:274px;height:274px\" srcset=\"https:\/\/a-corros.fr\/wp-content\/uploads\/2022\/11\/Mar-Web.png 578w, https:\/\/a-corros.fr\/wp-content\/uploads\/2022\/11\/Mar-Web-300x300.png 300w, https:\/\/a-corros.fr\/wp-content\/uploads\/2022\/11\/Mar-Web-150x150.png 150w\" sizes=\"auto, (max-width: 578px) 100vw, 578px\" \/><\/figure><\/div>\n\n\n<h4 class=\"wp-block-heading has-text-align-center\"><strong>Mar VALIENTE PEREZ<\/strong><\/h4>\n\n\n\n<p class=\"has-text-align-center\"><strong>Conservadora-Restauradora de bienes culturales. <\/strong><\/p>\n\n\n\n<p class=\"has-text-align-center\">Diplomada de <a href=\"https:\/\/www.escrbcc.cat\/\" target=\"_blank\" rel=\"noreferrer noopener\">ESCRBCC<\/a> (Escola superior de conservaci\u00f3 i restauraci\u00f3 de b\u00e9ns culturals de Catalunya), Barcelone, Espagne, desde 2015<\/p>\n\n\n\n<hr class=\"wp-block-separator has-alpha-channel-opacity\"\/>\n\n\n<div class=\"wp-block-image\">\n<figure class=\"aligncenter size-full is-resized\"><img loading=\"lazy\" decoding=\"async\" width=\"507\" height=\"523\" src=\"https:\/\/a-corros.fr\/wp-content\/uploads\/2023\/11\/Nolwenn-Web.png\" alt=\"\" class=\"wp-image-5534\" style=\"aspect-ratio:0.9694072657743786;width:259px;height:auto\" srcset=\"https:\/\/a-corros.fr\/wp-content\/uploads\/2023\/11\/Nolwenn-Web.png 507w, https:\/\/a-corros.fr\/wp-content\/uploads\/2023\/11\/Nolwenn-Web-291x300.png 291w\" sizes=\"auto, (max-width: 507px) 100vw, 507px\" \/><\/figure><\/div>\n\n\n<h4 class=\"wp-block-heading has-text-align-center\"><strong>Nolwenn BURELLER LOUVET<\/strong><\/h4>\n\n\n\n<p class=\"has-text-align-center\"><strong><strong>Conservadora-Restauradora de bienes culturales. <\/strong><\/strong><br>Diplomada de <a href=\"https:\/\/www.inp.fr\/\" target=\"_blank\" rel=\"noreferrer noopener\">INP<\/a>&nbsp;Paris (2023).<\/p>\n\n\n<div class=\"wp-block-image\">\n<figure class=\"aligncenter size-full is-resized\"><img loading=\"lazy\" decoding=\"async\" width=\"578\" height=\"578\" src=\"https:\/\/a-corros.fr\/wp-content\/uploads\/2022\/11\/Leo-web.png\" alt=\"\" class=\"wp-image-5065\" style=\"width:295px;height:295px\" srcset=\"https:\/\/a-corros.fr\/wp-content\/uploads\/2022\/11\/Leo-web.png 578w, https:\/\/a-corros.fr\/wp-content\/uploads\/2022\/11\/Leo-web-300x300.png 300w, https:\/\/a-corros.fr\/wp-content\/uploads\/2022\/11\/Leo-web-150x150.png 150w\" sizes=\"auto, (max-width: 578px) 100vw, 578px\" \/><\/figure><\/div>\n\n\n<h4 class=\"wp-block-heading has-text-align-center\"><strong>L\u00e9o SERVEL<\/strong><\/h4>\n\n\n\n<p class=\"has-text-align-center\"><strong>Responsable administrativo y contable. <\/strong><\/p>\n\n\n\n<p class=\"has-text-align-center\">Diplomado de la E.S.C. Grenoble desde 2007                                                                                                             <\/p>\n\n\n\n<ul class=\"wp-block-list\">\n<li>Responsable administrativo y contable de A-CORROS desde 2015. Encargado de los contratos del sector p\u00fablico (m\u00e1s de 170 respuestas a licitaciones) <\/li>\n\n\n\n<li>Controlador de gesti\u00f3n de la empresa Point P y su sucesora, Chausson Mat\u00e9riaux (2006-2014). <\/li>\n<\/ul>\n\n\n\n<p><\/p>\n\n\n\n<p>Este equipo pluridisciplinar aporta todo su profesionalismo y su pericia con vistas a un trabajo de peritaje y de calidad.<\/p>\n","protected":false},"excerpt":{"rendered":"<p>El equipo de A-CORROS est\u00e1 compuesto por: Jean-Bernard MEMET Doctor en ciencias de los materiales, especialidad corrosi\u00f3n marina \u2013 Responsable del Polo Industria \/ Monumentos Hist\u00f3ricos Philippe de VIVI\u00c9S Conservador-restaurador de bienes culturales \u2013 Responsable del Polo Conservaci\u00f3n Diplomado de la Universidad Paris 1- Panth\u00e9on Sorbonne. Marine BAYLE Doctora \u2013 Ingeniera de f\u00edsica y qu\u00edmica&hellip;<\/p>\n","protected":false},"author":2,"featured_media":2184,"parent":0,"menu_order":0,"comment_status":"closed","ping_status":"closed","template":"","meta":{"_acf_changed":false,"footnotes":""},"class_list":["post-2862","page","type-page","status-publish","has-post-thumbnail","hentry"],"acf":[],"yoast_head":"<!-- This site is optimized with the Yoast SEO plugin v25.2 - https:\/\/yoast.com\/wordpress\/plugins\/seo\/ -->\n<title>El equipo - A-Corros : diagnostic et expertise en corrosion et conservation des patrimoines<\/title>\n<meta name=\"robots\" content=\"index, follow, max-snippet:-1, max-image-preview:large, max-video-preview:-1\" \/>\n<link rel=\"canonical\" href=\"https:\/\/a-corros.fr\/es\/el-equipo\/\" \/>\n<meta property=\"og:locale\" content=\"es_ES\" \/>\n<meta property=\"og:type\" content=\"article\" \/>\n<meta property=\"og:title\" content=\"El equipo - A-Corros : diagnostic et expertise en corrosion et conservation des patrimoines\" \/>\n<meta property=\"og:description\" content=\"El equipo de A-CORROS est\u00e1 compuesto por: Jean-Bernard MEMET Doctor en ciencias de los materiales, especialidad corrosi\u00f3n marina \u2013 Responsable del Polo Industria \/ Monumentos Hist\u00f3ricos Philippe de VIVI\u00c9S Conservador-restaurador de bienes culturales \u2013 Responsable del Polo Conservaci\u00f3n Diplomado de la Universidad Paris 1- Panth\u00e9on Sorbonne. Marine BAYLE Doctora \u2013 Ingeniera de f\u00edsica y qu\u00edmica&hellip;\" \/>\n<meta property=\"og:url\" content=\"https:\/\/a-corros.fr\/es\/el-equipo\/\" \/>\n<meta property=\"og:site_name\" content=\"A-Corros : diagnostic et expertise en corrosion et conservation des patrimoines\" \/>\n<meta property=\"article:modified_time\" content=\"2026-01-06T14:46:22+00:00\" \/>\n<meta property=\"og:image\" content=\"https:\/\/a-corros.fr\/wp-content\/uploads\/2019\/03\/R203-AR3-R.BENALI-2-1024x683.jpg\" \/>\n\t<meta property=\"og:image:width\" content=\"1024\" \/>\n\t<meta property=\"og:image:height\" content=\"683\" \/>\n\t<meta property=\"og:image:type\" content=\"image\/jpeg\" \/>\n<meta name=\"twitter:card\" content=\"summary_large_image\" \/>\n<meta name=\"twitter:label1\" content=\"Tiempo de lectura\" \/>\n\t<meta name=\"twitter:data1\" content=\"5 minutos\" \/>\n<script type=\"application\/ld+json\" class=\"yoast-schema-graph\">{\"@context\":\"https:\/\/schema.org\",\"@graph\":[{\"@type\":\"WebPage\",\"@id\":\"https:\/\/a-corros.fr\/es\/el-equipo\/\",\"url\":\"https:\/\/a-corros.fr\/es\/el-equipo\/\",\"name\":\"El equipo - A-Corros : diagnostic et expertise en corrosion et conservation des patrimoines\",\"isPartOf\":{\"@id\":\"https:\/\/a-corros.fr\/#website\"},\"primaryImageOfPage\":{\"@id\":\"https:\/\/a-corros.fr\/es\/el-equipo\/#primaryimage\"},\"image\":{\"@id\":\"https:\/\/a-corros.fr\/es\/el-equipo\/#primaryimage\"},\"thumbnailUrl\":\"https:\/\/a-corros.fr\/wp-content\/uploads\/2019\/03\/R203-AR3-R.BENALI-2.jpg\",\"datePublished\":\"2019-05-03T08:29:43+00:00\",\"dateModified\":\"2026-01-06T14:46:22+00:00\",\"breadcrumb\":{\"@id\":\"https:\/\/a-corros.fr\/es\/el-equipo\/#breadcrumb\"},\"inLanguage\":\"es\",\"potentialAction\":[{\"@type\":\"ReadAction\",\"target\":[\"https:\/\/a-corros.fr\/es\/el-equipo\/\"]}]},{\"@type\":\"ImageObject\",\"inLanguage\":\"es\",\"@id\":\"https:\/\/a-corros.fr\/es\/el-equipo\/#primaryimage\",\"url\":\"https:\/\/a-corros.fr\/wp-content\/uploads\/2019\/03\/R203-AR3-R.BENALI-2.jpg\",\"contentUrl\":\"https:\/\/a-corros.fr\/wp-content\/uploads\/2019\/03\/R203-AR3-R.BENALI-2.jpg\",\"width\":5616,\"height\":3744,\"caption\":\"Nettoyage de la proue par le restaurateur Philippe de Vivi\u008fs de la soci\u008et\u008e A-CORROS au centre Arc Nucl\u008eart de Grenoble\"},{\"@type\":\"BreadcrumbList\",\"@id\":\"https:\/\/a-corros.fr\/es\/el-equipo\/#breadcrumb\",\"itemListElement\":[{\"@type\":\"ListItem\",\"position\":1,\"name\":\"P\u00e1gina inicial\",\"item\":\"https:\/\/a-corros.fr\/es\/\"},{\"@type\":\"ListItem\",\"position\":2,\"name\":\"El equipo\"}]},{\"@type\":\"WebSite\",\"@id\":\"https:\/\/a-corros.fr\/#website\",\"url\":\"https:\/\/a-corros.fr\/\",\"name\":\"A-Corros : diagnostic et expertise en corrosion et conservation des patrimoines\",\"description\":\"Diagnostic et expertise en corrosion et conservation des patrimoines\",\"publisher\":{\"@id\":\"https:\/\/a-corros.fr\/#organization\"},\"potentialAction\":[{\"@type\":\"SearchAction\",\"target\":{\"@type\":\"EntryPoint\",\"urlTemplate\":\"https:\/\/a-corros.fr\/?s={search_term_string}\"},\"query-input\":{\"@type\":\"PropertyValueSpecification\",\"valueRequired\":true,\"valueName\":\"search_term_string\"}}],\"inLanguage\":\"es\"},{\"@type\":\"Organization\",\"@id\":\"https:\/\/a-corros.fr\/#organization\",\"name\":\"A-corros\",\"url\":\"https:\/\/a-corros.fr\/\",\"logo\":{\"@type\":\"ImageObject\",\"inLanguage\":\"es\",\"@id\":\"https:\/\/a-corros.fr\/#\/schema\/logo\/image\/\",\"url\":\"https:\/\/a-corros.fr\/wp-content\/uploads\/2019\/04\/A-CORROS-.jpg\",\"contentUrl\":\"https:\/\/a-corros.fr\/wp-content\/uploads\/2019\/04\/A-CORROS-.jpg\",\"width\":650,\"height\":129,\"caption\":\"A-corros\"},\"image\":{\"@id\":\"https:\/\/a-corros.fr\/#\/schema\/logo\/image\/\"}}]}<\/script>\n<!-- \/ Yoast SEO plugin. -->","yoast_head_json":{"title":"El equipo - A-Corros : diagnostic et expertise en corrosion et conservation des patrimoines","robots":{"index":"index","follow":"follow","max-snippet":"max-snippet:-1","max-image-preview":"max-image-preview:large","max-video-preview":"max-video-preview:-1"},"canonical":"https:\/\/a-corros.fr\/es\/el-equipo\/","og_locale":"es_ES","og_type":"article","og_title":"El equipo - A-Corros : diagnostic et expertise en corrosion et conservation des patrimoines","og_description":"El equipo de A-CORROS est\u00e1 compuesto por: Jean-Bernard MEMET Doctor en ciencias de los materiales, especialidad corrosi\u00f3n marina \u2013 Responsable del Polo Industria \/ Monumentos Hist\u00f3ricos Philippe de VIVI\u00c9S Conservador-restaurador de bienes culturales \u2013 Responsable del Polo Conservaci\u00f3n Diplomado de la Universidad Paris 1- Panth\u00e9on Sorbonne. Marine BAYLE Doctora \u2013 Ingeniera de f\u00edsica y qu\u00edmica&hellip;","og_url":"https:\/\/a-corros.fr\/es\/el-equipo\/","og_site_name":"A-Corros : diagnostic et expertise en corrosion et conservation des patrimoines","article_modified_time":"2026-01-06T14:46:22+00:00","og_image":[{"width":1024,"height":683,"url":"https:\/\/a-corros.fr\/wp-content\/uploads\/2019\/03\/R203-AR3-R.BENALI-2-1024x683.jpg","type":"image\/jpeg"}],"twitter_card":"summary_large_image","twitter_misc":{"Tiempo de lectura":"5 minutos"},"schema":{"@context":"https:\/\/schema.org","@graph":[{"@type":"WebPage","@id":"https:\/\/a-corros.fr\/es\/el-equipo\/","url":"https:\/\/a-corros.fr\/es\/el-equipo\/","name":"El equipo - A-Corros : diagnostic et expertise en corrosion et conservation des patrimoines","isPartOf":{"@id":"https:\/\/a-corros.fr\/#website"},"primaryImageOfPage":{"@id":"https:\/\/a-corros.fr\/es\/el-equipo\/#primaryimage"},"image":{"@id":"https:\/\/a-corros.fr\/es\/el-equipo\/#primaryimage"},"thumbnailUrl":"https:\/\/a-corros.fr\/wp-content\/uploads\/2019\/03\/R203-AR3-R.BENALI-2.jpg","datePublished":"2019-05-03T08:29:43+00:00","dateModified":"2026-01-06T14:46:22+00:00","breadcrumb":{"@id":"https:\/\/a-corros.fr\/es\/el-equipo\/#breadcrumb"},"inLanguage":"es","potentialAction":[{"@type":"ReadAction","target":["https:\/\/a-corros.fr\/es\/el-equipo\/"]}]},{"@type":"ImageObject","inLanguage":"es","@id":"https:\/\/a-corros.fr\/es\/el-equipo\/#primaryimage","url":"https:\/\/a-corros.fr\/wp-content\/uploads\/2019\/03\/R203-AR3-R.BENALI-2.jpg","contentUrl":"https:\/\/a-corros.fr\/wp-content\/uploads\/2019\/03\/R203-AR3-R.BENALI-2.jpg","width":5616,"height":3744,"caption":"Nettoyage de la proue par le restaurateur Philippe de Vivi\u008fs de la soci\u008et\u008e A-CORROS au centre Arc Nucl\u008eart de Grenoble"},{"@type":"BreadcrumbList","@id":"https:\/\/a-corros.fr\/es\/el-equipo\/#breadcrumb","itemListElement":[{"@type":"ListItem","position":1,"name":"P\u00e1gina inicial","item":"https:\/\/a-corros.fr\/es\/"},{"@type":"ListItem","position":2,"name":"El equipo"}]},{"@type":"WebSite","@id":"https:\/\/a-corros.fr\/#website","url":"https:\/\/a-corros.fr\/","name":"A-Corros : diagnostic et expertise en corrosion et conservation des patrimoines","description":"Diagnostic et expertise en corrosion et conservation des patrimoines","publisher":{"@id":"https:\/\/a-corros.fr\/#organization"},"potentialAction":[{"@type":"SearchAction","target":{"@type":"EntryPoint","urlTemplate":"https:\/\/a-corros.fr\/?s={search_term_string}"},"query-input":{"@type":"PropertyValueSpecification","valueRequired":true,"valueName":"search_term_string"}}],"inLanguage":"es"},{"@type":"Organization","@id":"https:\/\/a-corros.fr\/#organization","name":"A-corros","url":"https:\/\/a-corros.fr\/","logo":{"@type":"ImageObject","inLanguage":"es","@id":"https:\/\/a-corros.fr\/#\/schema\/logo\/image\/","url":"https:\/\/a-corros.fr\/wp-content\/uploads\/2019\/04\/A-CORROS-.jpg","contentUrl":"https:\/\/a-corros.fr\/wp-content\/uploads\/2019\/04\/A-CORROS-.jpg","width":650,"height":129,"caption":"A-corros"},"image":{"@id":"https:\/\/a-corros.fr\/#\/schema\/logo\/image\/"}}]}},"_links":{"self":[{"href":"https:\/\/a-corros.fr\/es\/wp-json\/wp\/v2\/pages\/2862","targetHints":{"allow":["GET"]}}],"collection":[{"href":"https:\/\/a-corros.fr\/es\/wp-json\/wp\/v2\/pages"}],"about":[{"href":"https:\/\/a-corros.fr\/es\/wp-json\/wp\/v2\/types\/page"}],"author":[{"embeddable":true,"href":"https:\/\/a-corros.fr\/es\/wp-json\/wp\/v2\/users\/2"}],"replies":[{"embeddable":true,"href":"https:\/\/a-corros.fr\/es\/wp-json\/wp\/v2\/comments?post=2862"}],"version-history":[{"count":21,"href":"https:\/\/a-corros.fr\/es\/wp-json\/wp\/v2\/pages\/2862\/revisions"}],"predecessor-version":[{"id":6066,"href":"https:\/\/a-corros.fr\/es\/wp-json\/wp\/v2\/pages\/2862\/revisions\/6066"}],"wp:featuredmedia":[{"embeddable":true,"href":"https:\/\/a-corros.fr\/es\/wp-json\/wp\/v2\/media\/2184"}],"wp:attachment":[{"href":"https:\/\/a-corros.fr\/es\/wp-json\/wp\/v2\/media?parent=2862"}],"curies":[{"name":"wp","href":"https:\/\/api.w.org\/{rel}","templated":true}]}}