{"id":2866,"date":"2019-05-03T13:51:19","date_gmt":"2019-05-03T11:51:19","guid":{"rendered":"https:\/\/a-corros.fr\/?page_id=2866"},"modified":"2022-01-13T14:11:11","modified_gmt":"2022-01-13T13:11:11","slug":"medios-tecnicos","status":"publish","type":"page","link":"https:\/\/a-corros.fr\/es\/medios-tecnicos\/","title":{"rendered":"Medios t\u00e9cnicos"},"content":{"rendered":"\n<h4 class=\"wp-block-heading\"><strong>Desde 2015, los locales de A-CORROS se encuentran en la plataforma tecnol\u00f3gica \u00abLes Ateliers du P\u00f4le\u00bb (antes ARCHEOMED), una incubadora de empresas dedicadas al patrimonio y a iniciativas creativas y culturales situada en Arl\u00e9s.<\/strong><\/h4>\n\n\n\n<p>Dentro de \u00abLes Ateliers du P\u00f4le\u00bb, A-CORROS ocupa una superficie total de 350 m2, de los que 150 m2 corresponden a las oficinas y el laboratorio y 200 m2 al taller donde se procede al tratamiento mec\u00e1nico y qu\u00edmico, al mantenimiento, al almacenamiento de cargas pesadas u objetos voluminosos y a las operaciones de restauraci\u00f3n de envergadura. A estos efectos, el local dispone de medios de elevaci\u00f3n adecuados y compartidos (carretilla elevadora de hasta 2 toneladas y elevador de p\u00f3rtico de hasta 3,5 toneladas). Gracias al r\u00e9gimen de prestaciones mutuas de espacio que propone  \u00abLes Ateliers du P\u00f4le\u00bb , la superficie puede aumentar temporalmente en caso de operaciones de restauraci\u00f3n de grandes vol\u00famenes.<\/p>\n\n\n\n<h2 class=\"wp-block-heading\">A-CORROS dispone de varios <strong>espacios de intervenci\u00f3n<\/strong>:<\/h2>\n\n\n\n<ul class=\"wp-block-list\"><li>Un espacio de laboratorio para el tratamiento del mobiliario arqueol\u00f3gico<\/li><li>Un espacio de microscop\u00eda<\/li><li>Un espacio de laboratorio de qu\u00edmica y preparaci\u00f3n de muestras<\/li><\/ul>\n\n\n\n<p>En aplicaci\u00f3n de las normas de higiene y seguridad, el laboratorio est\u00e1 equipado con una cuba de retenci\u00f3n y almacenamiento de productos qu\u00edmicos, que son evacuados por empresas especializadas. Los locales de A-CORROS est\u00e1n asegurados y protegidos con alarmas. <\/p>\n\n\n\n<h2 class=\"wp-block-heading\">En t\u00e9rminos de equipamiento, disponemos de todo el material de intervenci\u00f3n<\/h2>\n\n\n\n<ul class=\"wp-block-list\"><li>Material de observaci\u00f3n y captura endosc\u00f3pica<\/li><li>Material de caracterizaci\u00f3n de fluorescencia de rayos X port\u00e1til<\/li><li>Material para la toma de muestras y para la realizaci\u00f3n de r\u00e9plicas metalogr\u00e1ficas<\/li><li>Instrumentos especiales de detecci\u00f3n y medida<\/li><\/ul>\n\n\n\n<p>Disponemos adem\u00e1s de la\nposibilidad de realizar an\u00e1lisis y observaciones m\u00e1s detalladas gracias a las\nestructuras asociadas L.E.R.M. en Arl\u00e9s, L.A.P.A. en Saclay y el I.U.T.\nMateriales de N\u00eemes<\/p>\n\n\n\n<ul class=\"wp-block-list\"><li>Microscopio electr\u00f3nico de barrido equipado de un espect\u00f3metro de dispersion de energ\u00eda (MEB-EDS),<\/li><li>Difract\u00f3metro de rayos X,<\/li><li>Espectr\u00f3metro de absorci\u00f3n at\u00f3mica (ICP-AES),<\/li><li>Equipo de rayos X.<\/li><\/ul>\n\n\n\n<p>Como complemento a nuestro\nsector de peritaje, trabajamos igualmente con laboratorios de an\u00e1lisis de\nmateriales y de l\u00edquidos, oficinas de gesti\u00f3n de estructuras, etc.<\/p>\n","protected":false},"excerpt":{"rendered":"<p>Desde 2015, los locales de A-CORROS se encuentran en la plataforma tecnol\u00f3gica \u00abLes Ateliers du P\u00f4le\u00bb (antes ARCHEOMED), una incubadora de empresas dedicadas al patrimonio y a iniciativas creativas y culturales situada en Arl\u00e9s. Dentro de \u00abLes Ateliers du P\u00f4le\u00bb, A-CORROS ocupa una superficie total de 350 m2, de los que 150 m2 corresponden a&hellip;<\/p>\n","protected":false},"author":2,"featured_media":2190,"parent":0,"menu_order":0,"comment_status":"closed","ping_status":"closed","template":"","meta":{"_acf_changed":false,"footnotes":""},"class_list":["post-2866","page","type-page","status-publish","has-post-thumbnail","hentry"],"acf":[],"yoast_head":"<!-- This site is optimized with the Yoast SEO plugin v25.2 - https:\/\/yoast.com\/wordpress\/plugins\/seo\/ -->\n<title>Medios t\u00e9cnicos - A-Corros : diagnostic et expertise en corrosion et conservation des patrimoines<\/title>\n<meta name=\"robots\" content=\"index, follow, max-snippet:-1, max-image-preview:large, max-video-preview:-1\" \/>\n<link rel=\"canonical\" href=\"https:\/\/a-corros.fr\/es\/medios-tecnicos\/\" \/>\n<meta property=\"og:locale\" content=\"es_ES\" \/>\n<meta property=\"og:type\" content=\"article\" \/>\n<meta property=\"og:title\" content=\"Medios t\u00e9cnicos - A-Corros : diagnostic et expertise en corrosion et conservation des patrimoines\" \/>\n<meta property=\"og:description\" content=\"Desde 2015, los locales de A-CORROS se encuentran en la plataforma tecnol\u00f3gica \u00abLes Ateliers du P\u00f4le\u00bb (antes ARCHEOMED), una incubadora de empresas dedicadas al patrimonio y a iniciativas creativas y culturales situada en Arl\u00e9s. Dentro de \u00abLes Ateliers du P\u00f4le\u00bb, A-CORROS ocupa una superficie total de 350 m2, de los que 150 m2 corresponden a&hellip;\" \/>\n<meta property=\"og:url\" content=\"https:\/\/a-corros.fr\/es\/medios-tecnicos\/\" \/>\n<meta property=\"og:site_name\" content=\"A-Corros : diagnostic et expertise en corrosion et conservation des patrimoines\" \/>\n<meta property=\"article:modified_time\" content=\"2022-01-13T13:11:11+00:00\" \/>\n<meta property=\"og:image\" content=\"https:\/\/a-corros.fr\/wp-content\/uploads\/2019\/03\/R299-1-Sablage-1024x768.jpg\" \/>\n\t<meta property=\"og:image:width\" content=\"1024\" \/>\n\t<meta property=\"og:image:height\" content=\"768\" \/>\n\t<meta property=\"og:image:type\" content=\"image\/jpeg\" \/>\n<meta name=\"twitter:card\" content=\"summary_large_image\" \/>\n<meta name=\"twitter:label1\" content=\"Tiempo de lectura\" \/>\n\t<meta name=\"twitter:data1\" content=\"2 minutos\" \/>\n<script type=\"application\/ld+json\" class=\"yoast-schema-graph\">{\"@context\":\"https:\/\/schema.org\",\"@graph\":[{\"@type\":\"WebPage\",\"@id\":\"https:\/\/a-corros.fr\/es\/medios-tecnicos\/\",\"url\":\"https:\/\/a-corros.fr\/es\/medios-tecnicos\/\",\"name\":\"Medios t\u00e9cnicos - A-Corros : diagnostic et expertise en corrosion et conservation des patrimoines\",\"isPartOf\":{\"@id\":\"https:\/\/a-corros.fr\/#website\"},\"primaryImageOfPage\":{\"@id\":\"https:\/\/a-corros.fr\/es\/medios-tecnicos\/#primaryimage\"},\"image\":{\"@id\":\"https:\/\/a-corros.fr\/es\/medios-tecnicos\/#primaryimage\"},\"thumbnailUrl\":\"https:\/\/a-corros.fr\/wp-content\/uploads\/2019\/03\/R299-1-Sablage.jpg\",\"datePublished\":\"2019-05-03T11:51:19+00:00\",\"dateModified\":\"2022-01-13T13:11:11+00:00\",\"breadcrumb\":{\"@id\":\"https:\/\/a-corros.fr\/es\/medios-tecnicos\/#breadcrumb\"},\"inLanguage\":\"es\",\"potentialAction\":[{\"@type\":\"ReadAction\",\"target\":[\"https:\/\/a-corros.fr\/es\/medios-tecnicos\/\"]}]},{\"@type\":\"ImageObject\",\"inLanguage\":\"es\",\"@id\":\"https:\/\/a-corros.fr\/es\/medios-tecnicos\/#primaryimage\",\"url\":\"https:\/\/a-corros.fr\/wp-content\/uploads\/2019\/03\/R299-1-Sablage.jpg\",\"contentUrl\":\"https:\/\/a-corros.fr\/wp-content\/uploads\/2019\/03\/R299-1-Sablage.jpg\",\"width\":3648,\"height\":2736,\"caption\":\"Restauration d\u2019un buste de Napol\u00e9on III par microsablage\"},{\"@type\":\"BreadcrumbList\",\"@id\":\"https:\/\/a-corros.fr\/es\/medios-tecnicos\/#breadcrumb\",\"itemListElement\":[{\"@type\":\"ListItem\",\"position\":1,\"name\":\"P\u00e1gina inicial\",\"item\":\"https:\/\/a-corros.fr\/es\/\"},{\"@type\":\"ListItem\",\"position\":2,\"name\":\"Medios t\u00e9cnicos\"}]},{\"@type\":\"WebSite\",\"@id\":\"https:\/\/a-corros.fr\/#website\",\"url\":\"https:\/\/a-corros.fr\/\",\"name\":\"A-Corros : diagnostic et expertise en corrosion et conservation des patrimoines\",\"description\":\"Diagnostic et expertise en corrosion et conservation des patrimoines\",\"publisher\":{\"@id\":\"https:\/\/a-corros.fr\/#organization\"},\"potentialAction\":[{\"@type\":\"SearchAction\",\"target\":{\"@type\":\"EntryPoint\",\"urlTemplate\":\"https:\/\/a-corros.fr\/?s={search_term_string}\"},\"query-input\":{\"@type\":\"PropertyValueSpecification\",\"valueRequired\":true,\"valueName\":\"search_term_string\"}}],\"inLanguage\":\"es\"},{\"@type\":\"Organization\",\"@id\":\"https:\/\/a-corros.fr\/#organization\",\"name\":\"A-corros\",\"url\":\"https:\/\/a-corros.fr\/\",\"logo\":{\"@type\":\"ImageObject\",\"inLanguage\":\"es\",\"@id\":\"https:\/\/a-corros.fr\/#\/schema\/logo\/image\/\",\"url\":\"https:\/\/a-corros.fr\/wp-content\/uploads\/2019\/04\/A-CORROS-.jpg\",\"contentUrl\":\"https:\/\/a-corros.fr\/wp-content\/uploads\/2019\/04\/A-CORROS-.jpg\",\"width\":650,\"height\":129,\"caption\":\"A-corros\"},\"image\":{\"@id\":\"https:\/\/a-corros.fr\/#\/schema\/logo\/image\/\"}}]}<\/script>\n<!-- \/ Yoast SEO plugin. -->","yoast_head_json":{"title":"Medios t\u00e9cnicos - A-Corros : diagnostic et expertise en corrosion et conservation des patrimoines","robots":{"index":"index","follow":"follow","max-snippet":"max-snippet:-1","max-image-preview":"max-image-preview:large","max-video-preview":"max-video-preview:-1"},"canonical":"https:\/\/a-corros.fr\/es\/medios-tecnicos\/","og_locale":"es_ES","og_type":"article","og_title":"Medios t\u00e9cnicos - A-Corros : diagnostic et expertise en corrosion et conservation des patrimoines","og_description":"Desde 2015, los locales de A-CORROS se encuentran en la plataforma tecnol\u00f3gica \u00abLes Ateliers du P\u00f4le\u00bb (antes ARCHEOMED), una incubadora de empresas dedicadas al patrimonio y a iniciativas creativas y culturales situada en Arl\u00e9s. Dentro de \u00abLes Ateliers du P\u00f4le\u00bb, A-CORROS ocupa una superficie total de 350 m2, de los que 150 m2 corresponden a&hellip;","og_url":"https:\/\/a-corros.fr\/es\/medios-tecnicos\/","og_site_name":"A-Corros : diagnostic et expertise en corrosion et conservation des patrimoines","article_modified_time":"2022-01-13T13:11:11+00:00","og_image":[{"width":1024,"height":768,"url":"https:\/\/a-corros.fr\/wp-content\/uploads\/2019\/03\/R299-1-Sablage-1024x768.jpg","type":"image\/jpeg"}],"twitter_card":"summary_large_image","twitter_misc":{"Tiempo de lectura":"2 minutos"},"schema":{"@context":"https:\/\/schema.org","@graph":[{"@type":"WebPage","@id":"https:\/\/a-corros.fr\/es\/medios-tecnicos\/","url":"https:\/\/a-corros.fr\/es\/medios-tecnicos\/","name":"Medios t\u00e9cnicos - A-Corros : diagnostic et expertise en corrosion et conservation des patrimoines","isPartOf":{"@id":"https:\/\/a-corros.fr\/#website"},"primaryImageOfPage":{"@id":"https:\/\/a-corros.fr\/es\/medios-tecnicos\/#primaryimage"},"image":{"@id":"https:\/\/a-corros.fr\/es\/medios-tecnicos\/#primaryimage"},"thumbnailUrl":"https:\/\/a-corros.fr\/wp-content\/uploads\/2019\/03\/R299-1-Sablage.jpg","datePublished":"2019-05-03T11:51:19+00:00","dateModified":"2022-01-13T13:11:11+00:00","breadcrumb":{"@id":"https:\/\/a-corros.fr\/es\/medios-tecnicos\/#breadcrumb"},"inLanguage":"es","potentialAction":[{"@type":"ReadAction","target":["https:\/\/a-corros.fr\/es\/medios-tecnicos\/"]}]},{"@type":"ImageObject","inLanguage":"es","@id":"https:\/\/a-corros.fr\/es\/medios-tecnicos\/#primaryimage","url":"https:\/\/a-corros.fr\/wp-content\/uploads\/2019\/03\/R299-1-Sablage.jpg","contentUrl":"https:\/\/a-corros.fr\/wp-content\/uploads\/2019\/03\/R299-1-Sablage.jpg","width":3648,"height":2736,"caption":"Restauration d\u2019un buste de Napol\u00e9on III par microsablage"},{"@type":"BreadcrumbList","@id":"https:\/\/a-corros.fr\/es\/medios-tecnicos\/#breadcrumb","itemListElement":[{"@type":"ListItem","position":1,"name":"P\u00e1gina inicial","item":"https:\/\/a-corros.fr\/es\/"},{"@type":"ListItem","position":2,"name":"Medios t\u00e9cnicos"}]},{"@type":"WebSite","@id":"https:\/\/a-corros.fr\/#website","url":"https:\/\/a-corros.fr\/","name":"A-Corros : diagnostic et expertise en corrosion et conservation des patrimoines","description":"Diagnostic et expertise en corrosion et conservation des patrimoines","publisher":{"@id":"https:\/\/a-corros.fr\/#organization"},"potentialAction":[{"@type":"SearchAction","target":{"@type":"EntryPoint","urlTemplate":"https:\/\/a-corros.fr\/?s={search_term_string}"},"query-input":{"@type":"PropertyValueSpecification","valueRequired":true,"valueName":"search_term_string"}}],"inLanguage":"es"},{"@type":"Organization","@id":"https:\/\/a-corros.fr\/#organization","name":"A-corros","url":"https:\/\/a-corros.fr\/","logo":{"@type":"ImageObject","inLanguage":"es","@id":"https:\/\/a-corros.fr\/#\/schema\/logo\/image\/","url":"https:\/\/a-corros.fr\/wp-content\/uploads\/2019\/04\/A-CORROS-.jpg","contentUrl":"https:\/\/a-corros.fr\/wp-content\/uploads\/2019\/04\/A-CORROS-.jpg","width":650,"height":129,"caption":"A-corros"},"image":{"@id":"https:\/\/a-corros.fr\/#\/schema\/logo\/image\/"}}]}},"_links":{"self":[{"href":"https:\/\/a-corros.fr\/es\/wp-json\/wp\/v2\/pages\/2866","targetHints":{"allow":["GET"]}}],"collection":[{"href":"https:\/\/a-corros.fr\/es\/wp-json\/wp\/v2\/pages"}],"about":[{"href":"https:\/\/a-corros.fr\/es\/wp-json\/wp\/v2\/types\/page"}],"author":[{"embeddable":true,"href":"https:\/\/a-corros.fr\/es\/wp-json\/wp\/v2\/users\/2"}],"replies":[{"embeddable":true,"href":"https:\/\/a-corros.fr\/es\/wp-json\/wp\/v2\/comments?post=2866"}],"version-history":[{"count":3,"href":"https:\/\/a-corros.fr\/es\/wp-json\/wp\/v2\/pages\/2866\/revisions"}],"predecessor-version":[{"id":4873,"href":"https:\/\/a-corros.fr\/es\/wp-json\/wp\/v2\/pages\/2866\/revisions\/4873"}],"wp:featuredmedia":[{"embeddable":true,"href":"https:\/\/a-corros.fr\/es\/wp-json\/wp\/v2\/media\/2190"}],"wp:attachment":[{"href":"https:\/\/a-corros.fr\/es\/wp-json\/wp\/v2\/media?parent=2866"}],"curies":[{"name":"wp","href":"https:\/\/api.w.org\/{rel}","templated":true}]}}