{"id":2881,"date":"2019-05-03T14:36:21","date_gmt":"2019-05-03T12:36:21","guid":{"rendered":"https:\/\/a-corros.fr\/?page_id=2881"},"modified":"2019-05-03T14:36:24","modified_gmt":"2019-05-03T12:36:24","slug":"nuestra-red-de-contactos","status":"publish","type":"page","link":"https:\/\/a-corros.fr\/es\/nuestra-red-de-contactos\/","title":{"rendered":"Nuestra red de contactos"},"content":{"rendered":"\n<p>En el marco de nuestras misiones, solemos intervenir dentro de equipos multidisciplinarios. Nuestras redes de contactos son variadas y reflejan la gran cantidad de actividades de A-CORROS.<\/p>\n\n\n\n<h2 class=\"wp-block-heading\">Patrimonio<\/h2>\n\n\n<p>\u00a0 <img loading=\"lazy\" decoding=\"async\" class=\"alignnone  wp-image-2417\" src=\"https:\/\/a-corros.fr\/wp-content\/uploads\/2019\/03\/cairn-logo-300x177.png\" alt=\"CAIRN\" width=\"174\" height=\"103\" srcset=\"https:\/\/a-corros.fr\/wp-content\/uploads\/2019\/03\/cairn-logo-300x177.png 300w, https:\/\/a-corros.fr\/wp-content\/uploads\/2019\/03\/cairn-logo-768x454.png 768w, https:\/\/a-corros.fr\/wp-content\/uploads\/2019\/03\/cairn-logo-1024x605.png 1024w, https:\/\/a-corros.fr\/wp-content\/uploads\/2019\/03\/cairn-logo.png 1301w\" sizes=\"auto, (max-width: 174px) 100vw, 174px\" \/> <a href=\"http:\/\/www.industries-culturelles-patrimoines.fr\/\"><img loading=\"lazy\" decoding=\"async\" class=\"alignnone  wp-image-2423\" src=\"https:\/\/a-corros.fr\/wp-content\/uploads\/2019\/03\/PCP-logo-300x113.png\" alt=\"Pole culture &amp; patrimoines\" width=\"210\" height=\"79\" srcset=\"https:\/\/a-corros.fr\/wp-content\/uploads\/2019\/03\/PCP-logo-300x113.png 300w, https:\/\/a-corros.fr\/wp-content\/uploads\/2019\/03\/PCP-logo-768x289.png 768w, https:\/\/a-corros.fr\/wp-content\/uploads\/2019\/03\/PCP-logo-1024x385.png 1024w, https:\/\/a-corros.fr\/wp-content\/uploads\/2019\/03\/PCP-logo.png 1028w\" sizes=\"auto, (max-width: 210px) 100vw, 210px\" \/><\/a><a href=\"https:\/\/www.ffcr.fr\/\"><img loading=\"lazy\" decoding=\"async\" class=\"alignnone  wp-image-2402\" src=\"https:\/\/a-corros.fr\/wp-content\/uploads\/2019\/03\/FFCR-logo-300x157.jpg\" alt=\"FFCR\" width=\"231\" height=\"121\" srcset=\"https:\/\/a-corros.fr\/wp-content\/uploads\/2019\/03\/FFCR-logo-300x157.jpg 300w, https:\/\/a-corros.fr\/wp-content\/uploads\/2019\/03\/FFCR-logo.jpg 332w\" sizes=\"auto, (max-width: 231px) 100vw, 231px\" \/><\/a> <a href=\"http:\/\/france.icomos.org\/\"><img loading=\"lazy\" decoding=\"async\" class=\"alignnone  wp-image-2405\" src=\"https:\/\/a-corros.fr\/wp-content\/uploads\/2019\/03\/icomos-france-logo.jpg\" alt=\"Icomos France\" width=\"162\" height=\"108\" \/><\/a><\/p>\n<p>\u00a0<\/p>\n\n\n<h2 class=\"wp-block-heading\">Industria<\/h2>\n\n\n<p><a href=\"https:\/\/www.polemermediterranee.com\/\"><img loading=\"lazy\" decoding=\"async\" class=\"alignnone  wp-image-2414\" src=\"https:\/\/a-corros.fr\/wp-content\/uploads\/2019\/03\/pole-mer-mediterrane\u0301e-logo-300x214.jpg\" alt=\"P\u00f4le mer M\u00e9diterran\u00e9e\" width=\"175\" height=\"125\" srcset=\"https:\/\/a-corros.fr\/wp-content\/uploads\/2019\/03\/pole-mer-mediterrane\u0301e-logo-300x214.jpg 300w, https:\/\/a-corros.fr\/wp-content\/uploads\/2019\/03\/pole-mer-mediterrane\u0301e-logo.jpg 425w\" sizes=\"auto, (max-width: 175px) 100vw, 175px\" \/><\/a> <a href=\"https:\/\/www.cefracor.org\/\"><img loading=\"lazy\" decoding=\"async\" class=\"alignnone  wp-image-2420\" src=\"https:\/\/a-corros.fr\/wp-content\/uploads\/2019\/03\/cefracor-logo.png\" alt=\"CEFRACOR\" width=\"229\" height=\"133\" \/><\/a><\/p>\n<p>\u00a0<\/p>\n\n\n<h2 class=\"wp-block-heading\">Nuestros colaboradores\nregulares<\/h2>\n\n\n<p><a href=\"http:\/\/www.culture.gouv.fr\/Thematiques\/Archeologie\/Archeologie-sous-les-eaux\"><img loading=\"lazy\" decoding=\"async\" class=\"alignnone wp-image-2399\" src=\"https:\/\/a-corros.fr\/wp-content\/uploads\/2019\/03\/drassm-logo-300x73.jpg\" alt=\"Drassm\" width=\"263\" height=\"64\" srcset=\"https:\/\/a-corros.fr\/wp-content\/uploads\/2019\/03\/drassm-logo-300x73.jpg 300w, https:\/\/a-corros.fr\/wp-content\/uploads\/2019\/03\/drassm-logo.jpg 640w\" sizes=\"auto, (max-width: 263px) 100vw, 263px\" \/><\/a> <a href=\"https:\/\/lerm.fr\/\"><img loading=\"lazy\" decoding=\"async\" class=\"alignnone wp-image-2411\" src=\"https:\/\/a-corros.fr\/wp-content\/uploads\/2019\/03\/lerm-logo-300x163.jpg\" alt=\"LERM\" width=\"224\" height=\"121\" srcset=\"https:\/\/a-corros.fr\/wp-content\/uploads\/2019\/03\/lerm-logo-300x163.jpg 300w, https:\/\/a-corros.fr\/wp-content\/uploads\/2019\/03\/lerm-logo-768x416.jpg 768w, https:\/\/a-corros.fr\/wp-content\/uploads\/2019\/03\/lerm-logo.jpg 862w\" sizes=\"auto, (max-width: 224px) 100vw, 224px\" \/><\/a> <a href=\"https:\/\/www.inrap.fr\/\"><img loading=\"lazy\" decoding=\"async\" class=\"alignnone wp-image-2408\" src=\"https:\/\/a-corros.fr\/wp-content\/uploads\/2019\/03\/inrap-logo-300x169.jpg\" alt=\"INRAP\" width=\"227\" height=\"128\" srcset=\"https:\/\/a-corros.fr\/wp-content\/uploads\/2019\/03\/inrap-logo-300x169.jpg 300w, https:\/\/a-corros.fr\/wp-content\/uploads\/2019\/03\/inrap-logo-768x432.jpg 768w, https:\/\/a-corros.fr\/wp-content\/uploads\/2019\/03\/inrap-logo-1024x576.jpg 1024w, https:\/\/a-corros.fr\/wp-content\/uploads\/2019\/03\/inrap-logo.jpg 1366w\" sizes=\"auto, (max-width: 227px) 100vw, 227px\" \/><\/a><\/p>","protected":false},"excerpt":{"rendered":"<p>En el marco de nuestras misiones, solemos intervenir dentro de equipos multidisciplinarios. Nuestras redes de contactos son variadas y reflejan la gran cantidad de actividades de A-CORROS. Patrimonio \u00a0 \u00a0 Industria \u00a0 Nuestros colaboradores regulares<\/p>\n","protected":false},"author":2,"featured_media":2046,"parent":0,"menu_order":0,"comment_status":"closed","ping_status":"closed","template":"","meta":{"_acf_changed":false,"footnotes":""},"class_list":["post-2881","page","type-page","status-publish","has-post-thumbnail","hentry"],"acf":[],"yoast_head":"<!-- This site is optimized with the Yoast SEO plugin v25.2 - https:\/\/yoast.com\/wordpress\/plugins\/seo\/ -->\n<title>Nuestra red de contactos - A-Corros : diagnostic et expertise en corrosion et conservation des patrimoines<\/title>\n<meta name=\"robots\" content=\"index, follow, max-snippet:-1, max-image-preview:large, max-video-preview:-1\" \/>\n<link rel=\"canonical\" href=\"https:\/\/a-corros.fr\/es\/nuestra-red-de-contactos\/\" \/>\n<meta property=\"og:locale\" content=\"es_ES\" \/>\n<meta property=\"og:type\" content=\"article\" \/>\n<meta property=\"og:title\" content=\"Nuestra red de contactos - A-Corros : diagnostic et expertise en corrosion et conservation des patrimoines\" \/>\n<meta property=\"og:description\" content=\"En el marco de nuestras misiones, solemos intervenir dentro de equipos multidisciplinarios. Nuestras redes de contactos son variadas y reflejan la gran cantidad de actividades de A-CORROS. Patrimonio \u00a0 \u00a0 Industria \u00a0 Nuestros colaboradores regulares\" \/>\n<meta property=\"og:url\" content=\"https:\/\/a-corros.fr\/es\/nuestra-red-de-contactos\/\" \/>\n<meta property=\"og:site_name\" content=\"A-Corros : diagnostic et expertise en corrosion et conservation des patrimoines\" \/>\n<meta property=\"article:modified_time\" content=\"2019-05-03T12:36:24+00:00\" \/>\n<meta property=\"og:image\" content=\"https:\/\/a-corros.fr\/wp-content\/uploads\/2018\/07\/a-corros-img4-16.jpg\" \/>\n\t<meta property=\"og:image:width\" content=\"1920\" \/>\n\t<meta property=\"og:image:height\" content=\"1440\" \/>\n\t<meta property=\"og:image:type\" content=\"image\/jpeg\" \/>\n<meta name=\"twitter:card\" content=\"summary_large_image\" \/>\n<script type=\"application\/ld+json\" class=\"yoast-schema-graph\">{\"@context\":\"https:\/\/schema.org\",\"@graph\":[{\"@type\":\"WebPage\",\"@id\":\"https:\/\/a-corros.fr\/es\/nuestra-red-de-contactos\/\",\"url\":\"https:\/\/a-corros.fr\/es\/nuestra-red-de-contactos\/\",\"name\":\"Nuestra red de contactos - A-Corros : diagnostic et expertise en corrosion et conservation des patrimoines\",\"isPartOf\":{\"@id\":\"https:\/\/a-corros.fr\/#website\"},\"primaryImageOfPage\":{\"@id\":\"https:\/\/a-corros.fr\/es\/nuestra-red-de-contactos\/#primaryimage\"},\"image\":{\"@id\":\"https:\/\/a-corros.fr\/es\/nuestra-red-de-contactos\/#primaryimage\"},\"thumbnailUrl\":\"https:\/\/a-corros.fr\/wp-content\/uploads\/2018\/07\/a-corros-img4-16.jpg\",\"datePublished\":\"2019-05-03T12:36:21+00:00\",\"dateModified\":\"2019-05-03T12:36:24+00:00\",\"breadcrumb\":{\"@id\":\"https:\/\/a-corros.fr\/es\/nuestra-red-de-contactos\/#breadcrumb\"},\"inLanguage\":\"es\",\"potentialAction\":[{\"@type\":\"ReadAction\",\"target\":[\"https:\/\/a-corros.fr\/es\/nuestra-red-de-contactos\/\"]}]},{\"@type\":\"ImageObject\",\"inLanguage\":\"es\",\"@id\":\"https:\/\/a-corros.fr\/es\/nuestra-red-de-contactos\/#primaryimage\",\"url\":\"https:\/\/a-corros.fr\/wp-content\/uploads\/2018\/07\/a-corros-img4-16.jpg\",\"contentUrl\":\"https:\/\/a-corros.fr\/wp-content\/uploads\/2018\/07\/a-corros-img4-16.jpg\",\"width\":1920,\"height\":1440},{\"@type\":\"BreadcrumbList\",\"@id\":\"https:\/\/a-corros.fr\/es\/nuestra-red-de-contactos\/#breadcrumb\",\"itemListElement\":[{\"@type\":\"ListItem\",\"position\":1,\"name\":\"P\u00e1gina inicial\",\"item\":\"https:\/\/a-corros.fr\/es\/\"},{\"@type\":\"ListItem\",\"position\":2,\"name\":\"Nuestra red de contactos\"}]},{\"@type\":\"WebSite\",\"@id\":\"https:\/\/a-corros.fr\/#website\",\"url\":\"https:\/\/a-corros.fr\/\",\"name\":\"A-Corros : diagnostic et expertise en corrosion et conservation des patrimoines\",\"description\":\"Diagnostic et expertise en corrosion et conservation des patrimoines\",\"publisher\":{\"@id\":\"https:\/\/a-corros.fr\/#organization\"},\"potentialAction\":[{\"@type\":\"SearchAction\",\"target\":{\"@type\":\"EntryPoint\",\"urlTemplate\":\"https:\/\/a-corros.fr\/?s={search_term_string}\"},\"query-input\":{\"@type\":\"PropertyValueSpecification\",\"valueRequired\":true,\"valueName\":\"search_term_string\"}}],\"inLanguage\":\"es\"},{\"@type\":\"Organization\",\"@id\":\"https:\/\/a-corros.fr\/#organization\",\"name\":\"A-corros\",\"url\":\"https:\/\/a-corros.fr\/\",\"logo\":{\"@type\":\"ImageObject\",\"inLanguage\":\"es\",\"@id\":\"https:\/\/a-corros.fr\/#\/schema\/logo\/image\/\",\"url\":\"https:\/\/a-corros.fr\/wp-content\/uploads\/2019\/04\/A-CORROS-.jpg\",\"contentUrl\":\"https:\/\/a-corros.fr\/wp-content\/uploads\/2019\/04\/A-CORROS-.jpg\",\"width\":650,\"height\":129,\"caption\":\"A-corros\"},\"image\":{\"@id\":\"https:\/\/a-corros.fr\/#\/schema\/logo\/image\/\"}}]}<\/script>\n<!-- \/ Yoast SEO plugin. -->","yoast_head_json":{"title":"Nuestra red de contactos - A-Corros : diagnostic et expertise en corrosion et conservation des patrimoines","robots":{"index":"index","follow":"follow","max-snippet":"max-snippet:-1","max-image-preview":"max-image-preview:large","max-video-preview":"max-video-preview:-1"},"canonical":"https:\/\/a-corros.fr\/es\/nuestra-red-de-contactos\/","og_locale":"es_ES","og_type":"article","og_title":"Nuestra red de contactos - A-Corros : diagnostic et expertise en corrosion et conservation des patrimoines","og_description":"En el marco de nuestras misiones, solemos intervenir dentro de equipos multidisciplinarios. Nuestras redes de contactos son variadas y reflejan la gran cantidad de actividades de A-CORROS. Patrimonio \u00a0 \u00a0 Industria \u00a0 Nuestros colaboradores regulares","og_url":"https:\/\/a-corros.fr\/es\/nuestra-red-de-contactos\/","og_site_name":"A-Corros : diagnostic et expertise en corrosion et conservation des patrimoines","article_modified_time":"2019-05-03T12:36:24+00:00","og_image":[{"width":1920,"height":1440,"url":"https:\/\/a-corros.fr\/wp-content\/uploads\/2018\/07\/a-corros-img4-16.jpg","type":"image\/jpeg"}],"twitter_card":"summary_large_image","schema":{"@context":"https:\/\/schema.org","@graph":[{"@type":"WebPage","@id":"https:\/\/a-corros.fr\/es\/nuestra-red-de-contactos\/","url":"https:\/\/a-corros.fr\/es\/nuestra-red-de-contactos\/","name":"Nuestra red de contactos - A-Corros : diagnostic et expertise en corrosion et conservation des patrimoines","isPartOf":{"@id":"https:\/\/a-corros.fr\/#website"},"primaryImageOfPage":{"@id":"https:\/\/a-corros.fr\/es\/nuestra-red-de-contactos\/#primaryimage"},"image":{"@id":"https:\/\/a-corros.fr\/es\/nuestra-red-de-contactos\/#primaryimage"},"thumbnailUrl":"https:\/\/a-corros.fr\/wp-content\/uploads\/2018\/07\/a-corros-img4-16.jpg","datePublished":"2019-05-03T12:36:21+00:00","dateModified":"2019-05-03T12:36:24+00:00","breadcrumb":{"@id":"https:\/\/a-corros.fr\/es\/nuestra-red-de-contactos\/#breadcrumb"},"inLanguage":"es","potentialAction":[{"@type":"ReadAction","target":["https:\/\/a-corros.fr\/es\/nuestra-red-de-contactos\/"]}]},{"@type":"ImageObject","inLanguage":"es","@id":"https:\/\/a-corros.fr\/es\/nuestra-red-de-contactos\/#primaryimage","url":"https:\/\/a-corros.fr\/wp-content\/uploads\/2018\/07\/a-corros-img4-16.jpg","contentUrl":"https:\/\/a-corros.fr\/wp-content\/uploads\/2018\/07\/a-corros-img4-16.jpg","width":1920,"height":1440},{"@type":"BreadcrumbList","@id":"https:\/\/a-corros.fr\/es\/nuestra-red-de-contactos\/#breadcrumb","itemListElement":[{"@type":"ListItem","position":1,"name":"P\u00e1gina inicial","item":"https:\/\/a-corros.fr\/es\/"},{"@type":"ListItem","position":2,"name":"Nuestra red de contactos"}]},{"@type":"WebSite","@id":"https:\/\/a-corros.fr\/#website","url":"https:\/\/a-corros.fr\/","name":"A-Corros : diagnostic et expertise en corrosion et conservation des patrimoines","description":"Diagnostic et expertise en corrosion et conservation des patrimoines","publisher":{"@id":"https:\/\/a-corros.fr\/#organization"},"potentialAction":[{"@type":"SearchAction","target":{"@type":"EntryPoint","urlTemplate":"https:\/\/a-corros.fr\/?s={search_term_string}"},"query-input":{"@type":"PropertyValueSpecification","valueRequired":true,"valueName":"search_term_string"}}],"inLanguage":"es"},{"@type":"Organization","@id":"https:\/\/a-corros.fr\/#organization","name":"A-corros","url":"https:\/\/a-corros.fr\/","logo":{"@type":"ImageObject","inLanguage":"es","@id":"https:\/\/a-corros.fr\/#\/schema\/logo\/image\/","url":"https:\/\/a-corros.fr\/wp-content\/uploads\/2019\/04\/A-CORROS-.jpg","contentUrl":"https:\/\/a-corros.fr\/wp-content\/uploads\/2019\/04\/A-CORROS-.jpg","width":650,"height":129,"caption":"A-corros"},"image":{"@id":"https:\/\/a-corros.fr\/#\/schema\/logo\/image\/"}}]}},"_links":{"self":[{"href":"https:\/\/a-corros.fr\/es\/wp-json\/wp\/v2\/pages\/2881","targetHints":{"allow":["GET"]}}],"collection":[{"href":"https:\/\/a-corros.fr\/es\/wp-json\/wp\/v2\/pages"}],"about":[{"href":"https:\/\/a-corros.fr\/es\/wp-json\/wp\/v2\/types\/page"}],"author":[{"embeddable":true,"href":"https:\/\/a-corros.fr\/es\/wp-json\/wp\/v2\/users\/2"}],"replies":[{"embeddable":true,"href":"https:\/\/a-corros.fr\/es\/wp-json\/wp\/v2\/comments?post=2881"}],"version-history":[{"count":1,"href":"https:\/\/a-corros.fr\/es\/wp-json\/wp\/v2\/pages\/2881\/revisions"}],"predecessor-version":[{"id":2885,"href":"https:\/\/a-corros.fr\/es\/wp-json\/wp\/v2\/pages\/2881\/revisions\/2885"}],"wp:featuredmedia":[{"embeddable":true,"href":"https:\/\/a-corros.fr\/es\/wp-json\/wp\/v2\/media\/2046"}],"wp:attachment":[{"href":"https:\/\/a-corros.fr\/es\/wp-json\/wp\/v2\/media?parent=2881"}],"curies":[{"name":"wp","href":"https:\/\/api.w.org\/{rel}","templated":true}]}}