{"id":3600,"date":"2019-05-31T16:19:07","date_gmt":"2019-05-31T14:19:07","guid":{"rendered":"https:\/\/a-corros.fr\/?page_id=3600"},"modified":"2019-06-06T16:13:01","modified_gmt":"2019-06-06T14:13:01","slug":"a-corros-votre-expert-en-diagnostic-corrosion-et-en-conservation-des-patrimoines","status":"publish","type":"page","link":"https:\/\/a-corros.fr\/es\/a-corros-votre-expert-en-diagnostic-corrosion-et-en-conservation-des-patrimoines\/","title":{"rendered":"A-Corros, expertos en corrosi\u00f3n"},"content":{"rendered":"\n<p>Creada en 2007, A-CORROS es una empresa \u00fanica en el campo del peritaje de la corrosi\u00f3n. <strong>A trav\u00e9s de los dos polos de su actividad, Industria y Patrimonio,<\/strong> se encarga de los problemas de corrosi\u00f3n tanto de los objetos arqueol\u00f3gicos, en los que estabiliza las corrosiones activas en las colecciones museogr\u00e1ficas, como de las obras de ingenier\u00eda contempor\u00e1nea, en las que efect\u00faa peritajes de la corrosi\u00f3n y propone actuaciones contra ella.<\/p>\n\n\n\n<p>La comprensi\u00f3n adquirida por la empresa de las maneras de degradarse de los objetos arqueol\u00f3gicos manufacturados hace 2.000 a\u00f1os ofrece <strong>claves a la hora de abordar los mecanismos de corrosi\u00f3n<\/strong> de las realizaciones m\u00e1s \u00ab&nbsp;j\u00f3venes&nbsp;\u00bb.<\/p>\n\n\n\n<p>La pluridisciplinariedad de sus expertos \u2013desde los\nespecialistas en la protecci\u00f3n contra la corrosi\u00f3n mediante corrientes o\nsistemas de pintura hasta los entendidos en materiales, pasando por los\nconservadores-retauradores del patrimonio\u2013 le permite proponer unas\ncompetencias \u00fanicas en el \u00e1mbito de la corrosi\u00f3n.<\/p>\n\n\n\n<h4 class=\"wp-block-heading\"><strong>Documento &#8211; Diagnosticar &#8211; Medir &#8211; Observar &#8211; Analizar &#8211; Sintetizar &#8211; Aconsejar &#8211; Asistir<\/strong><\/h4>\n\n\n\n<p>Desde su creaci\u00f3n, A-CORROS ha buscado financiar su\npropia investigaci\u00f3n sobre cuestiones precisas vinculadas a la corrosi\u00f3n.\nNuestra colaboraci\u00f3n con universidades o laboratorios de investigaci\u00f3n, tanto\nen Francia como en el extranjero (Clemson University en los EE.UU., o el LAPA,\ndel laboratorio CNRS-CEA de Saclay), nos lleva a emprender proyectos de\ninvestigaci\u00f3n aplicados a las cuestiones de corrosi\u00f3n y de protecci\u00f3n contra la\ncorrosi\u00f3n en diferentes \u00e1mbitos de actividad.<\/p>\n\n\n\n<p>La fuerza de A-CORROS reside en sus equipos competentes, motivados y pluridisciplinarios, lo que nos permite ser reactivos y formular respuestas claras y soluciones adaptadas a cada uno de las muchos problemas relacionados con la corrosi\u00f3n de los metales arqueol\u00f3gicos, hist\u00f3ricos o contempor\u00e1neos.<\/p>\n","protected":false},"excerpt":{"rendered":"<p>Creada en 2007, A-CORROS es una empresa \u00fanica en el campo del peritaje de la corrosi\u00f3n. A trav\u00e9s de los dos polos de su actividad, Industria y Patrimonio, se encarga de los problemas de corrosi\u00f3n tanto de los objetos arqueol\u00f3gicos, en los que estabiliza las corrosiones activas en las colecciones museogr\u00e1ficas, como de las obras&hellip;<\/p>\n","protected":false},"author":1,"featured_media":0,"parent":0,"menu_order":0,"comment_status":"closed","ping_status":"closed","template":"","meta":{"_acf_changed":false,"footnotes":""},"class_list":["post-3600","page","type-page","status-publish","hentry"],"acf":[],"yoast_head":"<!-- This site is optimized with the Yoast SEO plugin v25.2 - https:\/\/yoast.com\/wordpress\/plugins\/seo\/ -->\n<title>A-Corros, expertos en corrosi\u00f3n - A-Corros : diagnostic et expertise en corrosion et conservation des patrimoines<\/title>\n<meta name=\"robots\" content=\"noindex, nofollow\" \/>\n<meta property=\"og:locale\" content=\"es_ES\" \/>\n<meta property=\"og:type\" content=\"article\" \/>\n<meta property=\"og:title\" content=\"A-Corros, expertos en corrosi\u00f3n - A-Corros : diagnostic et expertise en corrosion et conservation des patrimoines\" \/>\n<meta property=\"og:description\" content=\"Creada en 2007, A-CORROS es una empresa \u00fanica en el campo del peritaje de la corrosi\u00f3n. A trav\u00e9s de los dos polos de su actividad, Industria y Patrimonio, se encarga de los problemas de corrosi\u00f3n tanto de los objetos arqueol\u00f3gicos, en los que estabiliza las corrosiones activas en las colecciones museogr\u00e1ficas, como de las obras&hellip;\" \/>\n<meta property=\"og:url\" content=\"https:\/\/a-corros.fr\/es\/a-corros-votre-expert-en-diagnostic-corrosion-et-en-conservation-des-patrimoines\/\" \/>\n<meta property=\"og:site_name\" content=\"A-Corros : diagnostic et expertise en corrosion et conservation des patrimoines\" \/>\n<meta property=\"article:modified_time\" content=\"2019-06-06T14:13:01+00:00\" \/>\n<meta name=\"twitter:card\" content=\"summary_large_image\" \/>\n<meta name=\"twitter:label1\" content=\"Tiempo de lectura\" \/>\n\t<meta name=\"twitter:data1\" content=\"2 minutos\" \/>\n<script type=\"application\/ld+json\" class=\"yoast-schema-graph\">{\"@context\":\"https:\/\/schema.org\",\"@graph\":[{\"@type\":\"WebPage\",\"@id\":\"https:\/\/a-corros.fr\/es\/a-corros-votre-expert-en-diagnostic-corrosion-et-en-conservation-des-patrimoines\/\",\"url\":\"https:\/\/a-corros.fr\/es\/a-corros-votre-expert-en-diagnostic-corrosion-et-en-conservation-des-patrimoines\/\",\"name\":\"A-Corros, expertos en corrosi\u00f3n - A-Corros : diagnostic et expertise en corrosion et conservation des patrimoines\",\"isPartOf\":{\"@id\":\"https:\/\/a-corros.fr\/#website\"},\"datePublished\":\"2019-05-31T14:19:07+00:00\",\"dateModified\":\"2019-06-06T14:13:01+00:00\",\"breadcrumb\":{\"@id\":\"https:\/\/a-corros.fr\/es\/a-corros-votre-expert-en-diagnostic-corrosion-et-en-conservation-des-patrimoines\/#breadcrumb\"},\"inLanguage\":\"es\",\"potentialAction\":[{\"@type\":\"ReadAction\",\"target\":[\"https:\/\/a-corros.fr\/es\/a-corros-votre-expert-en-diagnostic-corrosion-et-en-conservation-des-patrimoines\/\"]}]},{\"@type\":\"BreadcrumbList\",\"@id\":\"https:\/\/a-corros.fr\/es\/a-corros-votre-expert-en-diagnostic-corrosion-et-en-conservation-des-patrimoines\/#breadcrumb\",\"itemListElement\":[{\"@type\":\"ListItem\",\"position\":1,\"name\":\"P\u00e1gina inicial\",\"item\":\"https:\/\/a-corros.fr\/es\/\"},{\"@type\":\"ListItem\",\"position\":2,\"name\":\"A-Corros, expertos en corrosi\u00f3n\"}]},{\"@type\":\"WebSite\",\"@id\":\"https:\/\/a-corros.fr\/#website\",\"url\":\"https:\/\/a-corros.fr\/\",\"name\":\"A-Corros : diagnostic et expertise en corrosion et conservation des patrimoines\",\"description\":\"Diagnostic et expertise en corrosion et conservation des patrimoines\",\"publisher\":{\"@id\":\"https:\/\/a-corros.fr\/#organization\"},\"potentialAction\":[{\"@type\":\"SearchAction\",\"target\":{\"@type\":\"EntryPoint\",\"urlTemplate\":\"https:\/\/a-corros.fr\/?s={search_term_string}\"},\"query-input\":{\"@type\":\"PropertyValueSpecification\",\"valueRequired\":true,\"valueName\":\"search_term_string\"}}],\"inLanguage\":\"es\"},{\"@type\":\"Organization\",\"@id\":\"https:\/\/a-corros.fr\/#organization\",\"name\":\"A-corros\",\"url\":\"https:\/\/a-corros.fr\/\",\"logo\":{\"@type\":\"ImageObject\",\"inLanguage\":\"es\",\"@id\":\"https:\/\/a-corros.fr\/#\/schema\/logo\/image\/\",\"url\":\"https:\/\/a-corros.fr\/wp-content\/uploads\/2019\/04\/A-CORROS-.jpg\",\"contentUrl\":\"https:\/\/a-corros.fr\/wp-content\/uploads\/2019\/04\/A-CORROS-.jpg\",\"width\":650,\"height\":129,\"caption\":\"A-corros\"},\"image\":{\"@id\":\"https:\/\/a-corros.fr\/#\/schema\/logo\/image\/\"}}]}<\/script>\n<!-- \/ Yoast SEO plugin. -->","yoast_head_json":{"title":"A-Corros, expertos en corrosi\u00f3n - A-Corros : diagnostic et expertise en corrosion et conservation des patrimoines","robots":{"index":"noindex","follow":"nofollow"},"og_locale":"es_ES","og_type":"article","og_title":"A-Corros, expertos en corrosi\u00f3n - A-Corros : diagnostic et expertise en corrosion et conservation des patrimoines","og_description":"Creada en 2007, A-CORROS es una empresa \u00fanica en el campo del peritaje de la corrosi\u00f3n. A trav\u00e9s de los dos polos de su actividad, Industria y Patrimonio, se encarga de los problemas de corrosi\u00f3n tanto de los objetos arqueol\u00f3gicos, en los que estabiliza las corrosiones activas en las colecciones museogr\u00e1ficas, como de las obras&hellip;","og_url":"https:\/\/a-corros.fr\/es\/a-corros-votre-expert-en-diagnostic-corrosion-et-en-conservation-des-patrimoines\/","og_site_name":"A-Corros : diagnostic et expertise en corrosion et conservation des patrimoines","article_modified_time":"2019-06-06T14:13:01+00:00","twitter_card":"summary_large_image","twitter_misc":{"Tiempo de lectura":"2 minutos"},"schema":{"@context":"https:\/\/schema.org","@graph":[{"@type":"WebPage","@id":"https:\/\/a-corros.fr\/es\/a-corros-votre-expert-en-diagnostic-corrosion-et-en-conservation-des-patrimoines\/","url":"https:\/\/a-corros.fr\/es\/a-corros-votre-expert-en-diagnostic-corrosion-et-en-conservation-des-patrimoines\/","name":"A-Corros, expertos en corrosi\u00f3n - A-Corros : diagnostic et expertise en corrosion et conservation des patrimoines","isPartOf":{"@id":"https:\/\/a-corros.fr\/#website"},"datePublished":"2019-05-31T14:19:07+00:00","dateModified":"2019-06-06T14:13:01+00:00","breadcrumb":{"@id":"https:\/\/a-corros.fr\/es\/a-corros-votre-expert-en-diagnostic-corrosion-et-en-conservation-des-patrimoines\/#breadcrumb"},"inLanguage":"es","potentialAction":[{"@type":"ReadAction","target":["https:\/\/a-corros.fr\/es\/a-corros-votre-expert-en-diagnostic-corrosion-et-en-conservation-des-patrimoines\/"]}]},{"@type":"BreadcrumbList","@id":"https:\/\/a-corros.fr\/es\/a-corros-votre-expert-en-diagnostic-corrosion-et-en-conservation-des-patrimoines\/#breadcrumb","itemListElement":[{"@type":"ListItem","position":1,"name":"P\u00e1gina inicial","item":"https:\/\/a-corros.fr\/es\/"},{"@type":"ListItem","position":2,"name":"A-Corros, expertos en corrosi\u00f3n"}]},{"@type":"WebSite","@id":"https:\/\/a-corros.fr\/#website","url":"https:\/\/a-corros.fr\/","name":"A-Corros : diagnostic et expertise en corrosion et conservation des patrimoines","description":"Diagnostic et expertise en corrosion et conservation des patrimoines","publisher":{"@id":"https:\/\/a-corros.fr\/#organization"},"potentialAction":[{"@type":"SearchAction","target":{"@type":"EntryPoint","urlTemplate":"https:\/\/a-corros.fr\/?s={search_term_string}"},"query-input":{"@type":"PropertyValueSpecification","valueRequired":true,"valueName":"search_term_string"}}],"inLanguage":"es"},{"@type":"Organization","@id":"https:\/\/a-corros.fr\/#organization","name":"A-corros","url":"https:\/\/a-corros.fr\/","logo":{"@type":"ImageObject","inLanguage":"es","@id":"https:\/\/a-corros.fr\/#\/schema\/logo\/image\/","url":"https:\/\/a-corros.fr\/wp-content\/uploads\/2019\/04\/A-CORROS-.jpg","contentUrl":"https:\/\/a-corros.fr\/wp-content\/uploads\/2019\/04\/A-CORROS-.jpg","width":650,"height":129,"caption":"A-corros"},"image":{"@id":"https:\/\/a-corros.fr\/#\/schema\/logo\/image\/"}}]}},"_links":{"self":[{"href":"https:\/\/a-corros.fr\/es\/wp-json\/wp\/v2\/pages\/3600","targetHints":{"allow":["GET"]}}],"collection":[{"href":"https:\/\/a-corros.fr\/es\/wp-json\/wp\/v2\/pages"}],"about":[{"href":"https:\/\/a-corros.fr\/es\/wp-json\/wp\/v2\/types\/page"}],"author":[{"embeddable":true,"href":"https:\/\/a-corros.fr\/es\/wp-json\/wp\/v2\/users\/1"}],"replies":[{"embeddable":true,"href":"https:\/\/a-corros.fr\/es\/wp-json\/wp\/v2\/comments?post=3600"}],"version-history":[{"count":3,"href":"https:\/\/a-corros.fr\/es\/wp-json\/wp\/v2\/pages\/3600\/revisions"}],"predecessor-version":[{"id":3717,"href":"https:\/\/a-corros.fr\/es\/wp-json\/wp\/v2\/pages\/3600\/revisions\/3717"}],"wp:attachment":[{"href":"https:\/\/a-corros.fr\/es\/wp-json\/wp\/v2\/media?parent=3600"}],"curies":[{"name":"wp","href":"https:\/\/api.w.org\/{rel}","templated":true}]}}